{"id":10,"date":"2012-08-21T19:29:23","date_gmt":"2012-08-21T19:29:23","guid":{"rendered":"http:\/\/bwthemes.com\/themes\/wellnessxml\/?page_id=10"},"modified":"2024-01-31T10:16:10","modified_gmt":"2024-01-31T09:16:10","slug":"home","status":"publish","type":"page","link":"http:\/\/seerose-obertraun.com\/hu\/","title":{"rendered":"C\u00edmlap"},"content":{"rendered":"<p><div class=\"two_third\">\n<p style=\"font-weight: 400;\">M\u00e1jus k\u00f6zep\u00e9ig a szoba\u00e1r tartalmazza a vend\u00e9gtranszfert, mint bevezet\u0151 gr\u00e1tisz szolg\u00e1ltat\u00e1s.<\/p>\n<p><strong>Kikapcsol\u00f3d\u00e1sra v\u00e1gyik, vagy csak egy kis pihen\u00e9sre? A csod\u00e1s ausztriai Salzkammergut r\u00e9gi\u00f3ban tal\u00e1lhat\u00f3 Obertraun-ban ker\u00fclt kialak\u00edt\u00e1sra a Hotel Seerose Apartmanh\u00e1z, amelyben k\u00fcl\u00f6nf\u00e9le szob\u00e1k \u00e9s apartmanok v\u00e1rj\u00e1k az idel\u00e1togat\u00f3kat. Az apartmanh\u00e1z a Daschstein-t\u0151l 4 km-re, a Hallstat-i t\u00f3 partj\u00e1t\u00f3l pedig egy percnyi s\u00e9t\u00e1ra tal\u00e1lhat\u00f3.<\/strong><\/p>\n<p>Az apartmanh\u00e1z az elhelyezked\u00e9s\u00e9b\u0151l ad\u00f3d\u00f3an egyar\u00e1nt alkalmas ny\u00e1ri vagy t\u00e9li vak\u00e1ci\u00f3 elt\u00f6lt\u00e9s\u00e9re, ak\u00e1r \u00f6n\u00e1ll\u00f3an, ak\u00e1r t\u00f6bbedmagaddal k\u00edv\u00e1nod ig\u00e9nybe venni a szolg\u00e1ltat\u00e1sainkat.<\/p>\n<p><a href=\"http:\/\/seerose-obertraun.com\/wp-content\/uploads\/2012\/08\/800_apartman-hotel-obertraun-27.jpg\" rel=\"fancyimg\"><img decoding=\"async\" loading=\"lazy\" class=\"alignleft wp-image-1077\" style=\"border: 1px solid black; margin-top: 5px; margin-bottom: 5px;\" src=\"http:\/\/seerose-obertraun.com\/wp-content\/uploads\/2012\/08\/800_apartman-hotel-obertraun-27-300x199.jpg\" alt=\"Hotel Seerose Apartment Obertraun (Hallstatt) Austria\" width=\"300\" height=\"199\" srcset=\"http:\/\/seerose-obertraun.com\/wp-content\/uploads\/2012\/08\/800_apartman-hotel-obertraun-27-300x199.jpg 300w, http:\/\/seerose-obertraun.com\/wp-content\/uploads\/2012\/08\/800_apartman-hotel-obertraun-27.jpg 800w\" sizes=\"(max-width: 300px) 100vw, 300px\" \/><\/a>Sokoldal\u00fa szabadid\u0151s tev\u00e9kenys\u00e9geket k\u00edn\u00e1lunk, mint pl.: \u00fasz\u00e1s, horg\u00e1szat, vitorl\u00e1z\u00e1s, kenuz\u00e1s, b\u00fav\u00e1rkod\u00e1s, hegyi ker\u00e9kp\u00e1ros t\u00far\u00e1k, sikl\u00f3erny\u0151z\u00e9s, vad v\u00edzi evez\u00e9s, barlang\u00e1szat, hegym\u00e1sz\u00e1s, \u00e9s nem utols\u00f3sorban s\u00edel\u00e9s, illetve snowboard.<\/p>\n<p>A v\u00e1ros \u00e9s a k\u00f6rny\u00e9k sok l\u00e1tnival\u00f3t tartogat mag\u00e1ban, mint p\u00e9ld\u00e1ul a Vil\u00e1g\u00f6r\u00f6ks\u00e9gi ter\u00fclett\u00e9 nyilv\u00e1n\u00edtott 4500 \u00e9ves Hallstadt-i s\u00f3b\u00e1ny\u00e1k, vagy a Dashstein barlangok (j\u00e9gbarlang, mamutbarlang, Koppenbrulleholde), hogy csak p\u00e1rat eml\u00edts\u00fcnk. Fergeteges \u00e9lm\u00e9nyt ny\u00fajthat, amint az 5 ujjas kil\u00e1t\u00f3r\u00f3l tekintesz le, vagy pedig kellemes felszabadul\u00e1st, amint s\u00e9t\u00e1val megtekinted a Heilbronner Kreuz-t.<br \/>\nKil\u00e1t\u00f3k, leny\u0171g\u00f6z\u0151 barlangok, tan\u00f6sv\u00e9nyek sokas\u00e1ga, v\u00e9gtelen sportol\u00e1si lehet\u0151s\u00e9g \u2013 \u00dcdv\u00f6zl\u00fcnk Dachstein-ben!<\/p>\n<p>A v\u00e1ros \u00e9s a term\u00e9szet k\u00f6zels\u00e9ge igaz\u00e1n felemel\u0151, \u00f6r\u00f6mteli pillanatokkal gazdagodhatunk az itt elt\u00f6lt\u00f6tt napok alatt.<\/p>\n<p>Tekintsd meg honlapunkat a helyi nevezetess\u00e9gekr\u0151l, a szabadid\u0151s programokr\u00f3l, illetve sz\u00e1ll\u00e1slehet\u0151s\u00e9gekr\u0151l!<\/p>\n<div id=\"kgvid_kgvid_1_wrapper\" class=\"kgvid_wrapper\">\n\t\t\t<div id=\"video_kgvid_1_div\" class=\"fitvidsignore kgvid_videodiv\" data-id=\"kgvid_1\" data-kgvid_video_vars=\"{&quot;id&quot;:&quot;kgvid_1&quot;,&quot;attachment_id&quot;:3078,&quot;player_type&quot;:&quot;WordPress Default&quot;,&quot;width&quot;:&quot;640&quot;,&quot;height&quot;:&quot;359&quot;,&quot;fullwidth&quot;:&quot;false&quot;,&quot;countable&quot;:true,&quot;count_views&quot;:&quot;quarters&quot;,&quot;start&quot;:&quot;&quot;,&quot;autoplay&quot;:&quot;false&quot;,&quot;pauseothervideos&quot;:&quot;true&quot;,&quot;set_volume&quot;:&quot;1&quot;,&quot;muted&quot;:&quot;false&quot;,&quot;meta&quot;:true,&quot;endofvideooverlay&quot;:&quot;&quot;,&quot;resize&quot;:&quot;true&quot;,&quot;auto_res&quot;:&quot;automatic&quot;,&quot;pixel_ratio&quot;:&quot;true&quot;,&quot;right_click&quot;:&quot;on&quot;,&quot;playback_rate&quot;:&quot;false&quot;,&quot;title&quot;:&quot;Hallstatt&quot;}\" itemprop=\"video\" itemscope itemtype=\"https:\/\/schema.org\/VideoObject\"><meta itemprop=\"thumbnailUrl\" content=\"http:\/\/seerose-obertraun.com\/wp-content\/uploads\/2015\/12\/hallstatt-default.jpg\" \/><meta itemprop=\"embedUrl\" content=\"http:\/\/seerose-obertraun.com\/?attachment_id=3078&amp;kgvid_video_embed[enable]=true\" \/><meta itemprop=\"contentUrl\" content=\"http:\/\/seerose-obertraun.com\/wp-content\/uploads\/2015\/12\/hyperzooming-through-hallstatt.mp4\" \/><meta itemprop=\"name\" content=\"Hallstatt\" \/><meta itemprop=\"description\" content=\"Video\" \/><meta itemprop=\"uploadDate\" content=\"2015-12-31T08:44:36+00:00\" \/><div style=\"width: 640px;\" class=\"wp-video\"><video class=\"wp-video-shortcode\" id=\"video-10-2\" width=\"640\" height=\"359\" poster=\"http:\/\/seerose-obertraun.com\/wp-content\/uploads\/2015\/12\/hallstatt-default.jpg\" preload=\"metadata\" controls=\"controls\"><source type=\"video\/mp4\" src=\"http:\/\/seerose-obertraun.com\/wp-content\/uploads\/2015\/12\/hyperzooming-through-hallstatt.mp4?_=2\" \/><a href=\"http:\/\/seerose-obertraun.com\/wp-content\/uploads\/2015\/12\/hyperzooming-through-hallstatt.mp4\">http:\/\/seerose-obertraun.com\/wp-content\/uploads\/2015\/12\/hyperzooming-through-hallstatt.mp4<\/a><\/video><\/div>\t\t\t<\/div>\n\t\t\t<div style=\"display:none;\" id=\"video_kgvid_1_meta\" class=\"kgvid_video_meta kgvid_video_meta_hover \">\n\t\t\t\t<span class='kgvid_meta_icons'><\/span>\n\t\t\t\t<span id='video_kgvid_1_title' class='kgvid_title'>Hallstatt<\/span>\n<\/div>\n\t\t<\/div>\n<\/div>\n<div class=\"one_third last\">\n<div class=\"bookingform\">\n<h3 class=\"booktitle\">Szobafoglal\u00e1s<\/span><\/h3>\n<div class=\"button-regular-large\"><a class=\"blue\" href=\"http:\/\/seerose-obertraun.com\/hu\/request-our-offer.htm\">Azonnal foglalhat<\/a><\/div>\n<\/div>\n<\/div><div class=\"clear\"><\/div>\n<h2><span>Hotel Seerose Obertraun Apartmanok:<\/span><\/h2>\n<div class=\"one_third\">\n<div>\n<h3><span>1 szob\u00e1s apartman<\/span><\/h3>\n<p><img decoding=\"async\" loading=\"lazy\" class=\"alignleft wp-image-11872 size-medium\" style=\"border: 1px solid black;\" src=\"http:\/\/seerose-obertraun.com\/wp-content\/uploads\/2018\/09\/7a-3-1-300x150.jpg\" alt=\"\" width=\"300\" height=\"150\" srcset=\"http:\/\/seerose-obertraun.com\/wp-content\/uploads\/2018\/09\/7a-3-1-300x150.jpg 300w, http:\/\/seerose-obertraun.com\/wp-content\/uploads\/2018\/09\/7a-3-1-768x384.jpg 768w, http:\/\/seerose-obertraun.com\/wp-content\/uploads\/2018\/09\/7a-3-1.jpg 1000w\" sizes=\"(max-width: 300px) 100vw, 300px\" \/><br \/>\nKonyhai eszk\u00f6z\u00f6k, k\u00e9t \u00e1gyas h\u00e1l\u00f3szoba, f\u00fcrd\u0151szoba zuhanyz\u00f3val,erk\u00e9ly, nappali k\u00e9t d\u00edv\u00e1nnyal, k\u00fcl\u00f6n \u00e9lett\u00e9r: 1 h\u00e1l\u00f3szoba \u00e9s 1 nappali.<\/p>\n<div class=\"button-regular-small\"><a class=\"blue\" href=\"http:\/\/seerose-obertraun.com\/hu\/one-bedroom-apartment.htm\">B\u0151vebben&#8230;<\/a><\/div>\n<\/div>\n<\/div>\n<div class=\"one_third\">\n<div>\n<h3><span>2 szob\u00e1s apartman<\/span><\/h3>\n<p><img decoding=\"async\" loading=\"lazy\" class=\"alignleft wp-image-11875 size-medium\" style=\"border: 1px solid black;\" src=\"http:\/\/seerose-obertraun.com\/wp-content\/uploads\/2018\/09\/9b-2-300x150.jpg\" alt=\"\" width=\"300\" height=\"150\" srcset=\"http:\/\/seerose-obertraun.com\/wp-content\/uploads\/2018\/09\/9b-2-300x150.jpg 300w, http:\/\/seerose-obertraun.com\/wp-content\/uploads\/2018\/09\/9b-2-768x384.jpg 768w, http:\/\/seerose-obertraun.com\/wp-content\/uploads\/2018\/09\/9b-2.jpg 1000w\" sizes=\"(max-width: 300px) 100vw, 300px\" \/><br \/>\n2 h\u00e1l\u00f3szoba, k\u00fcl\u00f6n l\u00e9gt\u00e9rben tal\u00e1lhat\u00f3 nappalival, 2 k\u00fcl\u00f6n f\u00fcrd\u0151szob\u00e1val \u00e9s erk\u00e9llyel. Az apartman maximum 6 szem\u00e9ly elhelyez\u00e9s\u00e9re alkalmas.<\/p>\n<div class=\"button-regular-small\"><a class=\"blue\" href=\"http:\/\/seerose-obertraun.com\/hu\/two-bedroom-apartment.htm\">B\u0151vebben&#8230;<\/a><\/div>\n<\/div>\n<\/div>\n<div class=\"one_third last\">\n<div>\n<h3><span>3 szob\u00e1s apartman<\/span><\/h3>\n<p><img decoding=\"async\" loading=\"lazy\" class=\"alignleft wp-image-11972 size-medium\" style=\"border: 1px solid black;\" src=\"http:\/\/seerose-obertraun.com\/wp-content\/uploads\/2018\/09\/5b-7-300x150.jpg\" alt=\"\" width=\"300\" height=\"150\" srcset=\"http:\/\/seerose-obertraun.com\/wp-content\/uploads\/2018\/09\/5b-7-300x150.jpg 300w, http:\/\/seerose-obertraun.com\/wp-content\/uploads\/2018\/09\/5b-7-768x384.jpg 768w, http:\/\/seerose-obertraun.com\/wp-content\/uploads\/2018\/09\/5b-7.jpg 1000w\" sizes=\"(max-width: 300px) 100vw, 300px\" \/><br \/>\n3 h\u00e1l\u00f3szoba, k\u00fcl\u00f6n l\u00e9gt\u00e9rben tal\u00e1lhat\u00f3 nappalival, 2 k\u00fcl\u00f6n f\u00fcrd\u0151szob\u00e1val \u00e9s erk\u00e9llyel. Maximum 7 szem\u00e9ly elhelyez\u00e9s\u00e9re alkalmas.<\/p>\n<div class=\"button-regular-small\"><a class=\"blue\" href=\"http:\/\/seerose-obertraun.com\/hu\/three-bedroom-apartment.htm\">B\u0151vebben<\/a><\/div>\n<\/div>\n<\/div><div class=\"clear\"><\/div>\n<div class=\"one_third\">\n<div>\n<h3><span>Junior lakoszt\u00e1ly<\/span><\/h3>\n<p><img decoding=\"async\" loading=\"lazy\" class=\"alignleft wp-image-11876 size-medium\" style=\"border: 1px solid black;\" title=\"Junior Suit Apartment Hotel Seerose\" src=\"http:\/\/seerose-obertraun.com\/wp-content\/uploads\/2018\/09\/2-4-300x150.jpg\" alt=\"\" width=\"300\" height=\"150\" srcset=\"http:\/\/seerose-obertraun.com\/wp-content\/uploads\/2018\/09\/2-4-300x150.jpg 300w, http:\/\/seerose-obertraun.com\/wp-content\/uploads\/2018\/09\/2-4-768x384.jpg 768w, http:\/\/seerose-obertraun.com\/wp-content\/uploads\/2018\/09\/2-4.jpg 1000w\" sizes=\"(max-width: 300px) 100vw, 300px\" \/><br \/>\nK\u00e9t k\u00fcl\u00f6n l\u00e9gt\u00e9rben tal\u00e1lhat\u00f3 a h\u00e1l\u00f3szoba \u00e9s a nappali, k\u00fcl\u00f6n f\u00fcrd\u0151szoba, valamint term\u00e9szetesen erk\u00e9ly 2 f\u0151nek.<\/p>\n<div class=\"button-regular-small\"><a class=\"blue\" href=\"http:\/\/seerose-obertraun.com\/hu\/junior-suite.htm\">B\u0151vebben&#8230;<\/a><\/div>\n<\/div>\n<\/div>\n<div class=\"one_third\">\n<div>\n<h3><span>Francia\u00e1gyas h\u00e1l\u00f3szoba<\/span><\/h3>\n<p><img decoding=\"async\" loading=\"lazy\" class=\"alignleft wp-image-11877 size-medium\" style=\"border: 1px solid black;\" title=\"Double Bedroom Apartment Hotel Seerose\" src=\"http:\/\/seerose-obertraun.com\/wp-content\/uploads\/2018\/09\/5b-1-300x150.jpg\" alt=\"\" width=\"300\" height=\"150\" srcset=\"http:\/\/seerose-obertraun.com\/wp-content\/uploads\/2018\/09\/5b-1-300x150.jpg 300w, http:\/\/seerose-obertraun.com\/wp-content\/uploads\/2018\/09\/5b-1-768x384.jpg 768w, http:\/\/seerose-obertraun.com\/wp-content\/uploads\/2018\/09\/5b-1.jpg 1000w\" sizes=\"(max-width: 300px) 100vw, 300px\" \/><br \/>\nH\u00e1l\u00f3szob\u00e1ban egy darab franci\u00e1gy k\u00e9t f\u0151 elhelyez\u00e9s\u00e9re alkalmas. A szob\u00e1hoz k\u00fcl\u00f6n\u00e1ll\u00f3 f\u00fcrd\u0151szoba tartozik.<\/p>\n<div class=\"button-regular-small\"><a class=\"blue\" href=\"http:\/\/seerose-obertraun.com\/hu\/double-bedroom.htm\">B\u0151vebben&#8230;<\/a><\/div>\n<\/div>\n<\/div>\n<div class=\"one_third last\">\n<div>\n<h3><span>Francia\u00e1gyas p\u00f3t\u00e1gyas h\u00e1l\u00f3szoba<\/span><\/h3>\n<p><img decoding=\"async\" loading=\"lazy\" class=\"alignleft wp-image-11878 size-medium\" style=\"border: 1px solid black;\" title=\"Double Bedroom width Extra Bed Apartment Hotel Seerose\" src=\"http:\/\/seerose-obertraun.com\/wp-content\/uploads\/2018\/09\/9b-1-300x150.jpg\" alt=\"\" width=\"300\" height=\"150\" srcset=\"http:\/\/seerose-obertraun.com\/wp-content\/uploads\/2018\/09\/9b-1-300x150.jpg 300w, http:\/\/seerose-obertraun.com\/wp-content\/uploads\/2018\/09\/9b-1-768x384.jpg 768w, http:\/\/seerose-obertraun.com\/wp-content\/uploads\/2018\/09\/9b-1.jpg 1000w\" sizes=\"(max-width: 300px) 100vw, 300px\" \/><br \/>\nH\u00e1l\u00f3szob\u00e1ban egy darab franci\u00e1gy k\u00e9t f\u0151 elhelyez\u00e9s\u00e9re alkalmas. A szob\u00e1hoz k\u00fcl\u00f6n\u00e1ll\u00f3 f\u00fcrd\u0151szoba tartozik. P\u00f3t\u00e1gyazhat\u00f3!<\/p>\n<div class=\"button-regular-small\"><a class=\"blue\" href=\"http:\/\/seerose-obertraun.com\/hu\/double-bedroom-width-extra-bed.htm\">B\u0151vebben&#8230;<\/a><\/div>\n<\/div>\n<\/div><div class=\"clear\"><\/div>\n<p>&nbsp;<\/p>","protected":false},"excerpt":{"rendered":"<p>Hotel Seerose Obertraun Apartmanok: &nbsp;<\/p>\n","protected":false},"author":1,"featured_media":0,"parent":0,"menu_order":0,"comment_status":"closed","ping_status":"closed","template":"home-widget-layout.php","meta":[],"aioseo_notices":[],"_links":{"self":[{"href":"http:\/\/seerose-obertraun.com\/hu\/wp-json\/wp\/v2\/pages\/10"}],"collection":[{"href":"http:\/\/seerose-obertraun.com\/hu\/wp-json\/wp\/v2\/pages"}],"about":[{"href":"http:\/\/seerose-obertraun.com\/hu\/wp-json\/wp\/v2\/types\/page"}],"author":[{"embeddable":true,"href":"http:\/\/seerose-obertraun.com\/hu\/wp-json\/wp\/v2\/users\/1"}],"replies":[{"embeddable":true,"href":"http:\/\/seerose-obertraun.com\/hu\/wp-json\/wp\/v2\/comments?post=10"}],"version-history":[{"count":168,"href":"http:\/\/seerose-obertraun.com\/hu\/wp-json\/wp\/v2\/pages\/10\/revisions"}],"predecessor-version":[{"id":83041,"href":"http:\/\/seerose-obertraun.com\/hu\/wp-json\/wp\/v2\/pages\/10\/revisions\/83041"}],"wp:attachment":[{"href":"http:\/\/seerose-obertraun.com\/hu\/wp-json\/wp\/v2\/media?parent=10"}],"curies":[{"name":"wp","href":"https:\/\/api.w.org\/{rel}","templated":true}]}}