{"id":1117,"date":"2013-12-28T08:43:54","date_gmt":"2013-12-28T08:43:54","guid":{"rendered":"http:\/\/seerose-obertraun.com\/?page_id=1117"},"modified":"2016-10-21T20:01:46","modified_gmt":"2016-10-21T19:01:46","slug":"winter_ski_touring","status":"publish","type":"page","link":"http:\/\/seerose-obertraun.com\/hu\/winter_ski_touring.htm","title":{"rendered":"S\u00edel\u00e9s"},"content":{"rendered":"<p><\/p>\n<h2><span>S\u00ed \u00fcd\u00fcl\u0151 Gosau \u2013 Nyugat Dachstein<\/span><\/h2>\n<p><strong>Gosau \u2013 Rusbach \u2013 Annaberg<\/strong><\/p>\n<p><strong>Nyugat Dachstein: Tiszta \u00e9lvezet \u2013 s\u00ed vonalon \u00e9s azon k\u00edv\u00fcl!<\/strong><\/p>\n<p>A nyugat Dachstein-i s\u00ed r\u00e9gi\u00f3 meg fogja ihletni. Korl\u00e1tlan sz\u00f3rakoz\u00e1s v\u00e1rja a s\u00edel\u00e9si \u00fatvonalakon, \u00e9s \u00e9lvezetes kikapcsol\u00f3d\u00e1s az Alpokban. A hegyr\u0151l ny\u00edl\u00f3 csod\u00e1latos kil\u00e1t\u00e1s is seg\u00edt, hogy megfeledkezz\u00fcnk a mindennapok f\u00e1radalmair\u00f3l.<br \/>\nT\u00f6bbet szeretne, mint az aut\u00f3p\u00e1lya st\u00edlus\u00fa \u00fatvonalakat? \u00c9lvezni szeretn\u00e9 a v\u00e1ltozatos s\u00edp\u00e1ly\u00e1kat, a hangulatos kunyh\u00f3s elsz\u00e1ll\u00e1sol\u00e1st? Nyugat Dachstein-ben minden bizonnyal megtal\u00e1lja sz\u00e1m\u00edt\u00e1sait!<\/p>\n<p><strong>Nyugat Dachstein-i egyes\u00fclet: Egy jegy \u2013 7 \u00fcd\u00fcl\u0151hely!<\/strong><\/p>\n<p>Ezen r\u00e9gi\u00f3 jegyek megv\u00e1lt\u00e1sa felhatalmazza tov\u00e1bbi 6 ter\u00fclet felfedez\u00e9s\u00e9re, amelyet r\u00f6vid id\u0151n bel\u00fcl el tud \u00e9rni egy kis utaz\u00e1ssal.<br \/>\nA tov\u00e1bbi helyek: Krippenstein Dachstein, Feuerkogel, Ebensee, Postalm, St. Martin am Tennengebirge, Lung\u00f6tz \u00e9s Karkogel-Abtenau.<br \/>\nEzen szezon\u00e1lis jegyek a Zinken felvon\u00f3ra is \u00e9rv\u00e9nyes, amely D\u00fcrrberg-ben tal\u00e1lhat\u00f3.<\/p>\n<p><strong>Brumsiland Gosau-ban<\/strong><\/p>\n<p>Brumisland, ami egyb\u0151l a Hornspitzbahn-i vas\u00fat\u00e1llom\u00e1s mellett tal\u00e1lhat\u00f3, kit\u0171n\u0151 hely a legfiatalabb n\u00f6vend\u00e9kek sz\u00e1m\u00e1ra is. A kedves oktat\u00f3k seg\u00edtenek abban, hogy min\u00e9l hamarabb elsaj\u00e1t\u00edts\u00e1k a s\u00edel\u00e9s fort\u00e9lyait, \u00e9s biztons\u00e1ggal indulhassanak neki a s\u00edk terepnek.<\/p>\n<p>Tov\u00e1bbi inform\u00e1ci\u00f3t itt tal\u00e1lhatnak: <a href=\"http:\/\/www.dachstein.at\">www.dachstein.at<\/a><br \/>\nSki resort Gosau &#8211; Dachstein West<br \/>\n701, A-4824 Gosau<\/p>\n\n\t\t<style type=\"text\/css\">\n\t\t\t#gallery-4 {\n\t\t\t\tmargin: auto;\n\t\t\t}\n\t\t\t#gallery-4 .gallery-item {\n\t\t\t\tfloat: left;\n\t\t\t\tmargin-top: 10px;\n\t\t\t\ttext-align: center;\n\t\t\t\twidth: 25%;\n\t\t\t}\n\t\t\t#gallery-4 img {\n\t\t\t\tborder: 2px solid #cfcfcf;\n\t\t\t}\n\t\t\t#gallery-4 .gallery-caption {\n\t\t\t\tmargin-left: 0;\n\t\t\t}\n\t\t\t\/* see gallery_shortcode() in wp-includes\/media.php *\/\n\t\t<\/style>\n\t\t<div id='gallery-4' class='gallery galleryid-1117 gallery-columns-4 gallery-size-thumbnail'><dl class='gallery-item'>\n\t\t\t<dt class='gallery-icon landscape'>\n\t\t\t\t<a href='http:\/\/seerose-obertraun.com\/wp-content\/uploads\/2013\/12\/ski-resort-gosau-dachstein-west-01.jpg' rel=\"fancyimg\"><img width=\"150\" height=\"150\" src=\"http:\/\/seerose-obertraun.com\/wp-content\/uploads\/2013\/12\/ski-resort-gosau-dachstein-west-01-150x150.jpg\" class=\"attachment-thumbnail size-thumbnail\" alt=\"\" decoding=\"async\" loading=\"lazy\" aria-describedby=\"gallery-4-1813\" srcset=\"http:\/\/seerose-obertraun.com\/wp-content\/uploads\/2013\/12\/ski-resort-gosau-dachstein-west-01-150x150.jpg 150w, http:\/\/seerose-obertraun.com\/wp-content\/uploads\/2013\/12\/ski-resort-gosau-dachstein-west-01-100x100.jpg 100w, http:\/\/seerose-obertraun.com\/wp-content\/uploads\/2013\/12\/ski-resort-gosau-dachstein-west-01-55x55.jpg 55w\" sizes=\"(max-width: 150px) 100vw, 150px\" \/><\/a>\n\t\t\t<\/dt>\n\t\t\t\t<dd class='wp-caption-text gallery-caption' id='gallery-4-1813'>\n\t\t\t\tSki resort Gosau &#8211; Dachstein West\n\t\t\t\t<\/dd><\/dl><dl class='gallery-item'>\n\t\t\t<dt class='gallery-icon landscape'>\n\t\t\t\t<a href='http:\/\/seerose-obertraun.com\/wp-content\/uploads\/2013\/12\/ski-resort-gosau-dachstein-west-02.jpg' rel=\"fancyimg\"><img width=\"150\" height=\"150\" src=\"http:\/\/seerose-obertraun.com\/wp-content\/uploads\/2013\/12\/ski-resort-gosau-dachstein-west-02-150x150.jpg\" class=\"attachment-thumbnail size-thumbnail\" alt=\"\" decoding=\"async\" loading=\"lazy\" aria-describedby=\"gallery-4-1814\" srcset=\"http:\/\/seerose-obertraun.com\/wp-content\/uploads\/2013\/12\/ski-resort-gosau-dachstein-west-02-150x150.jpg 150w, http:\/\/seerose-obertraun.com\/wp-content\/uploads\/2013\/12\/ski-resort-gosau-dachstein-west-02-100x100.jpg 100w, http:\/\/seerose-obertraun.com\/wp-content\/uploads\/2013\/12\/ski-resort-gosau-dachstein-west-02-55x55.jpg 55w\" sizes=\"(max-width: 150px) 100vw, 150px\" \/><\/a>\n\t\t\t<\/dt>\n\t\t\t\t<dd class='wp-caption-text gallery-caption' id='gallery-4-1814'>\n\t\t\t\tSki resort Gosau &#8211; Dachstein West\n\t\t\t\t<\/dd><\/dl><dl class='gallery-item'>\n\t\t\t<dt class='gallery-icon landscape'>\n\t\t\t\t<a href='http:\/\/seerose-obertraun.com\/wp-content\/uploads\/2013\/12\/ski-resort-gosau-dachstein-west-03.jpg' rel=\"fancyimg\"><img width=\"150\" height=\"150\" src=\"http:\/\/seerose-obertraun.com\/wp-content\/uploads\/2013\/12\/ski-resort-gosau-dachstein-west-03-150x150.jpg\" class=\"attachment-thumbnail size-thumbnail\" alt=\"\" decoding=\"async\" loading=\"lazy\" aria-describedby=\"gallery-4-1815\" srcset=\"http:\/\/seerose-obertraun.com\/wp-content\/uploads\/2013\/12\/ski-resort-gosau-dachstein-west-03-150x150.jpg 150w, http:\/\/seerose-obertraun.com\/wp-content\/uploads\/2013\/12\/ski-resort-gosau-dachstein-west-03-100x100.jpg 100w, http:\/\/seerose-obertraun.com\/wp-content\/uploads\/2013\/12\/ski-resort-gosau-dachstein-west-03-55x55.jpg 55w\" sizes=\"(max-width: 150px) 100vw, 150px\" \/><\/a>\n\t\t\t<\/dt>\n\t\t\t\t<dd class='wp-caption-text gallery-caption' id='gallery-4-1815'>\n\t\t\t\tSki resort Gosau &#8211; Dachstein West\n\t\t\t\t<\/dd><\/dl><dl class='gallery-item'>\n\t\t\t<dt class='gallery-icon landscape'>\n\t\t\t\t<a href='http:\/\/seerose-obertraun.com\/wp-content\/uploads\/2013\/12\/ski-resort-gosau-dachstein-west-04.jpg' rel=\"fancyimg\"><img width=\"150\" height=\"150\" src=\"http:\/\/seerose-obertraun.com\/wp-content\/uploads\/2013\/12\/ski-resort-gosau-dachstein-west-04-150x150.jpg\" class=\"attachment-thumbnail size-thumbnail\" alt=\"\" decoding=\"async\" loading=\"lazy\" aria-describedby=\"gallery-4-1816\" srcset=\"http:\/\/seerose-obertraun.com\/wp-content\/uploads\/2013\/12\/ski-resort-gosau-dachstein-west-04-150x150.jpg 150w, http:\/\/seerose-obertraun.com\/wp-content\/uploads\/2013\/12\/ski-resort-gosau-dachstein-west-04-100x100.jpg 100w, http:\/\/seerose-obertraun.com\/wp-content\/uploads\/2013\/12\/ski-resort-gosau-dachstein-west-04-55x55.jpg 55w\" sizes=\"(max-width: 150px) 100vw, 150px\" \/><\/a>\n\t\t\t<\/dt>\n\t\t\t\t<dd class='wp-caption-text gallery-caption' id='gallery-4-1816'>\n\t\t\t\tSki resort Gosau &#8211; Dachstein West\n\t\t\t\t<\/dd><\/dl><br style=\"clear: both\" \/>\n\t\t<\/div>\n\n<p>\n\t\t<style type=\"text\/css\">\n\t\t\t#gallery-5 {\n\t\t\t\tmargin: auto;\n\t\t\t}\n\t\t\t#gallery-5 .gallery-item {\n\t\t\t\tfloat: left;\n\t\t\t\tmargin-top: 10px;\n\t\t\t\ttext-align: center;\n\t\t\t\twidth: 33%;\n\t\t\t}\n\t\t\t#gallery-5 img {\n\t\t\t\tborder: 2px solid #cfcfcf;\n\t\t\t}\n\t\t\t#gallery-5 .gallery-caption {\n\t\t\t\tmargin-left: 0;\n\t\t\t}\n\t\t\t\/* see gallery_shortcode() in wp-includes\/media.php *\/\n\t\t<\/style>\n\t\t<div id='gallery-5' class='gallery galleryid-1117 gallery-columns-3 gallery-size-thumbnail'><dl class='gallery-item'>\n\t\t\t<dt class='gallery-icon landscape'>\n\t\t\t\t<a href='http:\/\/seerose-obertraun.com\/wp-content\/uploads\/2013\/12\/dachstein-west-gosau-3.jpg' rel=\"fancyimg\"><img width=\"150\" height=\"150\" src=\"http:\/\/seerose-obertraun.com\/wp-content\/uploads\/2013\/12\/dachstein-west-gosau-3-150x150.jpg\" class=\"attachment-thumbnail size-thumbnail\" alt=\"\" decoding=\"async\" loading=\"lazy\" aria-describedby=\"gallery-5-1969\" srcset=\"http:\/\/seerose-obertraun.com\/wp-content\/uploads\/2013\/12\/dachstein-west-gosau-3-150x150.jpg 150w, http:\/\/seerose-obertraun.com\/wp-content\/uploads\/2013\/12\/dachstein-west-gosau-3-100x100.jpg 100w, http:\/\/seerose-obertraun.com\/wp-content\/uploads\/2013\/12\/dachstein-west-gosau-3-55x55.jpg 55w\" sizes=\"(max-width: 150px) 100vw, 150px\" \/><\/a>\n\t\t\t<\/dt>\n\t\t\t\t<dd class='wp-caption-text gallery-caption' id='gallery-5-1969'>\n\t\t\t\tDachstein West Gosau, Skiing in Austria\n\t\t\t\t<\/dd><\/dl><dl class='gallery-item'>\n\t\t\t<dt class='gallery-icon landscape'>\n\t\t\t\t<a href='http:\/\/seerose-obertraun.com\/wp-content\/uploads\/2013\/12\/dachstein-west-gosau-2.jpg' rel=\"fancyimg\"><img width=\"150\" height=\"150\" src=\"http:\/\/seerose-obertraun.com\/wp-content\/uploads\/2013\/12\/dachstein-west-gosau-2-150x150.jpg\" class=\"attachment-thumbnail size-thumbnail\" alt=\"\" decoding=\"async\" loading=\"lazy\" aria-describedby=\"gallery-5-1970\" srcset=\"http:\/\/seerose-obertraun.com\/wp-content\/uploads\/2013\/12\/dachstein-west-gosau-2-150x150.jpg 150w, http:\/\/seerose-obertraun.com\/wp-content\/uploads\/2013\/12\/dachstein-west-gosau-2-100x100.jpg 100w, http:\/\/seerose-obertraun.com\/wp-content\/uploads\/2013\/12\/dachstein-west-gosau-2-55x55.jpg 55w\" sizes=\"(max-width: 150px) 100vw, 150px\" \/><\/a>\n\t\t\t<\/dt>\n\t\t\t\t<dd class='wp-caption-text gallery-caption' id='gallery-5-1970'>\n\t\t\t\tDachstein West Gosau, Skiing in Austria\n\t\t\t\t<\/dd><\/dl><dl class='gallery-item'>\n\t\t\t<dt class='gallery-icon landscape'>\n\t\t\t\t<a href='http:\/\/seerose-obertraun.com\/wp-content\/uploads\/2013\/12\/dachstein-west-gosau-1.jpg' rel=\"fancyimg\"><img width=\"150\" height=\"150\" src=\"http:\/\/seerose-obertraun.com\/wp-content\/uploads\/2013\/12\/dachstein-west-gosau-1-150x150.jpg\" class=\"attachment-thumbnail size-thumbnail\" alt=\"\" decoding=\"async\" loading=\"lazy\" aria-describedby=\"gallery-5-1971\" srcset=\"http:\/\/seerose-obertraun.com\/wp-content\/uploads\/2013\/12\/dachstein-west-gosau-1-150x150.jpg 150w, http:\/\/seerose-obertraun.com\/wp-content\/uploads\/2013\/12\/dachstein-west-gosau-1-100x100.jpg 100w, http:\/\/seerose-obertraun.com\/wp-content\/uploads\/2013\/12\/dachstein-west-gosau-1-55x55.jpg 55w\" sizes=\"(max-width: 150px) 100vw, 150px\" \/><\/a>\n\t\t\t<\/dt>\n\t\t\t\t<dd class='wp-caption-text gallery-caption' id='gallery-5-1971'>\n\t\t\t\tDachstein West Gosau, Skiing in Austria\n\t\t\t\t<\/dd><\/dl><br style=\"clear: both\" \/>\n\t\t<\/div>\n<br \/>\n<a href=\"http:\/\/seerose-obertraun.com\/wp-content\/uploads\/2013\/12\/ski-resort-gosau-dachstein-west.jpg\" rel=\"fancyimg\"><img decoding=\"async\" loading=\"lazy\" class=\"aligncenter wp-image-1810\" src=\"http:\/\/seerose-obertraun.com\/wp-content\/uploads\/2013\/12\/ski-resort-gosau-dachstein-west.jpg\" alt=\"Ski resort Gosau - Dachstein West\" width=\"620\" height=\"374\" srcset=\"http:\/\/seerose-obertraun.com\/wp-content\/uploads\/2013\/12\/ski-resort-gosau-dachstein-west.jpg 1496w, http:\/\/seerose-obertraun.com\/wp-content\/uploads\/2013\/12\/ski-resort-gosau-dachstein-west-300x181.jpg 300w, http:\/\/seerose-obertraun.com\/wp-content\/uploads\/2013\/12\/ski-resort-gosau-dachstein-west-1024x618.jpg 1024w\" sizes=\"(max-width: 620px) 100vw, 620px\" \/><\/a><\/p>\n<h2><span>The Krippenstein Freeride Arena<\/span><\/h2>\n<p>The Krippenstein Freeride Arena home to the Sekundjagd and the Red Bull White Rush, above the village of Obertraun, is the place to go if you want to try something more adventurous.<br \/>\nIt has long been a mecca for ski tourers , piste skiers and freeriders and last year it was voted best off-piste in Europe by Planet snow magazine. It has a number of piste runs including an 11km run \u2013 the longest in Austria.<\/p>\n<p>Then, it has a number of variants to the pisted runs, but where this mountain comes into it own is when you venture off-piste. It has been described as\u201d the playground for these Warren Miller athletes and &#8222;It&#8217;s pretty unreal, pretty unknown.&#8221; The skiers explore the endless terrain, skillfully finding ways to ski out of some huge cliff drops\u201d<\/p>\n<p>The premier outdoor extreme sports company, Outdoor Leadership who are now based at the Krippenstein, specialize in off-piste courses from beginners to advances skiers as well as ski touring and survival courses. If you don\u2019t want to join a course you can book a ski guide to help you get the best out of your time on the Krippenstein.<\/p>\n<p>Courses on offer from Outdoor Leadership range from:<\/p>\n<p>1. From piste to off-piste<br \/>\n2. Freeride \u2013 easy<br \/>\n3. Freeride \u2013 intermediate<br \/>\n4. Freeride \u2013 professional<br \/>\n5. Safety training \u2013 Knowledge about the different forms of snow; planning routes; knowledge of avalanches and what to do if an avalanche occurs and rescue procedures<\/p>\n<p>See <a title=\"www.kripppenstein.at\" href=\"http:\/\/www.kripppenstein.at\" target=\"_blank\">www.kripppenstein.at<\/a><\/p>\n\n\t\t<style type=\"text\/css\">\n\t\t\t#gallery-6 {\n\t\t\t\tmargin: auto;\n\t\t\t}\n\t\t\t#gallery-6 .gallery-item {\n\t\t\t\tfloat: left;\n\t\t\t\tmargin-top: 10px;\n\t\t\t\ttext-align: center;\n\t\t\t\twidth: 25%;\n\t\t\t}\n\t\t\t#gallery-6 img {\n\t\t\t\tborder: 2px solid #cfcfcf;\n\t\t\t}\n\t\t\t#gallery-6 .gallery-caption {\n\t\t\t\tmargin-left: 0;\n\t\t\t}\n\t\t\t\/* see gallery_shortcode() in wp-includes\/media.php *\/\n\t\t<\/style>\n\t\t<div id='gallery-6' class='gallery galleryid-1117 gallery-columns-4 gallery-size-thumbnail'><dl class='gallery-item'>\n\t\t\t<dt class='gallery-icon landscape'>\n\t\t\t\t<a href='http:\/\/seerose-obertraun.com\/wp-content\/uploads\/2013\/12\/krippenstein-01.jpg' rel=\"fancyimg\"><img width=\"150\" height=\"150\" src=\"http:\/\/seerose-obertraun.com\/wp-content\/uploads\/2013\/12\/krippenstein-01-150x150.jpg\" class=\"attachment-thumbnail size-thumbnail\" alt=\"\" decoding=\"async\" loading=\"lazy\" aria-describedby=\"gallery-6-1818\" srcset=\"http:\/\/seerose-obertraun.com\/wp-content\/uploads\/2013\/12\/krippenstein-01-150x150.jpg 150w, http:\/\/seerose-obertraun.com\/wp-content\/uploads\/2013\/12\/krippenstein-01-100x100.jpg 100w, http:\/\/seerose-obertraun.com\/wp-content\/uploads\/2013\/12\/krippenstein-01-55x55.jpg 55w\" sizes=\"(max-width: 150px) 100vw, 150px\" \/><\/a>\n\t\t\t<\/dt>\n\t\t\t\t<dd class='wp-caption-text gallery-caption' id='gallery-6-1818'>\n\t\t\t\tKrippenstein\n\t\t\t\t<\/dd><\/dl><dl class='gallery-item'>\n\t\t\t<dt class='gallery-icon landscape'>\n\t\t\t\t<a href='http:\/\/seerose-obertraun.com\/wp-content\/uploads\/2013\/12\/krippenstein-02.jpg' rel=\"fancyimg\"><img width=\"150\" height=\"150\" src=\"http:\/\/seerose-obertraun.com\/wp-content\/uploads\/2013\/12\/krippenstein-02-150x150.jpg\" class=\"attachment-thumbnail size-thumbnail\" alt=\"\" decoding=\"async\" loading=\"lazy\" aria-describedby=\"gallery-6-1819\" srcset=\"http:\/\/seerose-obertraun.com\/wp-content\/uploads\/2013\/12\/krippenstein-02-150x150.jpg 150w, http:\/\/seerose-obertraun.com\/wp-content\/uploads\/2013\/12\/krippenstein-02-100x100.jpg 100w, http:\/\/seerose-obertraun.com\/wp-content\/uploads\/2013\/12\/krippenstein-02-55x55.jpg 55w\" sizes=\"(max-width: 150px) 100vw, 150px\" \/><\/a>\n\t\t\t<\/dt>\n\t\t\t\t<dd class='wp-caption-text gallery-caption' id='gallery-6-1819'>\n\t\t\t\tKrippenstein\n\t\t\t\t<\/dd><\/dl><dl class='gallery-item'>\n\t\t\t<dt class='gallery-icon landscape'>\n\t\t\t\t<a href='http:\/\/seerose-obertraun.com\/wp-content\/uploads\/2013\/12\/krippenstein-03.jpg' rel=\"fancyimg\"><img width=\"150\" height=\"150\" src=\"http:\/\/seerose-obertraun.com\/wp-content\/uploads\/2013\/12\/krippenstein-03-150x150.jpg\" class=\"attachment-thumbnail size-thumbnail\" alt=\"\" decoding=\"async\" loading=\"lazy\" aria-describedby=\"gallery-6-1820\" srcset=\"http:\/\/seerose-obertraun.com\/wp-content\/uploads\/2013\/12\/krippenstein-03-150x150.jpg 150w, http:\/\/seerose-obertraun.com\/wp-content\/uploads\/2013\/12\/krippenstein-03-100x100.jpg 100w, http:\/\/seerose-obertraun.com\/wp-content\/uploads\/2013\/12\/krippenstein-03-55x55.jpg 55w\" sizes=\"(max-width: 150px) 100vw, 150px\" \/><\/a>\n\t\t\t<\/dt>\n\t\t\t\t<dd class='wp-caption-text gallery-caption' id='gallery-6-1820'>\n\t\t\t\tKrippenstein\n\t\t\t\t<\/dd><\/dl><dl class='gallery-item'>\n\t\t\t<dt class='gallery-icon landscape'>\n\t\t\t\t<a href='http:\/\/seerose-obertraun.com\/wp-content\/uploads\/2013\/12\/krippenstein-04.jpg' rel=\"fancyimg\"><img width=\"150\" height=\"150\" src=\"http:\/\/seerose-obertraun.com\/wp-content\/uploads\/2013\/12\/krippenstein-04-150x150.jpg\" class=\"attachment-thumbnail size-thumbnail\" alt=\"\" decoding=\"async\" loading=\"lazy\" aria-describedby=\"gallery-6-1821\" srcset=\"http:\/\/seerose-obertraun.com\/wp-content\/uploads\/2013\/12\/krippenstein-04-150x150.jpg 150w, http:\/\/seerose-obertraun.com\/wp-content\/uploads\/2013\/12\/krippenstein-04-100x100.jpg 100w, http:\/\/seerose-obertraun.com\/wp-content\/uploads\/2013\/12\/krippenstein-04-55x55.jpg 55w\" sizes=\"(max-width: 150px) 100vw, 150px\" \/><\/a>\n\t\t\t<\/dt>\n\t\t\t\t<dd class='wp-caption-text gallery-caption' id='gallery-6-1821'>\n\t\t\t\tKrippenstein\n\t\t\t\t<\/dd><\/dl><br style=\"clear: both\" \/><dl class='gallery-item'>\n\t\t\t<dt class='gallery-icon landscape'>\n\t\t\t\t<a href='http:\/\/seerose-obertraun.com\/wp-content\/uploads\/2013\/12\/krippenstein-05.jpg' rel=\"fancyimg\"><img width=\"150\" height=\"150\" src=\"http:\/\/seerose-obertraun.com\/wp-content\/uploads\/2013\/12\/krippenstein-05-150x150.jpg\" class=\"attachment-thumbnail size-thumbnail\" alt=\"\" decoding=\"async\" loading=\"lazy\" aria-describedby=\"gallery-6-1822\" srcset=\"http:\/\/seerose-obertraun.com\/wp-content\/uploads\/2013\/12\/krippenstein-05-150x150.jpg 150w, http:\/\/seerose-obertraun.com\/wp-content\/uploads\/2013\/12\/krippenstein-05-100x100.jpg 100w, http:\/\/seerose-obertraun.com\/wp-content\/uploads\/2013\/12\/krippenstein-05-55x55.jpg 55w\" sizes=\"(max-width: 150px) 100vw, 150px\" \/><\/a>\n\t\t\t<\/dt>\n\t\t\t\t<dd class='wp-caption-text gallery-caption' id='gallery-6-1822'>\n\t\t\t\tKrippenstein\n\t\t\t\t<\/dd><\/dl><dl class='gallery-item'>\n\t\t\t<dt class='gallery-icon landscape'>\n\t\t\t\t<a href='http:\/\/seerose-obertraun.com\/wp-content\/uploads\/2013\/12\/krippenstein-06.jpg' rel=\"fancyimg\"><img width=\"150\" height=\"150\" src=\"http:\/\/seerose-obertraun.com\/wp-content\/uploads\/2013\/12\/krippenstein-06-150x150.jpg\" class=\"attachment-thumbnail size-thumbnail\" alt=\"\" decoding=\"async\" loading=\"lazy\" aria-describedby=\"gallery-6-1823\" srcset=\"http:\/\/seerose-obertraun.com\/wp-content\/uploads\/2013\/12\/krippenstein-06-150x150.jpg 150w, http:\/\/seerose-obertraun.com\/wp-content\/uploads\/2013\/12\/krippenstein-06-100x100.jpg 100w, http:\/\/seerose-obertraun.com\/wp-content\/uploads\/2013\/12\/krippenstein-06-55x55.jpg 55w\" sizes=\"(max-width: 150px) 100vw, 150px\" \/><\/a>\n\t\t\t<\/dt>\n\t\t\t\t<dd class='wp-caption-text gallery-caption' id='gallery-6-1823'>\n\t\t\t\tKrippenstein\n\t\t\t\t<\/dd><\/dl><dl class='gallery-item'>\n\t\t\t<dt class='gallery-icon landscape'>\n\t\t\t\t<a href='http:\/\/seerose-obertraun.com\/wp-content\/uploads\/2013\/12\/krippenstein-07.jpg' rel=\"fancyimg\"><img width=\"150\" height=\"150\" src=\"http:\/\/seerose-obertraun.com\/wp-content\/uploads\/2013\/12\/krippenstein-07-150x150.jpg\" class=\"attachment-thumbnail size-thumbnail\" alt=\"\" decoding=\"async\" loading=\"lazy\" aria-describedby=\"gallery-6-1824\" srcset=\"http:\/\/seerose-obertraun.com\/wp-content\/uploads\/2013\/12\/krippenstein-07-150x150.jpg 150w, http:\/\/seerose-obertraun.com\/wp-content\/uploads\/2013\/12\/krippenstein-07-100x100.jpg 100w, http:\/\/seerose-obertraun.com\/wp-content\/uploads\/2013\/12\/krippenstein-07-55x55.jpg 55w\" sizes=\"(max-width: 150px) 100vw, 150px\" \/><\/a>\n\t\t\t<\/dt>\n\t\t\t\t<dd class='wp-caption-text gallery-caption' id='gallery-6-1824'>\n\t\t\t\tKrippenstein\n\t\t\t\t<\/dd><\/dl><dl class='gallery-item'>\n\t\t\t<dt class='gallery-icon landscape'>\n\t\t\t\t<a href='http:\/\/seerose-obertraun.com\/wp-content\/uploads\/2013\/12\/krippenstein-08.jpg' rel=\"fancyimg\"><img width=\"150\" height=\"150\" src=\"http:\/\/seerose-obertraun.com\/wp-content\/uploads\/2013\/12\/krippenstein-08-150x150.jpg\" class=\"attachment-thumbnail size-thumbnail\" alt=\"\" decoding=\"async\" loading=\"lazy\" aria-describedby=\"gallery-6-1825\" srcset=\"http:\/\/seerose-obertraun.com\/wp-content\/uploads\/2013\/12\/krippenstein-08-150x150.jpg 150w, http:\/\/seerose-obertraun.com\/wp-content\/uploads\/2013\/12\/krippenstein-08-100x100.jpg 100w, http:\/\/seerose-obertraun.com\/wp-content\/uploads\/2013\/12\/krippenstein-08-55x55.jpg 55w\" sizes=\"(max-width: 150px) 100vw, 150px\" \/><\/a>\n\t\t\t<\/dt>\n\t\t\t\t<dd class='wp-caption-text gallery-caption' id='gallery-6-1825'>\n\t\t\t\tKrippenstein\n\t\t\t\t<\/dd><\/dl><br style=\"clear: both\" \/>\n\t\t<\/div>\n\n<h2><span>Ski Touring<\/span><\/h2>\n<p>The Krippenstein offers a huge variation for ski touring from routes of a few hours to much more challenging routes that take all day. Again, Outdoor Leadership are on hand for those unfamiliar with ski touring with courses which include equipment hires through to guides for those more experienced ski tourers wanting to get the best out of their time here.<\/p>\n<p>Ski touring courses are tailor made for you \u2013 here is a sample of what\u2019s available.<\/p>\n<p>Ski touring from Outdoor Leadership<\/p>\n<p>1. Ski touring \u2013 training for beginners.<br \/>\n2. Combination of short ascents with long downhill runs<br \/>\n3. One day ski touring or more<br \/>\n4. Dachstein \u2013 traversing the glacier<\/p>\n<p>See <a title=\"www.outdoor-leadership.com \" href=\"http:\/\/www.outdoor-leadership.com \" target=\"_blank\">www.outdoor-leadership.com <\/a><\/p>","protected":false},"excerpt":{"rendered":"<p>S\u00ed \u00fcd\u00fcl\u0151 Gosau \u2013 Nyugat Dachstein Gosau \u2013 Rusbach \u2013 Annaberg Nyugat Dachstein: Tiszta \u00e9lvezet \u2013 s\u00ed vonalon \u00e9s azon k\u00edv\u00fcl! A nyugat Dachstein-i s\u00ed r\u00e9gi\u00f3 meg fogja ihletni. Korl\u00e1tlan sz\u00f3rakoz\u00e1s v\u00e1rja a s\u00edel\u00e9si \u00fatvonalakon, \u00e9s \u00e9lvezetes kikapcsol\u00f3d\u00e1s az Alpokban. A hegyr\u0151l ny\u00edl\u00f3 csod\u00e1latos kil\u00e1t\u00e1s is seg\u00edt, hogy megfeledkezz\u00fcnk a mindennapok f\u00e1radalmair\u00f3l. T\u00f6bbet szeretne, mint<\/p>\n","protected":false},"author":1,"featured_media":0,"parent":0,"menu_order":0,"comment_status":"closed","ping_status":"open","template":"","meta":[],"aioseo_notices":[],"_links":{"self":[{"href":"http:\/\/seerose-obertraun.com\/hu\/wp-json\/wp\/v2\/pages\/1117"}],"collection":[{"href":"http:\/\/seerose-obertraun.com\/hu\/wp-json\/wp\/v2\/pages"}],"about":[{"href":"http:\/\/seerose-obertraun.com\/hu\/wp-json\/wp\/v2\/types\/page"}],"author":[{"embeddable":true,"href":"http:\/\/seerose-obertraun.com\/hu\/wp-json\/wp\/v2\/users\/1"}],"replies":[{"embeddable":true,"href":"http:\/\/seerose-obertraun.com\/hu\/wp-json\/wp\/v2\/comments?post=1117"}],"version-history":[{"count":16,"href":"http:\/\/seerose-obertraun.com\/hu\/wp-json\/wp\/v2\/pages\/1117\/revisions"}],"predecessor-version":[{"id":3659,"href":"http:\/\/seerose-obertraun.com\/hu\/wp-json\/wp\/v2\/pages\/1117\/revisions\/3659"}],"wp:attachment":[{"href":"http:\/\/seerose-obertraun.com\/hu\/wp-json\/wp\/v2\/media?parent=1117"}],"curies":[{"name":"wp","href":"https:\/\/api.w.org\/{rel}","templated":true}]}}