{"id":1121,"date":"2013-12-28T09:03:26","date_gmt":"2013-12-28T09:03:26","guid":{"rendered":"http:\/\/seerose-obertraun.com\/?page_id=1121"},"modified":"2016-10-21T20:02:32","modified_gmt":"2016-10-21T19:02:32","slug":"winter_ski_hire","status":"publish","type":"page","link":"http:\/\/seerose-obertraun.com\/hu\/winter_ski_hire.htm","title":{"rendered":"S\u00edk\u00f6lcs\u00f6nz\u00e9s"},"content":{"rendered":"<p>Fritz \u00e9s Nadja Feuerer egy\u00fctt \u00fczemeltetnek egy s\u00edk\u00f6lcs\u00f6nz\u0151t, ami a hotelt\u0151l csup\u00e1n 2 percre tal\u00e1lhat\u00f3. Hozz\u00e1\u00e9rt\u00e9s\u00fcknek k\u00f6sz\u00f6nhet\u0151en csak els\u0151 oszt\u00e1ly\u00f3 s\u00edfelszerel\u00e9st forgalmaznak.<\/p>\n<p>Foglalje el el\u0151re s\u00edl\u00e9ceit, \u00edgy felgyors\u00edthatja a k\u00f6lcs\u00f6nz\u00e9s folyamat\u00e1t. A helysz\u00ednen, illetve honlapunkon kereszt\u00fcl is foglalhat. Abban az esetben, ha elfelejten\u00e9 a sz\u00fcks\u00e9ges kieg\u00e9sz\u00edt\u0151ket mag\u00e1val hozni (naptej, sapka, keszty\u0171 ), n\u00e1lunk ezeket megtal\u00e1lhatja.<\/p>\n<p>N\u00e9zze meg : <a href=\"http:\/\/www.fischerski-shop.at\">www.fischerski-shop.at<\/a> vagy email: <a href=\"mailto:f.feuerer.@fischerski-shop.at\">f.feuerer.@fischerski-shop.at<\/a><\/p>","protected":false},"excerpt":{"rendered":"<p>Fritz \u00e9s Nadja Feuerer egy\u00fctt \u00fczemeltetnek egy s\u00edk\u00f6lcs\u00f6nz\u0151t, ami a hotelt\u0151l csup\u00e1n 2 percre tal\u00e1lhat\u00f3. Hozz\u00e1\u00e9rt\u00e9s\u00fcknek k\u00f6sz\u00f6nhet\u0151en csak els\u0151 oszt\u00e1ly\u00f3 s\u00edfelszerel\u00e9st forgalmaznak. Foglalje el el\u0151re s\u00edl\u00e9ceit, \u00edgy felgyors\u00edthatja a k\u00f6lcs\u00f6nz\u00e9s folyamat\u00e1t. A helysz\u00ednen, illetve honlapunkon kereszt\u00fcl is foglalhat. Abban az esetben, ha elfelejten\u00e9 a sz\u00fcks\u00e9ges kieg\u00e9sz\u00edt\u0151ket mag\u00e1val hozni (naptej, sapka, keszty\u0171 ), n\u00e1lunk ezeket megtal\u00e1lhatja.<\/p>\n","protected":false},"author":1,"featured_media":0,"parent":0,"menu_order":0,"comment_status":"closed","ping_status":"open","template":"","meta":[],"aioseo_notices":[],"_links":{"self":[{"href":"http:\/\/seerose-obertraun.com\/hu\/wp-json\/wp\/v2\/pages\/1121"}],"collection":[{"href":"http:\/\/seerose-obertraun.com\/hu\/wp-json\/wp\/v2\/pages"}],"about":[{"href":"http:\/\/seerose-obertraun.com\/hu\/wp-json\/wp\/v2\/types\/page"}],"author":[{"embeddable":true,"href":"http:\/\/seerose-obertraun.com\/hu\/wp-json\/wp\/v2\/users\/1"}],"replies":[{"embeddable":true,"href":"http:\/\/seerose-obertraun.com\/hu\/wp-json\/wp\/v2\/comments?post=1121"}],"version-history":[{"count":4,"href":"http:\/\/seerose-obertraun.com\/hu\/wp-json\/wp\/v2\/pages\/1121\/revisions"}],"predecessor-version":[{"id":3660,"href":"http:\/\/seerose-obertraun.com\/hu\/wp-json\/wp\/v2\/pages\/1121\/revisions\/3660"}],"wp:attachment":[{"href":"http:\/\/seerose-obertraun.com\/hu\/wp-json\/wp\/v2\/media?parent=1121"}],"curies":[{"name":"wp","href":"https:\/\/api.w.org\/{rel}","templated":true}]}}