{"id":1124,"date":"2013-12-28T09:05:47","date_gmt":"2013-12-28T09:05:47","guid":{"rendered":"http:\/\/seerose-obertraun.com\/?page_id=1124"},"modified":"2016-10-21T20:04:14","modified_gmt":"2016-10-21T19:04:14","slug":"snow_fun","status":"publish","type":"page","link":"http:\/\/seerose-obertraun.com\/hu\/snow_fun.htm","title":{"rendered":"Havas m\u00f3ka"},"content":{"rendered":"<p><div class=\"messagebox blue\">Abban az esetben, ha s\u00edel\u00e9s nem \u00e1ll k\u00f6zel \u00d6nh\u00f6z, vagy csak egy eg\u00e9szen m\u00e1s dolgot szeretne kipr\u00f3b\u00e1lni, sz\u00e1mtalan program k\u00f6z\u00fcl v\u00e1laszthat.<\/div>\n<h2><span>Sz\u00e1nk\u00f3z\u00e1s<\/span><\/h2>\n<p>Nem messze Obertraun-t\u00f3l, Postalm fantasztikus sz\u00e1nk\u00f3z\u00e1sra alkalmas ter\u00fclettel rendelkezik. A jegy \u00e1r mag\u00e1ban foglalja az \u00f6sszes k\u00fcl\u00f6nb\u00f6z\u0151 sz\u00e1nk\u00f3 ingyenes haszn\u00e1lat\u00e1t. Mozg\u00f3 sz\u0151nyeg seg\u00edti a cs\u00facsra jut\u00e1st a l\u00e1bak v\u00e9delme \u00e9rdek\u00e9ben. A sz\u00e9les v\u00f6lgy napos \u00e9s az \u00e9ttermek j\u00f3 kil\u00e1t\u00e1st ny\u00fajtanak a k\u00f6rnyez\u0151 lejt\u0151kre.<\/p>\n<p>B\u0151vebben: <a href=\"http:\/\/www.postalm.at\">www.postalm.at<\/a><\/p>\n<p>A faluban sok remek hely van a sz\u00e1nk\u00f3z\u00e1sra &#8211; k\u00f6vess\u00e9k a helyi gyerekeket.<\/p>\n<h2><span>Havas s\u00e9ta t\u00far\u00e1k<\/span><\/h2>\n<p>Ez helyi szervezeten kereszt\u00fcl val\u00f3sulhat meg. Az \u00e1rban benne van a felszerel\u00e9s \u00e9s sz\u00e1mos k\u00fcl\u00f6nb\u00f6z\u0151 \u00fatvonalat k\u00edn\u00e1lnak. Eg\u00e9szen az egy napos t\u00far\u00e1t\u00f3l a t\u00f6bb napos t\u00far\u00e1ig, ami mag\u00e1ban foglalja egy iglu kunyh\u00f3 meg\u00e9p\u00edt\u00e9s\u00e9t.<\/p>\n<p>B\u0151vebb inform\u00e1ci\u00f3 : <a href=\"http:\/\/www.outdoor-leadership.com\">www.outdoor-leadership.com<\/a><\/p>\n<p>Alapvet\u0151en saj\u00e1t maga is b\u00e9relhet cip\u0151t \u00e9s felfedezheti a sok helyi \u00f6sv\u00e9nyt.<\/p>\n<h2><span>Orsz\u00e1g \u00e1tszel\u0151 s\u00edel\u00e9s<\/span><\/h2>\n<p>Ha a hegyen lefel\u00e9 val\u00f3 s\u00edel\u00e9s nem vonz\u00f3, mi\u00e9rt nem pr\u00f3b\u00e1lja ki az orsz\u00e1got \u00e1tszel\u0151 s\u00edel\u00e9st? Van egy gy\u00f6ny\u00f6r\u0171 \u00fatvonal ami a hotelt\u0151l p\u00e1r m\u00e9terre fekszik a falu k\u00f6r\u00fcl \u00e9s eg\u00e9szen az erd\u0151ig terjed. Eg\u00e9szen var\u00e1zslatos \u00e9lm\u00e9ny. S\u00edfelszerel\u00e9st a helyi boltb\u00f3l tud k\u00f6lcs\u00f6n\u00f6zni.<br \/>\nKeresse a k\u00f6lcs\u00f6nz\u0151t tov\u00e1bbi inform\u00e1ci\u00f3k\u00e9rt. Az \u00f6sv\u00e9ny haszn\u00e1lata ingyenes.<\/p>\n<p>Abban az esetben, ha nagyon kedveli, van egy kiv\u00e1l\u00f3 \u00fatvonal Gosau-ban \u00e9s Bad Goisern-ben is. A t\u00e9rk\u00e9pek el\u00e9rhet\u0151k.<\/p>\n<h2><span>Lovas sz\u00e1nk\u00f3z\u00e1s \u00e9s lovagl\u00e1s<\/span><\/h2>\n<p>A helyi lovagl\u00f3 iskola 1 \u00f3r\u00e1s lovas sz\u00e1nk\u00f3z\u00e1st k\u00edn\u00e1l. A lovagl\u00e1s a t\u00e9li h\u00f3napokban is el\u00e9rhet\u0151. (12 eur\u00f3 per \u00f3ra).<\/p>","protected":false},"excerpt":{"rendered":"<p>Sz\u00e1nk\u00f3z\u00e1s Nem messze Obertraun-t\u00f3l, Postalm fantasztikus sz\u00e1nk\u00f3z\u00e1sra alkalmas ter\u00fclettel rendelkezik. A jegy \u00e1r mag\u00e1ban foglalja az \u00f6sszes k\u00fcl\u00f6nb\u00f6z\u0151 sz\u00e1nk\u00f3 ingyenes haszn\u00e1lat\u00e1t. Mozg\u00f3 sz\u0151nyeg seg\u00edti a cs\u00facsra jut\u00e1st a l\u00e1bak v\u00e9delme \u00e9rdek\u00e9ben. A sz\u00e9les v\u00f6lgy napos \u00e9s az \u00e9ttermek j\u00f3 kil\u00e1t\u00e1st ny\u00fajtanak a k\u00f6rnyez\u0151 lejt\u0151kre. B\u0151vebben: www.postalm.at A faluban sok remek hely van a sz\u00e1nk\u00f3z\u00e1sra &#8211;<\/p>\n","protected":false},"author":1,"featured_media":0,"parent":0,"menu_order":0,"comment_status":"closed","ping_status":"open","template":"","meta":[],"aioseo_notices":[],"_links":{"self":[{"href":"http:\/\/seerose-obertraun.com\/hu\/wp-json\/wp\/v2\/pages\/1124"}],"collection":[{"href":"http:\/\/seerose-obertraun.com\/hu\/wp-json\/wp\/v2\/pages"}],"about":[{"href":"http:\/\/seerose-obertraun.com\/hu\/wp-json\/wp\/v2\/types\/page"}],"author":[{"embeddable":true,"href":"http:\/\/seerose-obertraun.com\/hu\/wp-json\/wp\/v2\/users\/1"}],"replies":[{"embeddable":true,"href":"http:\/\/seerose-obertraun.com\/hu\/wp-json\/wp\/v2\/comments?post=1124"}],"version-history":[{"count":9,"href":"http:\/\/seerose-obertraun.com\/hu\/wp-json\/wp\/v2\/pages\/1124\/revisions"}],"predecessor-version":[{"id":3661,"href":"http:\/\/seerose-obertraun.com\/hu\/wp-json\/wp\/v2\/pages\/1124\/revisions\/3661"}],"wp:attachment":[{"href":"http:\/\/seerose-obertraun.com\/hu\/wp-json\/wp\/v2\/media?parent=1124"}],"curies":[{"name":"wp","href":"https:\/\/api.w.org\/{rel}","templated":true}]}}