{"id":1151,"date":"2013-12-28T11:25:28","date_gmt":"2013-12-28T11:25:28","guid":{"rendered":"http:\/\/seerose-obertraun.com\/?page_id=1151"},"modified":"2016-10-21T20:25:47","modified_gmt":"2016-10-21T19:25:47","slug":"summer_activities","status":"publish","type":"page","link":"http:\/\/seerose-obertraun.com\/hu\/summer_activities.htm","title":{"rendered":"Ny\u00e1ri tev\u00e9kenys\u00e9gek"},"content":{"rendered":"<p><\/p>\n<h2><span>Kenuz\u00e1s Obertraun-ban<\/span><\/h2>\n<p>Ha v\u00edzi sportokr\u00f3l van sz\u00f3 \u2013 legyen az kenuz\u00e1s, v\u00edzis\u00ed, ak\u00e1r vadv\u00edzi evez\u00e9s \u2013 k\u00e9t helyi c\u00e9g k\u00edn\u00e1l nagyszer\u0171 lehet\u0151s\u00e9geket, illetve eszk\u00f6z\u00f6ket e sportok kipr\u00f3b\u00e1l\u00e1s\u00e1ra.<br \/>\nAz al\u00e1bbi linkeken megtekinthetj\u00fck az aktu\u00e1lis aj\u00e1nlatokat.<\/p>\n<p><a href=\"http:\/\/www.bogensport-zopf.at\">www.bogensport-zopf.at<\/a><br \/>\n<a href=\"http:\/\/www.outdoor-leadership.com\">www.outdoor-leadership.com<\/a><\/p>\n<h2><span><strong>Kir\u00e1ndul\u00e1s \u00e9s hegym\u00e1sz\u00e1<\/strong>s<\/span><\/h2>\n<p>Salzkammergut bels\u0151 r\u00e9sze a t\u00far\u00e1z\u00f3k \u00e9s kir\u00e1ndul\u00f3k paradicsoma a v\u00e9gtelen erd\u0151kkel, vadvir\u00e1gos mez\u0151kkel \u00e9s krist\u00e1lytiszta v\u00edzzel. Mind emell\u00e9 p\u00e1rosul a csod\u00e1latos Dachstein-i l\u00e1tv\u00e1ny.\u00a0 A tan\u00f6sv\u00e9nyek \u00e9s t\u00fara\u00fatvonalak j\u00f3l t\u00e1bl\u00e1zottak, de ig\u00e9nybe vehetj\u00fck a t\u00faravezet\u0151k seg\u00edts\u00e9g\u00e9t is. Ezen t\u00far\u00e1k nagy r\u00e9sze augusztus k\u00f6zep\u00e9n indulnak, \u00e9s okt\u00f3ber v\u00e9g\u00e9ig tartanak. T\u00far\u00e1kra turista irod\u00e1kban tudunk jelentkezni, illetve onnan kaphatunk t\u00e1j\u00e9koztat\u00e1st.<\/p>\n<p>Tov\u00e1bbi inform\u00e1ci\u00f3: <a href=\"http:\/\/www.wanderherbst.net\">www.wanderherbst.net<\/a><\/p>\n<h2><span>Hegyi bicikliz\u00e9s<\/span><\/h2>\n<p>K\u00f6r\u00fclbel\u00fcl 400 km-nyi erre a c\u00e9lra kijel\u00f6lt bicikli \u00e9s k\u00f6rutak vannak kialak\u00edtva a ter\u00fcleten. A fogad\u00f3k \u00e9s b\u00fcf\u00e9khez sok let\u00e9r\u0151 van kijel\u00f6lve, amin kereszt\u00fcl el\u00e9rhetj\u00fck azokat. Az \u00fatvonalak \u00e9s a t\u00e9rk\u00e9pek el\u00e9rhet\u0151ek a turista irod\u00e1ban.<\/p>\n<p><strong>Tov\u00e1bbi inform\u00e1ci\u00f3: <\/strong><a href=\"http:\/\/www.biken.at\"><strong>www.biken.at<\/strong><\/a><\/p>\n<h2><span>Lovagl\u00e1s<\/span><\/h2>\n<p>Sokkal t\u00f6bb, mint egy \u00e1tlagos lovagl\u00f3\u00f3ra! Ig\u00e9ny szerint lehet\u0151s\u00e9g van a lovak sz\u0151r\u00e9nek \u00e1pol\u00e1s\u00e1ra, a nyergel\u00e9sre, majd a lovagl\u00e1sra is. Az \u00e1rak 12\u20ac\/\u00f3r\u00e1t\u00f3l kezd\u0151dnek.<\/p>\n<h2><span>Tenisz<\/span><\/h2>\n<p>A v\u00e1rosban k\u00e9t teniszp\u00e1lya is van, ahol lehet\u0151s\u00e9g szerint b\u00e9relhet\u00fcnk \u00fct\u0151ket.<\/p>\n<h2><span>Golf<\/span><\/h2>\n<p>A t\u00f3 k\u00f6rzet\u00e9ben tal\u00e1lhat\u00f3 Ausztria legr\u00e9gebbi golfp\u00e1lya. A magas, \u0151si f\u00e1j, a m\u00e9lyk\u00e9k t\u00f3, t\u00faln\u0151tt bokrok mind hozz\u00e1j\u00e1rulnak ap\u00e1lya b\u0171b\u00e1j\u00e1hoz. \u00c9l\u00e9nkz\u00f6ld p\u00e1zsit, tavak, bokrok, \u00e9s a 16. lyukn\u00e1l a Salzkammergut-i hegyek csod\u00e1s l\u00e1tv\u00e1nya v\u00e1r minden j\u00e1t\u00e9kosra.<\/p>\n<p>Tov\u00e1bbi inform\u00e1ci\u00f3:<br \/>\nTel.: 06132-26304<br \/>\nFax: 06132-26708<br \/>\n<a href=\"mailto:office@salzkamergut-golf.at\">office@salzkamergut-golf.at<\/a><br \/>\n<a href=\"http:\/\/www.salzkammergut-golf.at\/de\/startseite.html\">http:\/\/www.salzkammergut-golf.at\/de\/startseite.html<\/a><\/p>\n<h2><span>\u00dasz\u00e1s<\/span><\/h2>\n<p>A t\u00f3partstrandja kevesebb, mint egy perc alatt el\u00e9rhet\u0151 a hotelt\u0151l. Itt a t\u00f3 sek\u00e9ly parttal rendelkezik,a v\u00edz hamar felmelegszik, gyerekek sz\u00e1m\u00e1ra is kiv\u00e1l\u00f3. Kialak\u00edt\u00e1sra ker\u00fclt egy r\u00f6plabda p\u00e1lya \u00e9s j\u00e1tsz\u00f3t\u00e9r is.<\/p>\n<p>K\u00e9t strand is van a k\u00f6rny\u00e9ken, az egyik Bad Gosiem-ben, a m\u00e1sik pedig Bad Ischl-ben. Mindekett\u0151 strandon tal\u00e1lunk gyermek-, csal\u00e1di-, \u00fasz\u00f3- \u00e9s b\u00fav\u00e1rmedenc\u00e9je. Bad Ischl-ben gy\u00f3gy-,m\u00edg Gosau-bn belt\u00e9ri medenc\u00e9t is tal\u00e1lunk.<\/p>\n<h2><span>Ny\u00e1ri Sz\u00e1nk\u00f3futam<\/span><\/h2>\n<p>A Wolfgang foly\u00f3n\u00e1l tal\u00e1ljuk Eur\u00f3pa leghosszabb sz\u00e1nk\u00f3futam p\u00e1ly\u00e1j\u00e1t, amely 10:00-t\u00f3l v\u00e1rja az \u00e9rdekl\u0151d\u0151ket.<\/p>\n<h2><span>A k\u00e9k kupola<\/span><\/h2>\n<p>Obertraun-t\u00f3l 35 perc aut\u00f3\u00fatra tal\u00e1ljuk ezt az aquaparkot. A park fedett, \u00edgy nem szabhatja kedv\u00fcnket az id\u0151j\u00e1r\u00e1s sem, ha szeretn\u00e9nk kipr\u00f3b\u00e1lni.<br \/>\nTov\u00e1bbi inform\u00e1ci\u00f3: <a href=\"http:\/\/www.bluedome.at\">www.bluedome.at<\/a><\/p>\n<h2><span>St. Wolfgang<\/span><\/h2>\n<p>A Wolfgang t\u00f3 sz\u00e9l\u00e9n tal\u00e1lhat\u00f3 tradicion\u00e1lis kis v\u00e1roska, ahol megtal\u00e1ljuk a nevezetes Schafbergbahn g\u0151zvasutat, hint\u00f3s \u00e9s lovas kocsik\u00e1z\u00e1si lehet\u0151s\u00e9gek k\u00f6z\u00fcl v\u00e1logathatunk.<\/p>\n<p>Tov\u00e1bbi inform\u00e1ci\u00f3: <a href=\"http:\/\/wolfgangsee.salzkammergut.at\/\">http:\/\/wolfgangsee.salzkammergut.at\/<\/a><\/p>\n<p>&nbsp;<\/p>","protected":false},"excerpt":{"rendered":"<p>Kenuz\u00e1s Obertraun-ban Ha v\u00edzi sportokr\u00f3l van sz\u00f3 \u2013 legyen az kenuz\u00e1s, v\u00edzis\u00ed, ak\u00e1r vadv\u00edzi evez\u00e9s \u2013 k\u00e9t helyi c\u00e9g k\u00edn\u00e1l nagyszer\u0171 lehet\u0151s\u00e9geket, illetve eszk\u00f6z\u00f6ket e sportok kipr\u00f3b\u00e1l\u00e1s\u00e1ra. Az al\u00e1bbi linkeken megtekinthetj\u00fck az aktu\u00e1lis aj\u00e1nlatokat. www.bogensport-zopf.at www.outdoor-leadership.com Kir\u00e1ndul\u00e1s \u00e9s hegym\u00e1sz\u00e1s Salzkammergut bels\u0151 r\u00e9sze a t\u00far\u00e1z\u00f3k \u00e9s kir\u00e1ndul\u00f3k paradicsoma a v\u00e9gtelen erd\u0151kkel, vadvir\u00e1gos mez\u0151kkel \u00e9s krist\u00e1lytiszta v\u00edzzel.<\/p>\n","protected":false},"author":1,"featured_media":0,"parent":0,"menu_order":0,"comment_status":"closed","ping_status":"open","template":"","meta":[],"aioseo_notices":[],"_links":{"self":[{"href":"http:\/\/seerose-obertraun.com\/hu\/wp-json\/wp\/v2\/pages\/1151"}],"collection":[{"href":"http:\/\/seerose-obertraun.com\/hu\/wp-json\/wp\/v2\/pages"}],"about":[{"href":"http:\/\/seerose-obertraun.com\/hu\/wp-json\/wp\/v2\/types\/page"}],"author":[{"embeddable":true,"href":"http:\/\/seerose-obertraun.com\/hu\/wp-json\/wp\/v2\/users\/1"}],"replies":[{"embeddable":true,"href":"http:\/\/seerose-obertraun.com\/hu\/wp-json\/wp\/v2\/comments?post=1151"}],"version-history":[{"count":7,"href":"http:\/\/seerose-obertraun.com\/hu\/wp-json\/wp\/v2\/pages\/1151\/revisions"}],"predecessor-version":[{"id":3669,"href":"http:\/\/seerose-obertraun.com\/hu\/wp-json\/wp\/v2\/pages\/1151\/revisions\/3669"}],"wp:attachment":[{"href":"http:\/\/seerose-obertraun.com\/hu\/wp-json\/wp\/v2\/media?parent=1151"}],"curies":[{"name":"wp","href":"https:\/\/api.w.org\/{rel}","templated":true}]}}