{"id":1201,"date":"2013-12-28T14:43:33","date_gmt":"2013-12-28T14:43:33","guid":{"rendered":"http:\/\/seerose-obertraun.com\/?page_id=1201"},"modified":"2016-10-21T20:38:07","modified_gmt":"2016-10-21T19:38:07","slug":"hallstatt","status":"publish","type":"page","link":"http:\/\/seerose-obertraun.com\/hu\/hallstatt.htm","title":{"rendered":"Hallstatt"},"content":{"rendered":"<p><strong>Hallstatt v\u00e1rosa gyorsan el\u00e9rhet\u0151. Obertraun-t\u00f3l 4 km-re tal\u00e1lhat\u00f3, \u00e9s komppal is megk\u00f6zel\u00edthet\u0151.<\/strong><\/p>\n<p>Hallstatt egyik nevezetess\u00e9ge a Salzberg-hegyi s\u00f3b\u00e1ny\u00e1k, amelyek a legr\u00e9gebben m\u0171k\u00f6d\u0151 b\u00e1ny\u00e1k a vil\u00e1gon. A ter\u00fclet\u00e9n vaskori leletekre bukkantak, \u00edgy eg\u00e9sz kultur\u00e1lis korszakot t\u00e1rva fel, amelyet elis neveztek Hallstatt-i kornak (i.e. 800-400). Mivel ma is m\u0171k\u00f6d\u0151k\u00e9pesek a mai b\u00e1ny\u00e1k, ez\u00e9rt ez a r\u00e9sz a legr\u00e9gebben m\u0171k\u00f6d\u0151 ipari k\u00f6z\u00f6ss\u00e9g az eg\u00e9sz vil\u00e1gon.<\/p>\n<p>Az \u00faj Hallstatt-i Vil\u00e1g\u00f6r\u00f6ks\u00e9g Kultur\u00e1lis M\u00fazeum a ter\u00fclet 7000 \u00e9vnyi t\u00f6rt\u00e9nelm\u00e9t foglalja mag\u00e1ba. A m\u00fazeum kiv\u00e9teles betekint\u00e9st ny\u00fajt ebbe az elk\u00e9peszt\u0151 vil\u00e1gba. A r\u00e9gi\u00f3 t\u00f6rt\u00e9nelm\u00e9t vizu\u00e1lis effektekkel \u00e9s programokkal mutatj\u00e1k be, \u00edgy a csal\u00e1d minden tagja megtal\u00e1lja a sz\u00e1m\u00e1ra \u00e9rdekes elfoglalts\u00e1got.<\/p>\n<p><strong>Nyitva tart\u00e1s:<\/strong><br \/>\nm\u00e1jus-okt\u00f3ber k\u00f6z\u00f6tt: minden nap 09:00-18:00<br \/>\nj\u00falius \u00e9s augusztus: minden nap 09:00-19:00<br \/>\nnovember-m\u00e1rcius k\u00f6z\u00f6tt: 10:00-16:00 (h\u00e9tf\u0151nk\u00e9nt z\u00e1rva)<\/p>\n<p>\n\t\t<style type=\"text\/css\">\n\t\t\t#gallery-2 {\n\t\t\t\tmargin: auto;\n\t\t\t}\n\t\t\t#gallery-2 .gallery-item {\n\t\t\t\tfloat: left;\n\t\t\t\tmargin-top: 10px;\n\t\t\t\ttext-align: center;\n\t\t\t\twidth: 33%;\n\t\t\t}\n\t\t\t#gallery-2 img {\n\t\t\t\tborder: 2px solid #cfcfcf;\n\t\t\t}\n\t\t\t#gallery-2 .gallery-caption {\n\t\t\t\tmargin-left: 0;\n\t\t\t}\n\t\t\t\/* see gallery_shortcode() in wp-includes\/media.php *\/\n\t\t<\/style>\n\t\t<div id='gallery-2' class='gallery galleryid-1201 gallery-columns-3 gallery-size-thumbnail'><dl class='gallery-item'>\n\t\t\t<dt class='gallery-icon landscape'>\n\t\t\t\t<a href='http:\/\/seerose-obertraun.com\/wp-content\/uploads\/2013\/12\/hallstatt-01.jpg' rel=\"fancyimg\"><img width=\"150\" height=\"150\" src=\"http:\/\/seerose-obertraun.com\/wp-content\/uploads\/2013\/12\/hallstatt-01-150x150.jpg\" class=\"attachment-thumbnail size-thumbnail\" alt=\"\" decoding=\"async\" loading=\"lazy\" aria-describedby=\"gallery-2-1503\" srcset=\"http:\/\/seerose-obertraun.com\/wp-content\/uploads\/2013\/12\/hallstatt-01-150x150.jpg 150w, http:\/\/seerose-obertraun.com\/wp-content\/uploads\/2013\/12\/hallstatt-01-100x100.jpg 100w, http:\/\/seerose-obertraun.com\/wp-content\/uploads\/2013\/12\/hallstatt-01-55x55.jpg 55w\" sizes=\"(max-width: 150px) 100vw, 150px\" \/><\/a>\n\t\t\t<\/dt>\n\t\t\t\t<dd class='wp-caption-text gallery-caption' id='gallery-2-1503'>\n\t\t\t\tHallstatt\n\t\t\t\t<\/dd><\/dl><dl class='gallery-item'>\n\t\t\t<dt class='gallery-icon landscape'>\n\t\t\t\t<a href='http:\/\/seerose-obertraun.com\/wp-content\/uploads\/2013\/12\/hallstatt-02.jpg' rel=\"fancyimg\"><img width=\"150\" height=\"150\" src=\"http:\/\/seerose-obertraun.com\/wp-content\/uploads\/2013\/12\/hallstatt-02-150x150.jpg\" class=\"attachment-thumbnail size-thumbnail\" alt=\"\" decoding=\"async\" loading=\"lazy\" aria-describedby=\"gallery-2-1504\" srcset=\"http:\/\/seerose-obertraun.com\/wp-content\/uploads\/2013\/12\/hallstatt-02-150x150.jpg 150w, http:\/\/seerose-obertraun.com\/wp-content\/uploads\/2013\/12\/hallstatt-02-100x100.jpg 100w, http:\/\/seerose-obertraun.com\/wp-content\/uploads\/2013\/12\/hallstatt-02-55x55.jpg 55w\" sizes=\"(max-width: 150px) 100vw, 150px\" \/><\/a>\n\t\t\t<\/dt>\n\t\t\t\t<dd class='wp-caption-text gallery-caption' id='gallery-2-1504'>\n\t\t\t\tHallstatt\n\t\t\t\t<\/dd><\/dl><dl class='gallery-item'>\n\t\t\t<dt class='gallery-icon landscape'>\n\t\t\t\t<a href='http:\/\/seerose-obertraun.com\/wp-content\/uploads\/2013\/12\/hallstatt-03.jpg' rel=\"fancyimg\"><img width=\"150\" height=\"150\" src=\"http:\/\/seerose-obertraun.com\/wp-content\/uploads\/2013\/12\/hallstatt-03-150x150.jpg\" class=\"attachment-thumbnail size-thumbnail\" alt=\"\" decoding=\"async\" loading=\"lazy\" aria-describedby=\"gallery-2-1505\" srcset=\"http:\/\/seerose-obertraun.com\/wp-content\/uploads\/2013\/12\/hallstatt-03-150x150.jpg 150w, http:\/\/seerose-obertraun.com\/wp-content\/uploads\/2013\/12\/hallstatt-03-100x100.jpg 100w, http:\/\/seerose-obertraun.com\/wp-content\/uploads\/2013\/12\/hallstatt-03-55x55.jpg 55w\" sizes=\"(max-width: 150px) 100vw, 150px\" \/><\/a>\n\t\t\t<\/dt>\n\t\t\t\t<dd class='wp-caption-text gallery-caption' id='gallery-2-1505'>\n\t\t\t\tHallstatt\n\t\t\t\t<\/dd><\/dl><br style=\"clear: both\" \/><dl class='gallery-item'>\n\t\t\t<dt class='gallery-icon landscape'>\n\t\t\t\t<a href='http:\/\/seerose-obertraun.com\/wp-content\/uploads\/2013\/12\/hallstatt-04.jpg' rel=\"fancyimg\"><img width=\"150\" height=\"150\" src=\"http:\/\/seerose-obertraun.com\/wp-content\/uploads\/2013\/12\/hallstatt-04-150x150.jpg\" class=\"attachment-thumbnail size-thumbnail\" alt=\"\" decoding=\"async\" loading=\"lazy\" aria-describedby=\"gallery-2-1506\" srcset=\"http:\/\/seerose-obertraun.com\/wp-content\/uploads\/2013\/12\/hallstatt-04-150x150.jpg 150w, http:\/\/seerose-obertraun.com\/wp-content\/uploads\/2013\/12\/hallstatt-04-100x100.jpg 100w, http:\/\/seerose-obertraun.com\/wp-content\/uploads\/2013\/12\/hallstatt-04-55x55.jpg 55w\" sizes=\"(max-width: 150px) 100vw, 150px\" \/><\/a>\n\t\t\t<\/dt>\n\t\t\t\t<dd class='wp-caption-text gallery-caption' id='gallery-2-1506'>\n\t\t\t\tHallstatt\n\t\t\t\t<\/dd><\/dl><dl class='gallery-item'>\n\t\t\t<dt class='gallery-icon landscape'>\n\t\t\t\t<a href='http:\/\/seerose-obertraun.com\/wp-content\/uploads\/2013\/12\/hallstatt-05.jpg' rel=\"fancyimg\"><img width=\"150\" height=\"150\" src=\"http:\/\/seerose-obertraun.com\/wp-content\/uploads\/2013\/12\/hallstatt-05-150x150.jpg\" class=\"attachment-thumbnail size-thumbnail\" alt=\"\" decoding=\"async\" loading=\"lazy\" aria-describedby=\"gallery-2-1507\" srcset=\"http:\/\/seerose-obertraun.com\/wp-content\/uploads\/2013\/12\/hallstatt-05-150x150.jpg 150w, http:\/\/seerose-obertraun.com\/wp-content\/uploads\/2013\/12\/hallstatt-05-100x100.jpg 100w, http:\/\/seerose-obertraun.com\/wp-content\/uploads\/2013\/12\/hallstatt-05-55x55.jpg 55w\" sizes=\"(max-width: 150px) 100vw, 150px\" \/><\/a>\n\t\t\t<\/dt>\n\t\t\t\t<dd class='wp-caption-text gallery-caption' id='gallery-2-1507'>\n\t\t\t\tHallstatt\n\t\t\t\t<\/dd><\/dl><dl class='gallery-item'>\n\t\t\t<dt class='gallery-icon landscape'>\n\t\t\t\t<a href='http:\/\/seerose-obertraun.com\/wp-content\/uploads\/2013\/12\/hallstatt-06.jpg' rel=\"fancyimg\"><img width=\"150\" height=\"150\" src=\"http:\/\/seerose-obertraun.com\/wp-content\/uploads\/2013\/12\/hallstatt-06-150x150.jpg\" class=\"attachment-thumbnail size-thumbnail\" alt=\"\" decoding=\"async\" loading=\"lazy\" aria-describedby=\"gallery-2-1508\" srcset=\"http:\/\/seerose-obertraun.com\/wp-content\/uploads\/2013\/12\/hallstatt-06-150x150.jpg 150w, http:\/\/seerose-obertraun.com\/wp-content\/uploads\/2013\/12\/hallstatt-06-100x100.jpg 100w, http:\/\/seerose-obertraun.com\/wp-content\/uploads\/2013\/12\/hallstatt-06-55x55.jpg 55w\" sizes=\"(max-width: 150px) 100vw, 150px\" \/><\/a>\n\t\t\t<\/dt>\n\t\t\t\t<dd class='wp-caption-text gallery-caption' id='gallery-2-1508'>\n\t\t\t\tHallstatt\n\t\t\t\t<\/dd><\/dl><br style=\"clear: both\" \/><dl class='gallery-item'>\n\t\t\t<dt class='gallery-icon landscape'>\n\t\t\t\t<a href='http:\/\/seerose-obertraun.com\/wp-content\/uploads\/2013\/12\/hallstatt-07.jpg' rel=\"fancyimg\"><img width=\"150\" height=\"150\" src=\"http:\/\/seerose-obertraun.com\/wp-content\/uploads\/2013\/12\/hallstatt-07-150x150.jpg\" class=\"attachment-thumbnail size-thumbnail\" alt=\"\" decoding=\"async\" loading=\"lazy\" aria-describedby=\"gallery-2-1509\" srcset=\"http:\/\/seerose-obertraun.com\/wp-content\/uploads\/2013\/12\/hallstatt-07-150x150.jpg 150w, http:\/\/seerose-obertraun.com\/wp-content\/uploads\/2013\/12\/hallstatt-07-100x100.jpg 100w, http:\/\/seerose-obertraun.com\/wp-content\/uploads\/2013\/12\/hallstatt-07-55x55.jpg 55w\" sizes=\"(max-width: 150px) 100vw, 150px\" \/><\/a>\n\t\t\t<\/dt>\n\t\t\t\t<dd class='wp-caption-text gallery-caption' id='gallery-2-1509'>\n\t\t\t\tHallstatt\n\t\t\t\t<\/dd><\/dl><dl class='gallery-item'>\n\t\t\t<dt class='gallery-icon landscape'>\n\t\t\t\t<a href='http:\/\/seerose-obertraun.com\/wp-content\/uploads\/2013\/12\/hallstatt-08.jpg' rel=\"fancyimg\"><img width=\"150\" height=\"150\" src=\"http:\/\/seerose-obertraun.com\/wp-content\/uploads\/2013\/12\/hallstatt-08-150x150.jpg\" class=\"attachment-thumbnail size-thumbnail\" alt=\"\" decoding=\"async\" loading=\"lazy\" aria-describedby=\"gallery-2-1510\" srcset=\"http:\/\/seerose-obertraun.com\/wp-content\/uploads\/2013\/12\/hallstatt-08-150x150.jpg 150w, http:\/\/seerose-obertraun.com\/wp-content\/uploads\/2013\/12\/hallstatt-08-100x100.jpg 100w, http:\/\/seerose-obertraun.com\/wp-content\/uploads\/2013\/12\/hallstatt-08-55x55.jpg 55w\" sizes=\"(max-width: 150px) 100vw, 150px\" \/><\/a>\n\t\t\t<\/dt>\n\t\t\t\t<dd class='wp-caption-text gallery-caption' id='gallery-2-1510'>\n\t\t\t\tHallstatt\n\t\t\t\t<\/dd><\/dl><dl class='gallery-item'>\n\t\t\t<dt class='gallery-icon landscape'>\n\t\t\t\t<a href='http:\/\/seerose-obertraun.com\/wp-content\/uploads\/2013\/12\/hallstatt-09.jpg' rel=\"fancyimg\"><img width=\"150\" height=\"150\" src=\"http:\/\/seerose-obertraun.com\/wp-content\/uploads\/2013\/12\/hallstatt-09-150x150.jpg\" class=\"attachment-thumbnail size-thumbnail\" alt=\"\" decoding=\"async\" loading=\"lazy\" aria-describedby=\"gallery-2-1511\" srcset=\"http:\/\/seerose-obertraun.com\/wp-content\/uploads\/2013\/12\/hallstatt-09-150x150.jpg 150w, http:\/\/seerose-obertraun.com\/wp-content\/uploads\/2013\/12\/hallstatt-09-100x100.jpg 100w, http:\/\/seerose-obertraun.com\/wp-content\/uploads\/2013\/12\/hallstatt-09-55x55.jpg 55w\" sizes=\"(max-width: 150px) 100vw, 150px\" \/><\/a>\n\t\t\t<\/dt>\n\t\t\t\t<dd class='wp-caption-text gallery-caption' id='gallery-2-1511'>\n\t\t\t\tHallstatt\n\t\t\t\t<\/dd><\/dl><br style=\"clear: both\" \/><dl class='gallery-item'>\n\t\t\t<dt class='gallery-icon landscape'>\n\t\t\t\t<a href='http:\/\/seerose-obertraun.com\/wp-content\/uploads\/2013\/12\/hallstatt-10.jpg' rel=\"fancyimg\"><img width=\"150\" height=\"150\" src=\"http:\/\/seerose-obertraun.com\/wp-content\/uploads\/2013\/12\/hallstatt-10-150x150.jpg\" class=\"attachment-thumbnail size-thumbnail\" alt=\"\" decoding=\"async\" loading=\"lazy\" aria-describedby=\"gallery-2-1512\" srcset=\"http:\/\/seerose-obertraun.com\/wp-content\/uploads\/2013\/12\/hallstatt-10-150x150.jpg 150w, http:\/\/seerose-obertraun.com\/wp-content\/uploads\/2013\/12\/hallstatt-10-100x100.jpg 100w, http:\/\/seerose-obertraun.com\/wp-content\/uploads\/2013\/12\/hallstatt-10-55x55.jpg 55w\" sizes=\"(max-width: 150px) 100vw, 150px\" \/><\/a>\n\t\t\t<\/dt>\n\t\t\t\t<dd class='wp-caption-text gallery-caption' id='gallery-2-1512'>\n\t\t\t\tHallstatt\n\t\t\t\t<\/dd><\/dl><dl class='gallery-item'>\n\t\t\t<dt class='gallery-icon landscape'>\n\t\t\t\t<a href='http:\/\/seerose-obertraun.com\/wp-content\/uploads\/2013\/12\/hallstatt-11.jpg' rel=\"fancyimg\"><img width=\"150\" height=\"150\" src=\"http:\/\/seerose-obertraun.com\/wp-content\/uploads\/2013\/12\/hallstatt-11-150x150.jpg\" class=\"attachment-thumbnail size-thumbnail\" alt=\"\" decoding=\"async\" loading=\"lazy\" aria-describedby=\"gallery-2-1513\" srcset=\"http:\/\/seerose-obertraun.com\/wp-content\/uploads\/2013\/12\/hallstatt-11-150x150.jpg 150w, http:\/\/seerose-obertraun.com\/wp-content\/uploads\/2013\/12\/hallstatt-11-100x100.jpg 100w, http:\/\/seerose-obertraun.com\/wp-content\/uploads\/2013\/12\/hallstatt-11-55x55.jpg 55w\" sizes=\"(max-width: 150px) 100vw, 150px\" \/><\/a>\n\t\t\t<\/dt>\n\t\t\t\t<dd class='wp-caption-text gallery-caption' id='gallery-2-1513'>\n\t\t\t\tHallstatt\n\t\t\t\t<\/dd><\/dl><dl class='gallery-item'>\n\t\t\t<dt class='gallery-icon landscape'>\n\t\t\t\t<a href='http:\/\/seerose-obertraun.com\/wp-content\/uploads\/2013\/12\/hallstatt-12.jpg' rel=\"fancyimg\"><img width=\"150\" height=\"150\" src=\"http:\/\/seerose-obertraun.com\/wp-content\/uploads\/2013\/12\/hallstatt-12-150x150.jpg\" class=\"attachment-thumbnail size-thumbnail\" alt=\"\" decoding=\"async\" loading=\"lazy\" aria-describedby=\"gallery-2-1514\" srcset=\"http:\/\/seerose-obertraun.com\/wp-content\/uploads\/2013\/12\/hallstatt-12-150x150.jpg 150w, http:\/\/seerose-obertraun.com\/wp-content\/uploads\/2013\/12\/hallstatt-12-100x100.jpg 100w, http:\/\/seerose-obertraun.com\/wp-content\/uploads\/2013\/12\/hallstatt-12-55x55.jpg 55w\" sizes=\"(max-width: 150px) 100vw, 150px\" \/><\/a>\n\t\t\t<\/dt>\n\t\t\t\t<dd class='wp-caption-text gallery-caption' id='gallery-2-1514'>\n\t\t\t\tHallstatt\n\t\t\t\t<\/dd><\/dl><br style=\"clear: both\" \/><dl class='gallery-item'>\n\t\t\t<dt class='gallery-icon landscape'>\n\t\t\t\t<a href='http:\/\/seerose-obertraun.com\/wp-content\/uploads\/2013\/12\/hallstatt-13.jpg' rel=\"fancyimg\"><img width=\"150\" height=\"150\" src=\"http:\/\/seerose-obertraun.com\/wp-content\/uploads\/2013\/12\/hallstatt-13-150x150.jpg\" class=\"attachment-thumbnail size-thumbnail\" alt=\"\" decoding=\"async\" loading=\"lazy\" aria-describedby=\"gallery-2-1515\" srcset=\"http:\/\/seerose-obertraun.com\/wp-content\/uploads\/2013\/12\/hallstatt-13-150x150.jpg 150w, http:\/\/seerose-obertraun.com\/wp-content\/uploads\/2013\/12\/hallstatt-13-100x100.jpg 100w, http:\/\/seerose-obertraun.com\/wp-content\/uploads\/2013\/12\/hallstatt-13-55x55.jpg 55w\" sizes=\"(max-width: 150px) 100vw, 150px\" \/><\/a>\n\t\t\t<\/dt>\n\t\t\t\t<dd class='wp-caption-text gallery-caption' id='gallery-2-1515'>\n\t\t\t\tHallstatt\n\t\t\t\t<\/dd><\/dl><dl class='gallery-item'>\n\t\t\t<dt class='gallery-icon landscape'>\n\t\t\t\t<a href='http:\/\/seerose-obertraun.com\/wp-content\/uploads\/2013\/12\/hallstatt-14.jpg' rel=\"fancyimg\"><img width=\"150\" height=\"150\" src=\"http:\/\/seerose-obertraun.com\/wp-content\/uploads\/2013\/12\/hallstatt-14-150x150.jpg\" class=\"attachment-thumbnail size-thumbnail\" alt=\"\" decoding=\"async\" loading=\"lazy\" aria-describedby=\"gallery-2-1516\" srcset=\"http:\/\/seerose-obertraun.com\/wp-content\/uploads\/2013\/12\/hallstatt-14-150x150.jpg 150w, http:\/\/seerose-obertraun.com\/wp-content\/uploads\/2013\/12\/hallstatt-14-100x100.jpg 100w, http:\/\/seerose-obertraun.com\/wp-content\/uploads\/2013\/12\/hallstatt-14-55x55.jpg 55w\" sizes=\"(max-width: 150px) 100vw, 150px\" \/><\/a>\n\t\t\t<\/dt>\n\t\t\t\t<dd class='wp-caption-text gallery-caption' id='gallery-2-1516'>\n\t\t\t\tHallstatt\n\t\t\t\t<\/dd><\/dl><dl class='gallery-item'>\n\t\t\t<dt class='gallery-icon landscape'>\n\t\t\t\t<a href='http:\/\/seerose-obertraun.com\/wp-content\/uploads\/2013\/12\/hallstatt-15.jpg' rel=\"fancyimg\"><img width=\"150\" height=\"150\" src=\"http:\/\/seerose-obertraun.com\/wp-content\/uploads\/2013\/12\/hallstatt-15-150x150.jpg\" class=\"attachment-thumbnail size-thumbnail\" alt=\"\" decoding=\"async\" loading=\"lazy\" aria-describedby=\"gallery-2-1517\" srcset=\"http:\/\/seerose-obertraun.com\/wp-content\/uploads\/2013\/12\/hallstatt-15-150x150.jpg 150w, http:\/\/seerose-obertraun.com\/wp-content\/uploads\/2013\/12\/hallstatt-15-100x100.jpg 100w, http:\/\/seerose-obertraun.com\/wp-content\/uploads\/2013\/12\/hallstatt-15-55x55.jpg 55w\" sizes=\"(max-width: 150px) 100vw, 150px\" \/><\/a>\n\t\t\t<\/dt>\n\t\t\t\t<dd class='wp-caption-text gallery-caption' id='gallery-2-1517'>\n\t\t\t\tHallstatt\n\t\t\t\t<\/dd><\/dl><br style=\"clear: both\" \/><dl class='gallery-item'>\n\t\t\t<dt class='gallery-icon landscape'>\n\t\t\t\t<a href='http:\/\/seerose-obertraun.com\/wp-content\/uploads\/2013\/12\/hallstatt-18.jpg' rel=\"fancyimg\"><img width=\"150\" height=\"150\" src=\"http:\/\/seerose-obertraun.com\/wp-content\/uploads\/2013\/12\/hallstatt-18-150x150.jpg\" class=\"attachment-thumbnail size-thumbnail\" alt=\"\" decoding=\"async\" loading=\"lazy\" aria-describedby=\"gallery-2-1578\" srcset=\"http:\/\/seerose-obertraun.com\/wp-content\/uploads\/2013\/12\/hallstatt-18-150x150.jpg 150w, http:\/\/seerose-obertraun.com\/wp-content\/uploads\/2013\/12\/hallstatt-18-100x100.jpg 100w, http:\/\/seerose-obertraun.com\/wp-content\/uploads\/2013\/12\/hallstatt-18-55x55.jpg 55w\" sizes=\"(max-width: 150px) 100vw, 150px\" \/><\/a>\n\t\t\t<\/dt>\n\t\t\t\t<dd class='wp-caption-text gallery-caption' id='gallery-2-1578'>\n\t\t\t\tHallstatt\n\t\t\t\t<\/dd><\/dl><dl class='gallery-item'>\n\t\t\t<dt class='gallery-icon landscape'>\n\t\t\t\t<a href='http:\/\/seerose-obertraun.com\/wp-content\/uploads\/2013\/12\/hallstatt-17.jpg' rel=\"fancyimg\"><img width=\"150\" height=\"150\" src=\"http:\/\/seerose-obertraun.com\/wp-content\/uploads\/2013\/12\/hallstatt-17-150x150.jpg\" class=\"attachment-thumbnail size-thumbnail\" alt=\"\" decoding=\"async\" loading=\"lazy\" aria-describedby=\"gallery-2-1579\" srcset=\"http:\/\/seerose-obertraun.com\/wp-content\/uploads\/2013\/12\/hallstatt-17-150x150.jpg 150w, http:\/\/seerose-obertraun.com\/wp-content\/uploads\/2013\/12\/hallstatt-17-100x100.jpg 100w, http:\/\/seerose-obertraun.com\/wp-content\/uploads\/2013\/12\/hallstatt-17-55x55.jpg 55w\" sizes=\"(max-width: 150px) 100vw, 150px\" \/><\/a>\n\t\t\t<\/dt>\n\t\t\t\t<dd class='wp-caption-text gallery-caption' id='gallery-2-1579'>\n\t\t\t\tLake Hallstatt\n\t\t\t\t<\/dd><\/dl><dl class='gallery-item'>\n\t\t\t<dt class='gallery-icon landscape'>\n\t\t\t\t<a href='http:\/\/seerose-obertraun.com\/wp-content\/uploads\/2013\/12\/hallstatt-16.jpg' rel=\"fancyimg\"><img width=\"150\" height=\"150\" src=\"http:\/\/seerose-obertraun.com\/wp-content\/uploads\/2013\/12\/hallstatt-16-150x150.jpg\" class=\"attachment-thumbnail size-thumbnail\" alt=\"\" decoding=\"async\" loading=\"lazy\" aria-describedby=\"gallery-2-1580\" srcset=\"http:\/\/seerose-obertraun.com\/wp-content\/uploads\/2013\/12\/hallstatt-16-150x150.jpg 150w, http:\/\/seerose-obertraun.com\/wp-content\/uploads\/2013\/12\/hallstatt-16-100x100.jpg 100w, http:\/\/seerose-obertraun.com\/wp-content\/uploads\/2013\/12\/hallstatt-16-55x55.jpg 55w\" sizes=\"(max-width: 150px) 100vw, 150px\" \/><\/a>\n\t\t\t<\/dt>\n\t\t\t\t<dd class='wp-caption-text gallery-caption' id='gallery-2-1580'>\n\t\t\t\tLake Hallstatt\n\t\t\t\t<\/dd><\/dl><br style=\"clear: both\" \/>\n\t\t<\/div>\n<\/p>","protected":false},"excerpt":{"rendered":"<p>Hallstatt v\u00e1rosa gyorsan el\u00e9rhet\u0151. Obertraun-t\u00f3l 4 km-re tal\u00e1lhat\u00f3, \u00e9s komppal is megk\u00f6zel\u00edthet\u0151. Hallstatt egyik nevezetess\u00e9ge a Salzberg-hegyi s\u00f3b\u00e1ny\u00e1k, amelyek a legr\u00e9gebben m\u0171k\u00f6d\u0151 b\u00e1ny\u00e1k a vil\u00e1gon. A ter\u00fclet\u00e9n vaskori leletekre bukkantak, \u00edgy eg\u00e9sz kultur\u00e1lis korszakot t\u00e1rva fel, amelyet elis neveztek Hallstatt-i kornak (i.e. 800-400). Mivel ma is m\u0171k\u00f6d\u0151k\u00e9pesek a mai b\u00e1ny\u00e1k, ez\u00e9rt ez a r\u00e9sz a<\/p>\n","protected":false},"author":1,"featured_media":0,"parent":0,"menu_order":0,"comment_status":"closed","ping_status":"open","template":"","meta":[],"aioseo_notices":[],"_links":{"self":[{"href":"http:\/\/seerose-obertraun.com\/hu\/wp-json\/wp\/v2\/pages\/1201"}],"collection":[{"href":"http:\/\/seerose-obertraun.com\/hu\/wp-json\/wp\/v2\/pages"}],"about":[{"href":"http:\/\/seerose-obertraun.com\/hu\/wp-json\/wp\/v2\/types\/page"}],"author":[{"embeddable":true,"href":"http:\/\/seerose-obertraun.com\/hu\/wp-json\/wp\/v2\/users\/1"}],"replies":[{"embeddable":true,"href":"http:\/\/seerose-obertraun.com\/hu\/wp-json\/wp\/v2\/comments?post=1201"}],"version-history":[{"count":11,"href":"http:\/\/seerose-obertraun.com\/hu\/wp-json\/wp\/v2\/pages\/1201\/revisions"}],"predecessor-version":[{"id":3674,"href":"http:\/\/seerose-obertraun.com\/hu\/wp-json\/wp\/v2\/pages\/1201\/revisions\/3674"}],"wp:attachment":[{"href":"http:\/\/seerose-obertraun.com\/hu\/wp-json\/wp\/v2\/media?parent=1201"}],"curies":[{"name":"wp","href":"https:\/\/api.w.org\/{rel}","templated":true}]}}