{"id":1213,"date":"2013-12-28T15:05:56","date_gmt":"2013-12-28T15:05:56","guid":{"rendered":"http:\/\/seerose-obertraun.com\/?page_id=1213"},"modified":"2018-09-24T09:09:35","modified_gmt":"2018-09-24T08:09:35","slug":"apartments","status":"publish","type":"page","link":"http:\/\/seerose-obertraun.com\/hu\/apartments.htm","title":{"rendered":"Apartmanok"},"content":{"rendered":"<p><div class=\"messagebox blue\">A <strong>Seerose Hotel \u00e9s Apartman<\/strong> t\u00e1gas sz\u00e1ll\u00e1slehet\u0151s\u00e9geket k\u00edn\u00e1l a <strong>Salzkammergut<\/strong> r\u00e9gi\u00f3ban tal\u00e1lhat\u00f3 <strong>Obertraun<\/strong>-ban. A Hallstadt-t\u00f3 partj\u00e1t\u00f3l csup\u00e1n egy percre.<\/div>\n<p><a href=\"http:\/\/seerose-obertraun.com\/wp-content\/uploads\/2013\/12\/apartman-hotel-obertraun-23.jpg\" rel=\"fancyimg\"><img decoding=\"async\" loading=\"lazy\" class=\"alignleft wp-image-1635\" src=\"http:\/\/seerose-obertraun.com\/wp-content\/uploads\/2013\/12\/apartman-hotel-obertraun-23-300x199.jpg\" alt=\"Apartment Hotel Seerose Obertraun (Hallstatt) Austria\" width=\"300\" height=\"199\" srcset=\"http:\/\/seerose-obertraun.com\/wp-content\/uploads\/2013\/12\/apartman-hotel-obertraun-23-300x199.jpg 300w, http:\/\/seerose-obertraun.com\/wp-content\/uploads\/2013\/12\/apartman-hotel-obertraun-23.jpg 800w\" sizes=\"(max-width: 300px) 100vw, 300px\" \/><\/a>Az apartmanok teljesen felszelet konyh\u00e1val vannak ell\u00e1tva. Az erk\u00e9lyekr\u0151l csod\u00e1latos kil\u00e1t\u00e1s ny\u00edlik a hegyekre, illetve a t\u00f3ra. Minden lakr\u00e9szhez tartozik egy \u00e9tkez\u0151, valamint van a szob\u00e1kban lapos k\u00e9perny\u0151j\u0171 m\u0171holdas telev\u00edzi\u00f3 DVD lej\u00e1tsz\u00f3val, \u00e9s szabadon haszn\u00e1lhat\u00f3 a ki\u00e9p\u00edtett WIFI h\u00e1l\u00f3zat. Az \u00e1gynem\u0171k \u00e9s t\u00f6r\u00f6lk\u00f6z\u0151k biztos\u00edtottak. Az apartmanok p\u00f3t\u00e1gyazhat\u00f3k, a d\u00edv\u00e1nyok \u00e1talak\u00edt\u00e1s\u00e1val, n\u00e9mely szob\u00e1kban k\u00e9t ilyen d\u00edv\u00e1ny is tal\u00e1lhat\u00f3. K\u00e9t apartman \u00f6sszenyit\u00e1s\u00e1ra is van lehet\u0151s\u00e9g, 12 f\u00e9r\u0151hely biztos\u00edtott ezekben.<\/p>\n<p>A hotel vend\u00e9gei sz\u00e1m\u00e1ra b\u00e1r \u00e1ll rendelkez\u00e9sre. A v\u00e1rost\u00f3l 70 percre van Salzburg, f\u00e9l \u00f3r\u00e1ra Bad Ischl, \u00e9s 40 percre St- Wolfgang-t\u00f3l.<\/p>\n<p>Az apartman elhelyezked\u00e9s\u00e9b\u0151l ad\u00f3d\u00f3an egyar\u00e1nt alkalmas ny\u00e1ri vagy t\u00e9li vak\u00e1ci\u00f3 elt\u00f6lt\u00e9s\u00e9re, ak\u00e1r \u00f6n\u00e1ll\u00f3an, ak\u00e1r t\u00f6bbedmagaddal k\u00edv\u00e1nod ig\u00e9nybe venni a szolg\u00e1ltat\u00e1sainkat.<\/p>\n<p>Az \u00f6sszes apartman \u00fajonnan b\u00fatorozott, a k\u00e9nyelem biztos\u00edtott. A h\u00e1l\u00f3szob\u00e1k t\u00e1gasak, k\u00e9nyelmes francia\u00e1gyakkal \u00e9s egyedi f\u00fcrd\u0151szob\u00e1val rendelkeznek. A konyh\u00e1kban mikrohull\u00e1m\u00fa s\u00fct\u0151, t\u0171zhely \u00e9s h\u0171t\u0151vel van felszerelve.<\/p>\n<p>*(A tiszt\u00edt\u00e1si k\u00f6lts\u00e9g 10 euro, ha csak egy \u00e9jszak\u00e1ra marad)<\/p>","protected":false},"excerpt":{"rendered":"<p>Az apartmanok teljesen felszelet konyh\u00e1val vannak ell\u00e1tva. Az erk\u00e9lyekr\u0151l csod\u00e1latos kil\u00e1t\u00e1s ny\u00edlik a hegyekre, illetve a t\u00f3ra. Minden lakr\u00e9szhez tartozik egy \u00e9tkez\u0151, valamint van a szob\u00e1kban lapos k\u00e9perny\u0151j\u0171 m\u0171holdas telev\u00edzi\u00f3 DVD lej\u00e1tsz\u00f3val, \u00e9s szabadon haszn\u00e1lhat\u00f3 a ki\u00e9p\u00edtett WIFI h\u00e1l\u00f3zat. Az \u00e1gynem\u0171k \u00e9s t\u00f6r\u00f6lk\u00f6z\u0151k biztos\u00edtottak. Az apartmanok p\u00f3t\u00e1gyazhat\u00f3k, a d\u00edv\u00e1nyok \u00e1talak\u00edt\u00e1s\u00e1val, n\u00e9mely szob\u00e1kban k\u00e9t ilyen d\u00edv\u00e1ny<\/p>\n","protected":false},"author":1,"featured_media":0,"parent":0,"menu_order":0,"comment_status":"closed","ping_status":"open","template":"","meta":[],"aioseo_notices":[],"_links":{"self":[{"href":"http:\/\/seerose-obertraun.com\/hu\/wp-json\/wp\/v2\/pages\/1213"}],"collection":[{"href":"http:\/\/seerose-obertraun.com\/hu\/wp-json\/wp\/v2\/pages"}],"about":[{"href":"http:\/\/seerose-obertraun.com\/hu\/wp-json\/wp\/v2\/types\/page"}],"author":[{"embeddable":true,"href":"http:\/\/seerose-obertraun.com\/hu\/wp-json\/wp\/v2\/users\/1"}],"replies":[{"embeddable":true,"href":"http:\/\/seerose-obertraun.com\/hu\/wp-json\/wp\/v2\/comments?post=1213"}],"version-history":[{"count":20,"href":"http:\/\/seerose-obertraun.com\/hu\/wp-json\/wp\/v2\/pages\/1213\/revisions"}],"predecessor-version":[{"id":11665,"href":"http:\/\/seerose-obertraun.com\/hu\/wp-json\/wp\/v2\/pages\/1213\/revisions\/11665"}],"wp:attachment":[{"href":"http:\/\/seerose-obertraun.com\/hu\/wp-json\/wp\/v2\/media?parent=1213"}],"curies":[{"name":"wp","href":"https:\/\/api.w.org\/{rel}","templated":true}]}}