{"id":1282,"date":"2013-12-29T11:31:54","date_gmt":"2013-12-29T11:31:54","guid":{"rendered":"http:\/\/seerose-obertraun.com\/?page_id=1282"},"modified":"2015-05-16T19:54:53","modified_gmt":"2015-05-16T18:54:53","slug":"send-feedback","status":"publish","type":"page","link":"http:\/\/seerose-obertraun.com\/hu\/send-feedback.htm","title":{"rendered":"Send feedback"},"content":{"rendered":"<p>Please send us your feedback. Your opinion is important for us. Thank you so much!<\/p>\n\n<div class=\"wpcf7 no-js\" id=\"wpcf7-f4-o1\" lang=\"en-US\" dir=\"ltr\">\n<div class=\"screen-reader-response\"><p role=\"status\" aria-live=\"polite\" aria-atomic=\"true\"><\/p> <ul><\/ul><\/div>\n<form action=\"\/hu\/wp-json\/wp\/v2\/pages\/1282#wpcf7-f4-o1\" method=\"post\" class=\"wpcf7-form init\" aria-label=\"Contact form\" novalidate=\"novalidate\" data-status=\"init\">\n<div style=\"display: none;\">\n<input type=\"hidden\" name=\"_wpcf7\" value=\"4\" \/>\n<input type=\"hidden\" name=\"_wpcf7_version\" value=\"5.7.3\" \/>\n<input type=\"hidden\" name=\"_wpcf7_locale\" value=\"en_US\" \/>\n<input type=\"hidden\" name=\"_wpcf7_unit_tag\" value=\"wpcf7-f4-o1\" \/>\n<input type=\"hidden\" name=\"_wpcf7_container_post\" value=\"0\" \/>\n<input type=\"hidden\" name=\"_wpcf7_posted_data_hash\" value=\"\" \/>\n<input type=\"hidden\" name=\"_wpcf7_recaptcha_response\" value=\"\" \/>\n<\/div>\n<p>N\u00e9v (k\u00f6telez\u0151)\n<\/p>\n<p><span class=\"wpcf7-form-control-wrap\" data-name=\"your-name\"><input size=\"40\" class=\"wpcf7-form-control wpcf7-text wpcf7-validates-as-required\" aria-required=\"true\" aria-invalid=\"false\" value=\"\" type=\"text\" name=\"your-name\" \/><\/span>\n<\/p>\n<p>Orsz\u00e1g\n<\/p>\n<p><span class=\"wpcf7-form-control-wrap\" data-name=\"YourCountry\"><input size=\"40\" class=\"wpcf7-form-control wpcf7-text wpcf7-validates-as-required\" aria-required=\"true\" aria-invalid=\"false\" value=\"\" type=\"text\" name=\"YourCountry\" \/><\/span>\n<\/p>\n<p>Pontsz\u00e1m\n<\/p>\n<p><span class=\"wpcf7-form-control-wrap\" data-name=\"Points\"><input size=\"40\" class=\"wpcf7-form-control wpcf7-text wpcf7-validates-as-required\" aria-required=\"true\" aria-invalid=\"false\" value=\"\" type=\"text\" name=\"Points\" \/><\/span>\n<\/p>\n<p>E-mail (k\u00f6telez\u0151)\n<\/p>\n<p><span class=\"wpcf7-form-control-wrap\" data-name=\"your-email\"><input size=\"40\" class=\"wpcf7-form-control wpcf7-text wpcf7-email wpcf7-validates-as-required wpcf7-validates-as-email\" aria-required=\"true\" aria-invalid=\"false\" value=\"\" type=\"email\" name=\"your-email\" \/><\/span>\n<\/p>\n<p>Visszajelz\u00e9s\n<\/p>\n<p><span class=\"wpcf7-form-control-wrap\" data-name=\"feedback\"><input size=\"40\" class=\"wpcf7-form-control wpcf7-text wpcf7-validates-as-required\" aria-required=\"true\" aria-invalid=\"false\" value=\"\" type=\"text\" name=\"feedback\" \/><\/span>\n<\/p>\n<p>Javaslat\n<\/p>\n<p><span class=\"wpcf7-form-control-wrap\" data-name=\"suggest\"><input size=\"40\" class=\"wpcf7-form-control wpcf7-text\" aria-invalid=\"false\" value=\"\" type=\"text\" name=\"suggest\" \/><\/span>\n<\/p>\n<p>Biztons\u00e1gi k\u00f3d\n<\/p>\n\n<p><input class=\"wpcf7-form-control has-spinner wpcf7-submit\" type=\"submit\" value=\"K\u00fcld\u00e9s\" \/>\n<\/p><div class=\"wpcf7-response-output\" aria-hidden=\"true\"><\/div>\n<\/form>\n<\/div>\n\n","protected":false},"excerpt":{"rendered":"<p>Please send us your feedback. Your opinion is important for us. Thank you so much!<\/p>\n","protected":false},"author":1,"featured_media":0,"parent":0,"menu_order":0,"comment_status":"closed","ping_status":"open","template":"","meta":[],"aioseo_notices":[],"_links":{"self":[{"href":"http:\/\/seerose-obertraun.com\/hu\/wp-json\/wp\/v2\/pages\/1282"}],"collection":[{"href":"http:\/\/seerose-obertraun.com\/hu\/wp-json\/wp\/v2\/pages"}],"about":[{"href":"http:\/\/seerose-obertraun.com\/hu\/wp-json\/wp\/v2\/types\/page"}],"author":[{"embeddable":true,"href":"http:\/\/seerose-obertraun.com\/hu\/wp-json\/wp\/v2\/users\/1"}],"replies":[{"embeddable":true,"href":"http:\/\/seerose-obertraun.com\/hu\/wp-json\/wp\/v2\/comments?post=1282"}],"version-history":[{"count":6,"href":"http:\/\/seerose-obertraun.com\/hu\/wp-json\/wp\/v2\/pages\/1282\/revisions"}],"predecessor-version":[{"id":1291,"href":"http:\/\/seerose-obertraun.com\/hu\/wp-json\/wp\/v2\/pages\/1282\/revisions\/1291"}],"wp:attachment":[{"href":"http:\/\/seerose-obertraun.com\/hu\/wp-json\/wp\/v2\/media?parent=1282"}],"curies":[{"name":"wp","href":"https:\/\/api.w.org\/{rel}","templated":true}]}}