{"id":1421,"date":"2013-12-29T21:37:06","date_gmt":"2013-12-29T21:37:06","guid":{"rendered":"http:\/\/seerose-obertraun.com\/?page_id=1421"},"modified":"2016-10-17T15:22:05","modified_gmt":"2016-10-17T14:22:05","slug":"obertraun","status":"publish","type":"page","link":"http:\/\/seerose-obertraun.com\/hu\/obertraun.htm","title":{"rendered":"Obertraun"},"content":{"rendered":"<p><div class=\"messagebox blue\">\u00d6nkorm\u00e1nyzat Obertraun<br \/>\n4831 Obertraun; Obertraun Nr. 180;<br \/>\nTelefon 1 : 063131\/342; Telefon 2 : 063131\/221; Fax: 063131\/34222<br \/>\nWeb: https:\/\/www.obetraun.ooe.gv.at;<br \/>\nE-Mail: gemeinde@obertraun.ooe.gv.at<br \/>\nNyitva tart\u00e1s: H\u00e9t\u0151f\u0151t\u0151l p\u00e9ntekig 8-12\u00a0 \u00f3r\u00e1ig.<br \/>\nKedd, Cs\u00fct\u00f6rt\u00f6k : 15-17 \u00f3r\u00e1ig.<br \/>\n<\/div>\n<p>\n\t\t<style type=\"text\/css\">\n\t\t\t#gallery-2 {\n\t\t\t\tmargin: auto;\n\t\t\t}\n\t\t\t#gallery-2 .gallery-item {\n\t\t\t\tfloat: left;\n\t\t\t\tmargin-top: 10px;\n\t\t\t\ttext-align: center;\n\t\t\t\twidth: 33%;\n\t\t\t}\n\t\t\t#gallery-2 img {\n\t\t\t\tborder: 2px solid #cfcfcf;\n\t\t\t}\n\t\t\t#gallery-2 .gallery-caption {\n\t\t\t\tmargin-left: 0;\n\t\t\t}\n\t\t\t\/* see gallery_shortcode() in wp-includes\/media.php *\/\n\t\t<\/style>\n\t\t<div id='gallery-2' class='gallery galleryid-1421 gallery-columns-3 gallery-size-thumbnail'><dl class='gallery-item'>\n\t\t\t<dt class='gallery-icon landscape'>\n\t\t\t\t<a href='http:\/\/seerose-obertraun.com\/wp-content\/uploads\/2013\/12\/obertraun-01.jpg' rel=\"fancyimg\"><img width=\"150\" height=\"150\" src=\"http:\/\/seerose-obertraun.com\/wp-content\/uploads\/2013\/12\/obertraun-01-150x150.jpg\" class=\"attachment-thumbnail size-thumbnail\" alt=\"\" decoding=\"async\" loading=\"lazy\" aria-describedby=\"gallery-2-1598\" srcset=\"http:\/\/seerose-obertraun.com\/wp-content\/uploads\/2013\/12\/obertraun-01-150x150.jpg 150w, http:\/\/seerose-obertraun.com\/wp-content\/uploads\/2013\/12\/obertraun-01-100x100.jpg 100w, http:\/\/seerose-obertraun.com\/wp-content\/uploads\/2013\/12\/obertraun-01-55x55.jpg 55w\" sizes=\"(max-width: 150px) 100vw, 150px\" \/><\/a>\n\t\t\t<\/dt>\n\t\t\t\t<dd class='wp-caption-text gallery-caption' id='gallery-2-1598'>\n\t\t\t\tObertraun, Austria\n\t\t\t\t<\/dd><\/dl><dl class='gallery-item'>\n\t\t\t<dt class='gallery-icon landscape'>\n\t\t\t\t<a href='http:\/\/seerose-obertraun.com\/wp-content\/uploads\/2013\/12\/obertraun-02.jpg' rel=\"fancyimg\"><img width=\"150\" height=\"150\" src=\"http:\/\/seerose-obertraun.com\/wp-content\/uploads\/2013\/12\/obertraun-02-150x150.jpg\" class=\"attachment-thumbnail size-thumbnail\" alt=\"\" decoding=\"async\" loading=\"lazy\" aria-describedby=\"gallery-2-1599\" srcset=\"http:\/\/seerose-obertraun.com\/wp-content\/uploads\/2013\/12\/obertraun-02-150x150.jpg 150w, http:\/\/seerose-obertraun.com\/wp-content\/uploads\/2013\/12\/obertraun-02-100x100.jpg 100w, http:\/\/seerose-obertraun.com\/wp-content\/uploads\/2013\/12\/obertraun-02-55x55.jpg 55w\" sizes=\"(max-width: 150px) 100vw, 150px\" \/><\/a>\n\t\t\t<\/dt>\n\t\t\t\t<dd class='wp-caption-text gallery-caption' id='gallery-2-1599'>\n\t\t\t\tObertraun, Austria\n\t\t\t\t<\/dd><\/dl><dl class='gallery-item'>\n\t\t\t<dt class='gallery-icon landscape'>\n\t\t\t\t<a href='http:\/\/seerose-obertraun.com\/wp-content\/uploads\/2013\/12\/obertraun-03.jpg' rel=\"fancyimg\"><img width=\"150\" height=\"150\" src=\"http:\/\/seerose-obertraun.com\/wp-content\/uploads\/2013\/12\/obertraun-03-150x150.jpg\" class=\"attachment-thumbnail size-thumbnail\" alt=\"\" decoding=\"async\" loading=\"lazy\" aria-describedby=\"gallery-2-1601\" srcset=\"http:\/\/seerose-obertraun.com\/wp-content\/uploads\/2013\/12\/obertraun-03-150x150.jpg 150w, http:\/\/seerose-obertraun.com\/wp-content\/uploads\/2013\/12\/obertraun-03-100x100.jpg 100w, http:\/\/seerose-obertraun.com\/wp-content\/uploads\/2013\/12\/obertraun-03-55x55.jpg 55w\" sizes=\"(max-width: 150px) 100vw, 150px\" \/><\/a>\n\t\t\t<\/dt>\n\t\t\t\t<dd class='wp-caption-text gallery-caption' id='gallery-2-1601'>\n\t\t\t\tObertraun, Austria\n\t\t\t\t<\/dd><\/dl><br style=\"clear: both\" \/><dl class='gallery-item'>\n\t\t\t<dt class='gallery-icon landscape'>\n\t\t\t\t<a href='http:\/\/seerose-obertraun.com\/wp-content\/uploads\/2013\/12\/obertraun-04.jpg' rel=\"fancyimg\"><img width=\"150\" height=\"150\" src=\"http:\/\/seerose-obertraun.com\/wp-content\/uploads\/2013\/12\/obertraun-04-150x150.jpg\" class=\"attachment-thumbnail size-thumbnail\" alt=\"\" decoding=\"async\" loading=\"lazy\" aria-describedby=\"gallery-2-1602\" srcset=\"http:\/\/seerose-obertraun.com\/wp-content\/uploads\/2013\/12\/obertraun-04-150x150.jpg 150w, http:\/\/seerose-obertraun.com\/wp-content\/uploads\/2013\/12\/obertraun-04-100x100.jpg 100w, http:\/\/seerose-obertraun.com\/wp-content\/uploads\/2013\/12\/obertraun-04-55x55.jpg 55w\" sizes=\"(max-width: 150px) 100vw, 150px\" \/><\/a>\n\t\t\t<\/dt>\n\t\t\t\t<dd class='wp-caption-text gallery-caption' id='gallery-2-1602'>\n\t\t\t\tObertraun, Austria\n\t\t\t\t<\/dd><\/dl><dl class='gallery-item'>\n\t\t\t<dt class='gallery-icon landscape'>\n\t\t\t\t<a href='http:\/\/seerose-obertraun.com\/wp-content\/uploads\/2013\/12\/obertraun-05.jpg' rel=\"fancyimg\"><img width=\"150\" height=\"150\" src=\"http:\/\/seerose-obertraun.com\/wp-content\/uploads\/2013\/12\/obertraun-05-150x150.jpg\" class=\"attachment-thumbnail size-thumbnail\" alt=\"\" decoding=\"async\" loading=\"lazy\" aria-describedby=\"gallery-2-1603\" srcset=\"http:\/\/seerose-obertraun.com\/wp-content\/uploads\/2013\/12\/obertraun-05-150x150.jpg 150w, http:\/\/seerose-obertraun.com\/wp-content\/uploads\/2013\/12\/obertraun-05-100x100.jpg 100w, http:\/\/seerose-obertraun.com\/wp-content\/uploads\/2013\/12\/obertraun-05-55x55.jpg 55w\" sizes=\"(max-width: 150px) 100vw, 150px\" \/><\/a>\n\t\t\t<\/dt>\n\t\t\t\t<dd class='wp-caption-text gallery-caption' id='gallery-2-1603'>\n\t\t\t\tObertraun, Austria\n\t\t\t\t<\/dd><\/dl><dl class='gallery-item'>\n\t\t\t<dt class='gallery-icon landscape'>\n\t\t\t\t<a href='http:\/\/seerose-obertraun.com\/wp-content\/uploads\/2013\/12\/obertraun-06.jpg' rel=\"fancyimg\"><img width=\"150\" height=\"150\" src=\"http:\/\/seerose-obertraun.com\/wp-content\/uploads\/2013\/12\/obertraun-06-150x150.jpg\" class=\"attachment-thumbnail size-thumbnail\" alt=\"\" decoding=\"async\" loading=\"lazy\" aria-describedby=\"gallery-2-1604\" srcset=\"http:\/\/seerose-obertraun.com\/wp-content\/uploads\/2013\/12\/obertraun-06-150x150.jpg 150w, http:\/\/seerose-obertraun.com\/wp-content\/uploads\/2013\/12\/obertraun-06-100x100.jpg 100w, http:\/\/seerose-obertraun.com\/wp-content\/uploads\/2013\/12\/obertraun-06-55x55.jpg 55w\" sizes=\"(max-width: 150px) 100vw, 150px\" \/><\/a>\n\t\t\t<\/dt>\n\t\t\t\t<dd class='wp-caption-text gallery-caption' id='gallery-2-1604'>\n\t\t\t\tObertraun, Austria\n\t\t\t\t<\/dd><\/dl><br style=\"clear: both\" \/><dl class='gallery-item'>\n\t\t\t<dt class='gallery-icon landscape'>\n\t\t\t\t<a href='http:\/\/seerose-obertraun.com\/wp-content\/uploads\/2013\/12\/obertraun-07.jpg' rel=\"fancyimg\"><img width=\"150\" height=\"150\" src=\"http:\/\/seerose-obertraun.com\/wp-content\/uploads\/2013\/12\/obertraun-07-150x150.jpg\" class=\"attachment-thumbnail size-thumbnail\" alt=\"\" decoding=\"async\" loading=\"lazy\" aria-describedby=\"gallery-2-1605\" srcset=\"http:\/\/seerose-obertraun.com\/wp-content\/uploads\/2013\/12\/obertraun-07-150x150.jpg 150w, http:\/\/seerose-obertraun.com\/wp-content\/uploads\/2013\/12\/obertraun-07-100x100.jpg 100w, http:\/\/seerose-obertraun.com\/wp-content\/uploads\/2013\/12\/obertraun-07-55x55.jpg 55w\" sizes=\"(max-width: 150px) 100vw, 150px\" \/><\/a>\n\t\t\t<\/dt>\n\t\t\t\t<dd class='wp-caption-text gallery-caption' id='gallery-2-1605'>\n\t\t\t\tObertraun, Austria\n\t\t\t\t<\/dd><\/dl><dl class='gallery-item'>\n\t\t\t<dt class='gallery-icon landscape'>\n\t\t\t\t<a href='http:\/\/seerose-obertraun.com\/wp-content\/uploads\/2013\/12\/obertraun-08.jpg' rel=\"fancyimg\"><img width=\"150\" height=\"150\" src=\"http:\/\/seerose-obertraun.com\/wp-content\/uploads\/2013\/12\/obertraun-08-150x150.jpg\" class=\"attachment-thumbnail size-thumbnail\" alt=\"\" decoding=\"async\" loading=\"lazy\" aria-describedby=\"gallery-2-1606\" srcset=\"http:\/\/seerose-obertraun.com\/wp-content\/uploads\/2013\/12\/obertraun-08-150x150.jpg 150w, http:\/\/seerose-obertraun.com\/wp-content\/uploads\/2013\/12\/obertraun-08-100x100.jpg 100w, http:\/\/seerose-obertraun.com\/wp-content\/uploads\/2013\/12\/obertraun-08-55x55.jpg 55w\" sizes=\"(max-width: 150px) 100vw, 150px\" \/><\/a>\n\t\t\t<\/dt>\n\t\t\t\t<dd class='wp-caption-text gallery-caption' id='gallery-2-1606'>\n\t\t\t\tObertraun, Austria\n\t\t\t\t<\/dd><\/dl><dl class='gallery-item'>\n\t\t\t<dt class='gallery-icon landscape'>\n\t\t\t\t<a href='http:\/\/seerose-obertraun.com\/wp-content\/uploads\/2013\/12\/obertraun-09.jpg' rel=\"fancyimg\"><img width=\"150\" height=\"150\" src=\"http:\/\/seerose-obertraun.com\/wp-content\/uploads\/2013\/12\/obertraun-09-150x150.jpg\" class=\"attachment-thumbnail size-thumbnail\" alt=\"\" decoding=\"async\" loading=\"lazy\" aria-describedby=\"gallery-2-1607\" srcset=\"http:\/\/seerose-obertraun.com\/wp-content\/uploads\/2013\/12\/obertraun-09-150x150.jpg 150w, http:\/\/seerose-obertraun.com\/wp-content\/uploads\/2013\/12\/obertraun-09-100x100.jpg 100w, http:\/\/seerose-obertraun.com\/wp-content\/uploads\/2013\/12\/obertraun-09-55x55.jpg 55w\" sizes=\"(max-width: 150px) 100vw, 150px\" \/><\/a>\n\t\t\t<\/dt>\n\t\t\t\t<dd class='wp-caption-text gallery-caption' id='gallery-2-1607'>\n\t\t\t\tObertraun, Austria\n\t\t\t\t<\/dd><\/dl><br style=\"clear: both\" \/><dl class='gallery-item'>\n\t\t\t<dt class='gallery-icon landscape'>\n\t\t\t\t<a href='http:\/\/seerose-obertraun.com\/wp-content\/uploads\/2013\/12\/obertraun-10.jpg' rel=\"fancyimg\"><img width=\"150\" height=\"150\" src=\"http:\/\/seerose-obertraun.com\/wp-content\/uploads\/2013\/12\/obertraun-10-150x150.jpg\" class=\"attachment-thumbnail size-thumbnail\" alt=\"\" decoding=\"async\" loading=\"lazy\" aria-describedby=\"gallery-2-1608\" srcset=\"http:\/\/seerose-obertraun.com\/wp-content\/uploads\/2013\/12\/obertraun-10-150x150.jpg 150w, http:\/\/seerose-obertraun.com\/wp-content\/uploads\/2013\/12\/obertraun-10-100x100.jpg 100w, http:\/\/seerose-obertraun.com\/wp-content\/uploads\/2013\/12\/obertraun-10-55x55.jpg 55w\" sizes=\"(max-width: 150px) 100vw, 150px\" \/><\/a>\n\t\t\t<\/dt>\n\t\t\t\t<dd class='wp-caption-text gallery-caption' id='gallery-2-1608'>\n\t\t\t\tObertraun, Austria\n\t\t\t\t<\/dd><\/dl><dl class='gallery-item'>\n\t\t\t<dt class='gallery-icon landscape'>\n\t\t\t\t<a href='http:\/\/seerose-obertraun.com\/wp-content\/uploads\/2013\/12\/obertraun-11.jpg' rel=\"fancyimg\"><img width=\"150\" height=\"150\" src=\"http:\/\/seerose-obertraun.com\/wp-content\/uploads\/2013\/12\/obertraun-11-150x150.jpg\" class=\"attachment-thumbnail size-thumbnail\" alt=\"\" decoding=\"async\" loading=\"lazy\" aria-describedby=\"gallery-2-1609\" srcset=\"http:\/\/seerose-obertraun.com\/wp-content\/uploads\/2013\/12\/obertraun-11-150x150.jpg 150w, http:\/\/seerose-obertraun.com\/wp-content\/uploads\/2013\/12\/obertraun-11-100x100.jpg 100w, http:\/\/seerose-obertraun.com\/wp-content\/uploads\/2013\/12\/obertraun-11-55x55.jpg 55w\" sizes=\"(max-width: 150px) 100vw, 150px\" \/><\/a>\n\t\t\t<\/dt>\n\t\t\t\t<dd class='wp-caption-text gallery-caption' id='gallery-2-1609'>\n\t\t\t\tObertraun, Austria\n\t\t\t\t<\/dd><\/dl><dl class='gallery-item'>\n\t\t\t<dt class='gallery-icon landscape'>\n\t\t\t\t<a href='http:\/\/seerose-obertraun.com\/wp-content\/uploads\/2013\/12\/obertraun-12.jpg' rel=\"fancyimg\"><img width=\"150\" height=\"150\" src=\"http:\/\/seerose-obertraun.com\/wp-content\/uploads\/2013\/12\/obertraun-12-150x150.jpg\" class=\"attachment-thumbnail size-thumbnail\" alt=\"\" decoding=\"async\" loading=\"lazy\" aria-describedby=\"gallery-2-1610\" srcset=\"http:\/\/seerose-obertraun.com\/wp-content\/uploads\/2013\/12\/obertraun-12-150x150.jpg 150w, http:\/\/seerose-obertraun.com\/wp-content\/uploads\/2013\/12\/obertraun-12-100x100.jpg 100w, http:\/\/seerose-obertraun.com\/wp-content\/uploads\/2013\/12\/obertraun-12-55x55.jpg 55w\" sizes=\"(max-width: 150px) 100vw, 150px\" \/><\/a>\n\t\t\t<\/dt>\n\t\t\t\t<dd class='wp-caption-text gallery-caption' id='gallery-2-1610'>\n\t\t\t\tObertraun, Austria\n\t\t\t\t<\/dd><\/dl><br style=\"clear: both\" \/><dl class='gallery-item'>\n\t\t\t<dt class='gallery-icon landscape'>\n\t\t\t\t<a href='http:\/\/seerose-obertraun.com\/wp-content\/uploads\/2013\/12\/obertraun-13.jpg' rel=\"fancyimg\"><img width=\"150\" height=\"150\" src=\"http:\/\/seerose-obertraun.com\/wp-content\/uploads\/2013\/12\/obertraun-13-150x150.jpg\" class=\"attachment-thumbnail size-thumbnail\" alt=\"\" decoding=\"async\" loading=\"lazy\" aria-describedby=\"gallery-2-1611\" srcset=\"http:\/\/seerose-obertraun.com\/wp-content\/uploads\/2013\/12\/obertraun-13-150x150.jpg 150w, http:\/\/seerose-obertraun.com\/wp-content\/uploads\/2013\/12\/obertraun-13-100x100.jpg 100w, http:\/\/seerose-obertraun.com\/wp-content\/uploads\/2013\/12\/obertraun-13-55x55.jpg 55w\" sizes=\"(max-width: 150px) 100vw, 150px\" \/><\/a>\n\t\t\t<\/dt>\n\t\t\t\t<dd class='wp-caption-text gallery-caption' id='gallery-2-1611'>\n\t\t\t\tObertraun, Austria\n\t\t\t\t<\/dd><\/dl><dl class='gallery-item'>\n\t\t\t<dt class='gallery-icon landscape'>\n\t\t\t\t<a href='http:\/\/seerose-obertraun.com\/wp-content\/uploads\/2013\/12\/obertraun-14.jpg' rel=\"fancyimg\"><img width=\"150\" height=\"150\" src=\"http:\/\/seerose-obertraun.com\/wp-content\/uploads\/2013\/12\/obertraun-14-150x150.jpg\" class=\"attachment-thumbnail size-thumbnail\" alt=\"\" decoding=\"async\" loading=\"lazy\" aria-describedby=\"gallery-2-1612\" srcset=\"http:\/\/seerose-obertraun.com\/wp-content\/uploads\/2013\/12\/obertraun-14-150x150.jpg 150w, http:\/\/seerose-obertraun.com\/wp-content\/uploads\/2013\/12\/obertraun-14-100x100.jpg 100w, http:\/\/seerose-obertraun.com\/wp-content\/uploads\/2013\/12\/obertraun-14-55x55.jpg 55w\" sizes=\"(max-width: 150px) 100vw, 150px\" \/><\/a>\n\t\t\t<\/dt>\n\t\t\t\t<dd class='wp-caption-text gallery-caption' id='gallery-2-1612'>\n\t\t\t\tObertraun, Austria\n\t\t\t\t<\/dd><\/dl><dl class='gallery-item'>\n\t\t\t<dt class='gallery-icon landscape'>\n\t\t\t\t<a href='http:\/\/seerose-obertraun.com\/wp-content\/uploads\/2013\/12\/obertraun-15.jpg' rel=\"fancyimg\"><img width=\"150\" height=\"150\" src=\"http:\/\/seerose-obertraun.com\/wp-content\/uploads\/2013\/12\/obertraun-15-150x150.jpg\" class=\"attachment-thumbnail size-thumbnail\" alt=\"\" decoding=\"async\" loading=\"lazy\" aria-describedby=\"gallery-2-1613\" srcset=\"http:\/\/seerose-obertraun.com\/wp-content\/uploads\/2013\/12\/obertraun-15-150x150.jpg 150w, http:\/\/seerose-obertraun.com\/wp-content\/uploads\/2013\/12\/obertraun-15-100x100.jpg 100w, http:\/\/seerose-obertraun.com\/wp-content\/uploads\/2013\/12\/obertraun-15-55x55.jpg 55w\" sizes=\"(max-width: 150px) 100vw, 150px\" \/><\/a>\n\t\t\t<\/dt>\n\t\t\t\t<dd class='wp-caption-text gallery-caption' id='gallery-2-1613'>\n\t\t\t\tObertraun, Austria\n\t\t\t\t<\/dd><\/dl><br style=\"clear: both\" \/><dl class='gallery-item'>\n\t\t\t<dt class='gallery-icon landscape'>\n\t\t\t\t<a href='http:\/\/seerose-obertraun.com\/wp-content\/uploads\/2013\/12\/obertraun-16.jpg' rel=\"fancyimg\"><img width=\"150\" height=\"150\" src=\"http:\/\/seerose-obertraun.com\/wp-content\/uploads\/2013\/12\/obertraun-16-150x150.jpg\" class=\"attachment-thumbnail size-thumbnail\" alt=\"\" decoding=\"async\" loading=\"lazy\" aria-describedby=\"gallery-2-1614\" srcset=\"http:\/\/seerose-obertraun.com\/wp-content\/uploads\/2013\/12\/obertraun-16-150x150.jpg 150w, http:\/\/seerose-obertraun.com\/wp-content\/uploads\/2013\/12\/obertraun-16-100x100.jpg 100w, http:\/\/seerose-obertraun.com\/wp-content\/uploads\/2013\/12\/obertraun-16-55x55.jpg 55w\" sizes=\"(max-width: 150px) 100vw, 150px\" \/><\/a>\n\t\t\t<\/dt>\n\t\t\t\t<dd class='wp-caption-text gallery-caption' id='gallery-2-1614'>\n\t\t\t\tObertraun, Austria\n\t\t\t\t<\/dd><\/dl><dl class='gallery-item'>\n\t\t\t<dt class='gallery-icon landscape'>\n\t\t\t\t<a href='http:\/\/seerose-obertraun.com\/wp-content\/uploads\/2013\/12\/obertraun-17.jpg' rel=\"fancyimg\"><img width=\"150\" height=\"150\" src=\"http:\/\/seerose-obertraun.com\/wp-content\/uploads\/2013\/12\/obertraun-17-150x150.jpg\" class=\"attachment-thumbnail size-thumbnail\" alt=\"\" decoding=\"async\" loading=\"lazy\" aria-describedby=\"gallery-2-1615\" srcset=\"http:\/\/seerose-obertraun.com\/wp-content\/uploads\/2013\/12\/obertraun-17-150x150.jpg 150w, http:\/\/seerose-obertraun.com\/wp-content\/uploads\/2013\/12\/obertraun-17-100x100.jpg 100w, http:\/\/seerose-obertraun.com\/wp-content\/uploads\/2013\/12\/obertraun-17-55x55.jpg 55w\" sizes=\"(max-width: 150px) 100vw, 150px\" \/><\/a>\n\t\t\t<\/dt>\n\t\t\t\t<dd class='wp-caption-text gallery-caption' id='gallery-2-1615'>\n\t\t\t\tObertraun, Austria\n\t\t\t\t<\/dd><\/dl><dl class='gallery-item'>\n\t\t\t<dt class='gallery-icon landscape'>\n\t\t\t\t<a href='http:\/\/seerose-obertraun.com\/wp-content\/uploads\/2013\/12\/obertraun-18.jpg' rel=\"fancyimg\"><img width=\"150\" height=\"150\" src=\"http:\/\/seerose-obertraun.com\/wp-content\/uploads\/2013\/12\/obertraun-18-150x150.jpg\" class=\"attachment-thumbnail size-thumbnail\" alt=\"\" decoding=\"async\" loading=\"lazy\" aria-describedby=\"gallery-2-1616\" srcset=\"http:\/\/seerose-obertraun.com\/wp-content\/uploads\/2013\/12\/obertraun-18-150x150.jpg 150w, http:\/\/seerose-obertraun.com\/wp-content\/uploads\/2013\/12\/obertraun-18-100x100.jpg 100w, http:\/\/seerose-obertraun.com\/wp-content\/uploads\/2013\/12\/obertraun-18-55x55.jpg 55w\" sizes=\"(max-width: 150px) 100vw, 150px\" \/><\/a>\n\t\t\t<\/dt>\n\t\t\t\t<dd class='wp-caption-text gallery-caption' id='gallery-2-1616'>\n\t\t\t\tObertraun, Austria\n\t\t\t\t<\/dd><\/dl><br style=\"clear: both\" \/><dl class='gallery-item'>\n\t\t\t<dt class='gallery-icon landscape'>\n\t\t\t\t<a href='http:\/\/seerose-obertraun.com\/wp-content\/uploads\/2013\/12\/obertraun-19.jpg' rel=\"fancyimg\"><img width=\"150\" height=\"150\" src=\"http:\/\/seerose-obertraun.com\/wp-content\/uploads\/2013\/12\/obertraun-19-150x150.jpg\" class=\"attachment-thumbnail size-thumbnail\" alt=\"\" decoding=\"async\" loading=\"lazy\" aria-describedby=\"gallery-2-1617\" srcset=\"http:\/\/seerose-obertraun.com\/wp-content\/uploads\/2013\/12\/obertraun-19-150x150.jpg 150w, http:\/\/seerose-obertraun.com\/wp-content\/uploads\/2013\/12\/obertraun-19-100x100.jpg 100w, http:\/\/seerose-obertraun.com\/wp-content\/uploads\/2013\/12\/obertraun-19-55x55.jpg 55w\" sizes=\"(max-width: 150px) 100vw, 150px\" \/><\/a>\n\t\t\t<\/dt>\n\t\t\t\t<dd class='wp-caption-text gallery-caption' id='gallery-2-1617'>\n\t\t\t\tObertraun, Austria\n\t\t\t\t<\/dd><\/dl><dl class='gallery-item'>\n\t\t\t<dt class='gallery-icon landscape'>\n\t\t\t\t<a href='http:\/\/seerose-obertraun.com\/wp-content\/uploads\/2013\/12\/obertraun-20.jpg' rel=\"fancyimg\"><img width=\"150\" height=\"150\" src=\"http:\/\/seerose-obertraun.com\/wp-content\/uploads\/2013\/12\/obertraun-20-150x150.jpg\" class=\"attachment-thumbnail size-thumbnail\" alt=\"\" decoding=\"async\" loading=\"lazy\" aria-describedby=\"gallery-2-1618\" srcset=\"http:\/\/seerose-obertraun.com\/wp-content\/uploads\/2013\/12\/obertraun-20-150x150.jpg 150w, http:\/\/seerose-obertraun.com\/wp-content\/uploads\/2013\/12\/obertraun-20-100x100.jpg 100w, http:\/\/seerose-obertraun.com\/wp-content\/uploads\/2013\/12\/obertraun-20-55x55.jpg 55w\" sizes=\"(max-width: 150px) 100vw, 150px\" \/><\/a>\n\t\t\t<\/dt>\n\t\t\t\t<dd class='wp-caption-text gallery-caption' id='gallery-2-1618'>\n\t\t\t\tObertraun, Austria\n\t\t\t\t<\/dd><\/dl><dl class='gallery-item'>\n\t\t\t<dt class='gallery-icon landscape'>\n\t\t\t\t<a href='http:\/\/seerose-obertraun.com\/wp-content\/uploads\/2013\/12\/obertraun-21.jpg' rel=\"fancyimg\"><img width=\"150\" height=\"150\" src=\"http:\/\/seerose-obertraun.com\/wp-content\/uploads\/2013\/12\/obertraun-21-150x150.jpg\" class=\"attachment-thumbnail size-thumbnail\" alt=\"\" decoding=\"async\" loading=\"lazy\" aria-describedby=\"gallery-2-1619\" srcset=\"http:\/\/seerose-obertraun.com\/wp-content\/uploads\/2013\/12\/obertraun-21-150x150.jpg 150w, http:\/\/seerose-obertraun.com\/wp-content\/uploads\/2013\/12\/obertraun-21-100x100.jpg 100w, http:\/\/seerose-obertraun.com\/wp-content\/uploads\/2013\/12\/obertraun-21-55x55.jpg 55w\" sizes=\"(max-width: 150px) 100vw, 150px\" \/><\/a>\n\t\t\t<\/dt>\n\t\t\t\t<dd class='wp-caption-text gallery-caption' id='gallery-2-1619'>\n\t\t\t\tObertraun, Austria\n\t\t\t\t<\/dd><\/dl><br style=\"clear: both\" \/><dl class='gallery-item'>\n\t\t\t<dt class='gallery-icon landscape'>\n\t\t\t\t<a href='http:\/\/seerose-obertraun.com\/wp-content\/uploads\/2013\/12\/obertraun-22.jpg' rel=\"fancyimg\"><img width=\"150\" height=\"150\" src=\"http:\/\/seerose-obertraun.com\/wp-content\/uploads\/2013\/12\/obertraun-22-150x150.jpg\" class=\"attachment-thumbnail size-thumbnail\" alt=\"\" decoding=\"async\" loading=\"lazy\" aria-describedby=\"gallery-2-1620\" srcset=\"http:\/\/seerose-obertraun.com\/wp-content\/uploads\/2013\/12\/obertraun-22-150x150.jpg 150w, http:\/\/seerose-obertraun.com\/wp-content\/uploads\/2013\/12\/obertraun-22-100x100.jpg 100w, http:\/\/seerose-obertraun.com\/wp-content\/uploads\/2013\/12\/obertraun-22-55x55.jpg 55w\" sizes=\"(max-width: 150px) 100vw, 150px\" \/><\/a>\n\t\t\t<\/dt>\n\t\t\t\t<dd class='wp-caption-text gallery-caption' id='gallery-2-1620'>\n\t\t\t\tObertraun, Austria\n\t\t\t\t<\/dd><\/dl><dl class='gallery-item'>\n\t\t\t<dt class='gallery-icon landscape'>\n\t\t\t\t<a href='http:\/\/seerose-obertraun.com\/wp-content\/uploads\/2013\/12\/obertraun-23.jpg' rel=\"fancyimg\"><img width=\"150\" height=\"150\" src=\"http:\/\/seerose-obertraun.com\/wp-content\/uploads\/2013\/12\/obertraun-23-150x150.jpg\" class=\"attachment-thumbnail size-thumbnail\" alt=\"\" decoding=\"async\" loading=\"lazy\" aria-describedby=\"gallery-2-1621\" srcset=\"http:\/\/seerose-obertraun.com\/wp-content\/uploads\/2013\/12\/obertraun-23-150x150.jpg 150w, http:\/\/seerose-obertraun.com\/wp-content\/uploads\/2013\/12\/obertraun-23-100x100.jpg 100w, http:\/\/seerose-obertraun.com\/wp-content\/uploads\/2013\/12\/obertraun-23-55x55.jpg 55w\" sizes=\"(max-width: 150px) 100vw, 150px\" \/><\/a>\n\t\t\t<\/dt>\n\t\t\t\t<dd class='wp-caption-text gallery-caption' id='gallery-2-1621'>\n\t\t\t\tObertraun, Austria\n\t\t\t\t<\/dd><\/dl><dl class='gallery-item'>\n\t\t\t<dt class='gallery-icon landscape'>\n\t\t\t\t<a href='http:\/\/seerose-obertraun.com\/wp-content\/uploads\/2013\/12\/obertraun-24.jpg' rel=\"fancyimg\"><img width=\"150\" height=\"150\" src=\"http:\/\/seerose-obertraun.com\/wp-content\/uploads\/2013\/12\/obertraun-24-150x150.jpg\" class=\"attachment-thumbnail size-thumbnail\" alt=\"\" decoding=\"async\" loading=\"lazy\" aria-describedby=\"gallery-2-1622\" srcset=\"http:\/\/seerose-obertraun.com\/wp-content\/uploads\/2013\/12\/obertraun-24-150x150.jpg 150w, http:\/\/seerose-obertraun.com\/wp-content\/uploads\/2013\/12\/obertraun-24-100x100.jpg 100w, http:\/\/seerose-obertraun.com\/wp-content\/uploads\/2013\/12\/obertraun-24-55x55.jpg 55w\" sizes=\"(max-width: 150px) 100vw, 150px\" \/><\/a>\n\t\t\t<\/dt>\n\t\t\t\t<dd class='wp-caption-text gallery-caption' id='gallery-2-1622'>\n\t\t\t\tObertraun, Austria\n\t\t\t\t<\/dd><\/dl><br style=\"clear: both\" \/><dl class='gallery-item'>\n\t\t\t<dt class='gallery-icon landscape'>\n\t\t\t\t<a href='http:\/\/seerose-obertraun.com\/wp-content\/uploads\/2013\/12\/obertraun-25.jpg' rel=\"fancyimg\"><img width=\"150\" height=\"150\" src=\"http:\/\/seerose-obertraun.com\/wp-content\/uploads\/2013\/12\/obertraun-25-150x150.jpg\" class=\"attachment-thumbnail size-thumbnail\" alt=\"\" decoding=\"async\" loading=\"lazy\" aria-describedby=\"gallery-2-1623\" srcset=\"http:\/\/seerose-obertraun.com\/wp-content\/uploads\/2013\/12\/obertraun-25-150x150.jpg 150w, http:\/\/seerose-obertraun.com\/wp-content\/uploads\/2013\/12\/obertraun-25-100x100.jpg 100w, http:\/\/seerose-obertraun.com\/wp-content\/uploads\/2013\/12\/obertraun-25-55x55.jpg 55w\" sizes=\"(max-width: 150px) 100vw, 150px\" \/><\/a>\n\t\t\t<\/dt>\n\t\t\t\t<dd class='wp-caption-text gallery-caption' id='gallery-2-1623'>\n\t\t\t\tObertraun, Austria\n\t\t\t\t<\/dd><\/dl><dl class='gallery-item'>\n\t\t\t<dt class='gallery-icon landscape'>\n\t\t\t\t<a href='http:\/\/seerose-obertraun.com\/wp-content\/uploads\/2013\/12\/obertraun-26.jpg' rel=\"fancyimg\"><img width=\"150\" height=\"150\" src=\"http:\/\/seerose-obertraun.com\/wp-content\/uploads\/2013\/12\/obertraun-26-150x150.jpg\" class=\"attachment-thumbnail size-thumbnail\" alt=\"\" decoding=\"async\" loading=\"lazy\" aria-describedby=\"gallery-2-1624\" srcset=\"http:\/\/seerose-obertraun.com\/wp-content\/uploads\/2013\/12\/obertraun-26-150x150.jpg 150w, http:\/\/seerose-obertraun.com\/wp-content\/uploads\/2013\/12\/obertraun-26-100x100.jpg 100w, http:\/\/seerose-obertraun.com\/wp-content\/uploads\/2013\/12\/obertraun-26-55x55.jpg 55w\" sizes=\"(max-width: 150px) 100vw, 150px\" \/><\/a>\n\t\t\t<\/dt>\n\t\t\t\t<dd class='wp-caption-text gallery-caption' id='gallery-2-1624'>\n\t\t\t\tObertraun, Austria\n\t\t\t\t<\/dd><\/dl><dl class='gallery-item'>\n\t\t\t<dt class='gallery-icon landscape'>\n\t\t\t\t<a href='http:\/\/seerose-obertraun.com\/wp-content\/uploads\/2013\/12\/obertraun-27.jpg' rel=\"fancyimg\"><img width=\"150\" height=\"150\" src=\"http:\/\/seerose-obertraun.com\/wp-content\/uploads\/2013\/12\/obertraun-27-150x150.jpg\" class=\"attachment-thumbnail size-thumbnail\" alt=\"\" decoding=\"async\" loading=\"lazy\" aria-describedby=\"gallery-2-1625\" srcset=\"http:\/\/seerose-obertraun.com\/wp-content\/uploads\/2013\/12\/obertraun-27-150x150.jpg 150w, http:\/\/seerose-obertraun.com\/wp-content\/uploads\/2013\/12\/obertraun-27-100x100.jpg 100w, http:\/\/seerose-obertraun.com\/wp-content\/uploads\/2013\/12\/obertraun-27-55x55.jpg 55w\" sizes=\"(max-width: 150px) 100vw, 150px\" \/><\/a>\n\t\t\t<\/dt>\n\t\t\t\t<dd class='wp-caption-text gallery-caption' id='gallery-2-1625'>\n\t\t\t\tObertraun, Austria\n\t\t\t\t<\/dd><\/dl><br style=\"clear: both\" \/>\n\t\t<\/div>\n<\/p>","protected":false},"excerpt":{"rendered":"","protected":false},"author":1,"featured_media":0,"parent":0,"menu_order":0,"comment_status":"closed","ping_status":"open","template":"","meta":[],"aioseo_notices":[],"_links":{"self":[{"href":"http:\/\/seerose-obertraun.com\/hu\/wp-json\/wp\/v2\/pages\/1421"}],"collection":[{"href":"http:\/\/seerose-obertraun.com\/hu\/wp-json\/wp\/v2\/pages"}],"about":[{"href":"http:\/\/seerose-obertraun.com\/hu\/wp-json\/wp\/v2\/types\/page"}],"author":[{"embeddable":true,"href":"http:\/\/seerose-obertraun.com\/hu\/wp-json\/wp\/v2\/users\/1"}],"replies":[{"embeddable":true,"href":"http:\/\/seerose-obertraun.com\/hu\/wp-json\/wp\/v2\/comments?post=1421"}],"version-history":[{"count":13,"href":"http:\/\/seerose-obertraun.com\/hu\/wp-json\/wp\/v2\/pages\/1421\/revisions"}],"predecessor-version":[{"id":3566,"href":"http:\/\/seerose-obertraun.com\/hu\/wp-json\/wp\/v2\/pages\/1421\/revisions\/3566"}],"wp:attachment":[{"href":"http:\/\/seerose-obertraun.com\/hu\/wp-json\/wp\/v2\/media?parent=1421"}],"curies":[{"name":"wp","href":"https:\/\/api.w.org\/{rel}","templated":true}]}}