{"id":1689,"date":"2014-01-01T18:35:33","date_gmt":"2014-01-01T18:35:33","guid":{"rendered":"http:\/\/seerose-obertraun.com\/?page_id=1689"},"modified":"2017-12-12T14:31:04","modified_gmt":"2017-12-12T13:31:04","slug":"summer_rates","status":"publish","type":"page","link":"http:\/\/seerose-obertraun.com\/hu\/summer_rates.htm","title":{"rendered":"Ny\u00e1ri \u00e1rak"},"content":{"rendered":"<p><\/p>\n<h2><span>\u00c1raink<\/span><\/h2>\n<table cellspacing=\"0\"><tr><th>2018.04.01.-2018.05.31.<\/th>\n<tr><td>2 f\u0151 r\u00e9sz\u00e9re<\/td><td>75 Eur\u00f3\/\u00e9j<\/td><\/tr><\/p>\n<p><\/tr><\/table>\n<table cellspacing=\"0\"><tr><th>2018.06.01.-2018.08.31.<\/th>\n<tr><td>2 f\u0151 r\u00e9sz\u00e9re<\/td><td>85 Eur\u00f3\/\u00e9j<\/td><\/tr><\/p>\n<p><\/tr><\/table>\n<table cellspacing=\"0\"><tr><th>2018.04.01.-2018.05.31.<\/th>\n<tr><td>2\/3 f\u0151 r\u00e9sz\u00e9re<\/td><td>85\/95 Euro\/\u00c9j<\/td><\/tr><\/p>\n<p><\/tr><\/table>\n<table cellspacing=\"0\"><tr><th>2018.06.01.-2018.08.31.<\/th>\n<tr><td>2\/3 f\u0151 r\u00e9sz\u00e9re<\/td><td>95\/105 Euro\/\u00c9j<\/td><\/tr><\/p>\n<p><\/tr><\/table>\n<table cellspacing=\"0\"><tr><th>2018.04.01.-2018.05.31.<\/th>\n<tr><td>2\/3\/4 f\u0151 r\u00e9sz\u00e9re<\/td><td>100\/120\/140 Euro\/\u00c9j<\/td><\/tr><\/p>\n<p><\/tr><\/table>\n<table cellspacing=\"0\"><tr><th>2018.06.01.-2018.08.31.<\/th>\n<tr><td>2\/3\/4 f\u0151 f\u0151 r\u00e9sz\u00e9re<\/td><td>110\/130\/150 Eur\u00f3\/\u00c9j<\/td><\/tr><\/p>\n<p><\/tr><\/table>\n<table cellspacing=\"0\"><tr><th>2018.04.01.-2018.05.31.<\/th>\n<tr><td>4-5-6 f\u0151 r\u00e9sz\u00e9re<\/td><td>160\/170\/180 Eur\u00f3\/\u00c9j<\/td><\/tr><\/p>\n<p><\/tr><\/table>\n<table cellspacing=\"0\"><tr><th>2018.06.01.-2018.08.31.<\/th>\n<tr><td>4-5-6 f\u0151 r\u00e9sz\u00e9re<\/td><td>170\/180\/190 Eur\u00f3\/\u00c9j<\/td><\/tr><\/p>\n<p><\/tr><\/table>\n<table cellspacing=\"0\"><tr><th>2018.04.01.-2018.05.31.<\/th>\n<tr><td>6\/7 szem\u00e9ly r\u00e9sz\u00e9re<\/td><td>190\/200 Euro\/\u00c9j<\/td><\/tr><\/p>\n<p><\/tr><\/table>\n<table cellspacing=\"0\"><tr><th>2018.06.01.-2018.08.31.<\/th>\n<tr><td>6\/7 szem\u00e9ly r\u00e9sz\u00e9re<\/td><td>200\/210 Euro\/\u00c9j<\/td><\/tr><\/p>\n<p><\/tr><\/table>\n<table cellspacing=\"0\"><tr><th>2018.04.01.-2018.05.31.<\/th>\n<tr><td>Junior lakoszt\u00e1ly<\/td><td>90 Euro\/\u00c9j<\/td><\/tr><\/p>\n<p><\/tr><\/table>\n<table cellspacing=\"0\"><tr><th>2018.06.01.-2018.08.31.<\/th>\n<tr><td>Junior lakoszt\u00e1ly<\/td><td>100 Euro\/\u00c9j<\/td><\/tr><\/p>\n<p><\/tr><\/table>\n<p>&nbsp;<\/p>\n<p>A reggeli m\u00e1r 9 eur\u00f3t\u00f3l el\u00e9rhet\u0151 a feln\u0151ttek sz\u00e1m\u00e1ra.<br \/>\nN\u00e9gy \u00e9ves kor alatt ingyenes, 4-10 \u00e9v kor k\u00f6z\u00f6tt 5 euro.<br \/>\nHa kisgyerekkel \u00e9rkezik, \u00e9s ig\u00e9nyli akkor biztos\u00edtani tudunk gyerek\u00e1gyat, aminek \u00e1ra 5 euro\/\u00e9jszaka.<br \/>\nAz \u00e1rak nem tartalmazz\u00e1k az idegenforgalmi ad\u00f3t, amelyet helyben kell kiegyenl\u00edteni. \u00c1ra: 1,5 \/ f\u0151 \/ \u00e9j (15 \u00e9v kor felett)<br \/>\nAmennyiben csak egy \u00e9jszak\u00e1t t\u00f6lt el n\u00e1lunk, +10 eurot felsz\u00e1molunk tiszt\u00edt\u00e1si k\u00f6lts\u00e9gk\u00e9nt.<\/p>","protected":false},"excerpt":{"rendered":"<p>\u00c1raink &nbsp; A reggeli m\u00e1r 9 eur\u00f3t\u00f3l el\u00e9rhet\u0151 a feln\u0151ttek sz\u00e1m\u00e1ra. N\u00e9gy \u00e9ves kor alatt ingyenes, 4-10 \u00e9v kor k\u00f6z\u00f6tt 5 euro. Ha kisgyerekkel \u00e9rkezik, \u00e9s ig\u00e9nyli akkor biztos\u00edtani tudunk gyerek\u00e1gyat, aminek \u00e1ra 5 euro\/\u00e9jszaka. Az \u00e1rak nem tartalmazz\u00e1k az idegenforgalmi ad\u00f3t, amelyet helyben kell kiegyenl\u00edteni. \u00c1ra: 1,5 \/ f\u0151 \/ \u00e9j (15 \u00e9v kor<\/p>\n","protected":false},"author":1,"featured_media":0,"parent":0,"menu_order":0,"comment_status":"closed","ping_status":"open","template":"","meta":[],"aioseo_notices":[],"_links":{"self":[{"href":"http:\/\/seerose-obertraun.com\/hu\/wp-json\/wp\/v2\/pages\/1689"}],"collection":[{"href":"http:\/\/seerose-obertraun.com\/hu\/wp-json\/wp\/v2\/pages"}],"about":[{"href":"http:\/\/seerose-obertraun.com\/hu\/wp-json\/wp\/v2\/types\/page"}],"author":[{"embeddable":true,"href":"http:\/\/seerose-obertraun.com\/hu\/wp-json\/wp\/v2\/users\/1"}],"replies":[{"embeddable":true,"href":"http:\/\/seerose-obertraun.com\/hu\/wp-json\/wp\/v2\/comments?post=1689"}],"version-history":[{"count":27,"href":"http:\/\/seerose-obertraun.com\/hu\/wp-json\/wp\/v2\/pages\/1689\/revisions"}],"predecessor-version":[{"id":4318,"href":"http:\/\/seerose-obertraun.com\/hu\/wp-json\/wp\/v2\/pages\/1689\/revisions\/4318"}],"wp:attachment":[{"href":"http:\/\/seerose-obertraun.com\/hu\/wp-json\/wp\/v2\/media?parent=1689"}],"curies":[{"name":"wp","href":"https:\/\/api.w.org\/{rel}","templated":true}]}}