{"id":1763,"date":"2014-01-08T21:24:26","date_gmt":"2014-01-08T21:24:26","guid":{"rendered":"http:\/\/seerose-obertraun.com\/?page_id=1763"},"modified":"2016-10-21T20:22:00","modified_gmt":"2016-10-21T19:22:00","slug":"horse-drawn-sledge-rides-by-night","status":"publish","type":"page","link":"http:\/\/seerose-obertraun.com\/hu\/horse-drawn-sledge-rides-by-night.htm","title":{"rendered":"Esti lovas sz\u00e1nk\u00f3z\u00e1s"},"content":{"rendered":"<p><div class=\"messagebox blue\">\u00c9lvezze a lovas sz\u00e1nk\u00f3z\u00e1st ny\u00fajtotta \u00e9lm\u00e9nyeket a Gosau-v\u00f6lgy\u00f6n kereszt\u00fcl! <\/div>\n<p>Az indul\u00e1s ideje 18:00, \u00e9s a turista irod\u00e1t\u00f3l indulnak Gosau-b\u00f3l. Engedje, hogy a t\u00e9l elvar\u00e1zsolja!<\/p>\n<p>A havas t\u00e1j megnyugtat\u00f3 k\u00f6zege, a meleg takar\u00f3 \u00e9s a lovak nyak\u00e1ban csilingel\u0151 cseng\u0151 var\u00e1zslatosan hat az emberre. Egy erd\u0151s vid\u00e9ken meg\u00e1ll\u00f3t tartunk, ahol megk\u00f3stolhatja a helyi snapszot, amelymelegs\u00e9ggel t\u00f6lti el.\u00a0 F\u00e9l \u00f3r\u00e1n bel\u00fcl el\u00e9rj\u00fck a Kohlstatth\u00fctte-t, amely egy tradicion\u00e1lis, rusztikus s\u00e1tor, amelyben ak\u00e1r j\u00e9gtek\u00e9zhet\u00fcnk is. \u00c9lvezze a te\u00e1j\u00e1t a t\u0171z mellett.<\/p>\n<p>Indul\u00e1s helysz\u00edne: Turista inform\u00e1ci\u00f3 Gosau, Nr. 547, 4824 Gosau<\/p>\n<p>Operator: Gosau \u201eland train\u201d, 4824 Gosau<\/p>\n<p>Ahelyi lovagl\u00f3 iskola 1 \u00f3r\u00e1s sz\u00e1nk\u00f3z\u00e1st k\u00edn\u00e1l, az \u00e9vb\u00e1rmely szak\u00e1n el\u00e9rhet\u0151 a szolg\u00e1ltat\u00e1s. (12 \u20ac\/f\u0151)<\/p>\n<p>&nbsp;<\/p>\n<p>\n\t\t<style type=\"text\/css\">\n\t\t\t#gallery-2 {\n\t\t\t\tmargin: auto;\n\t\t\t}\n\t\t\t#gallery-2 .gallery-item {\n\t\t\t\tfloat: left;\n\t\t\t\tmargin-top: 10px;\n\t\t\t\ttext-align: center;\n\t\t\t\twidth: 33%;\n\t\t\t}\n\t\t\t#gallery-2 img {\n\t\t\t\tborder: 2px solid #cfcfcf;\n\t\t\t}\n\t\t\t#gallery-2 .gallery-caption {\n\t\t\t\tmargin-left: 0;\n\t\t\t}\n\t\t\t\/* see gallery_shortcode() in wp-includes\/media.php *\/\n\t\t<\/style>\n\t\t<div id='gallery-2' class='gallery galleryid-1763 gallery-columns-3 gallery-size-thumbnail'><dl class='gallery-item'>\n\t\t\t<dt class='gallery-icon landscape'>\n\t\t\t\t<a href='http:\/\/seerose-obertraun.com\/wp-content\/uploads\/2014\/01\/horse-drawn-sledge-rides-01.jpg' rel=\"fancyimg\"><img width=\"150\" height=\"150\" src=\"http:\/\/seerose-obertraun.com\/wp-content\/uploads\/2014\/01\/horse-drawn-sledge-rides-01-150x150.jpg\" class=\"attachment-thumbnail size-thumbnail\" alt=\"\" decoding=\"async\" loading=\"lazy\" aria-describedby=\"gallery-2-1764\" srcset=\"http:\/\/seerose-obertraun.com\/wp-content\/uploads\/2014\/01\/horse-drawn-sledge-rides-01-150x150.jpg 150w, http:\/\/seerose-obertraun.com\/wp-content\/uploads\/2014\/01\/horse-drawn-sledge-rides-01-100x100.jpg 100w, http:\/\/seerose-obertraun.com\/wp-content\/uploads\/2014\/01\/horse-drawn-sledge-rides-01-55x55.jpg 55w\" sizes=\"(max-width: 150px) 100vw, 150px\" \/><\/a>\n\t\t\t<\/dt>\n\t\t\t\t<dd class='wp-caption-text gallery-caption' id='gallery-2-1764'>\n\t\t\t\tHorse-drawn sledge rides\n\t\t\t\t<\/dd><\/dl><dl class='gallery-item'>\n\t\t\t<dt class='gallery-icon landscape'>\n\t\t\t\t<a href='http:\/\/seerose-obertraun.com\/wp-content\/uploads\/2014\/01\/horse-drawn-sledge-rides-02.jpg' rel=\"fancyimg\"><img width=\"150\" height=\"150\" src=\"http:\/\/seerose-obertraun.com\/wp-content\/uploads\/2014\/01\/horse-drawn-sledge-rides-02-150x150.jpg\" class=\"attachment-thumbnail size-thumbnail\" alt=\"\" decoding=\"async\" loading=\"lazy\" aria-describedby=\"gallery-2-1765\" srcset=\"http:\/\/seerose-obertraun.com\/wp-content\/uploads\/2014\/01\/horse-drawn-sledge-rides-02-150x150.jpg 150w, http:\/\/seerose-obertraun.com\/wp-content\/uploads\/2014\/01\/horse-drawn-sledge-rides-02-100x100.jpg 100w, http:\/\/seerose-obertraun.com\/wp-content\/uploads\/2014\/01\/horse-drawn-sledge-rides-02-55x55.jpg 55w\" sizes=\"(max-width: 150px) 100vw, 150px\" \/><\/a>\n\t\t\t<\/dt>\n\t\t\t\t<dd class='wp-caption-text gallery-caption' id='gallery-2-1765'>\n\t\t\t\tHorse-drawn sledge rides\n\t\t\t\t<\/dd><\/dl><dl class='gallery-item'>\n\t\t\t<dt class='gallery-icon landscape'>\n\t\t\t\t<a href='http:\/\/seerose-obertraun.com\/wp-content\/uploads\/2014\/01\/horse-drawn-sledge-rides-03.jpg' rel=\"fancyimg\"><img width=\"150\" height=\"150\" src=\"http:\/\/seerose-obertraun.com\/wp-content\/uploads\/2014\/01\/horse-drawn-sledge-rides-03-150x150.jpg\" class=\"attachment-thumbnail size-thumbnail\" alt=\"\" decoding=\"async\" loading=\"lazy\" aria-describedby=\"gallery-2-1766\" srcset=\"http:\/\/seerose-obertraun.com\/wp-content\/uploads\/2014\/01\/horse-drawn-sledge-rides-03-150x150.jpg 150w, http:\/\/seerose-obertraun.com\/wp-content\/uploads\/2014\/01\/horse-drawn-sledge-rides-03-100x100.jpg 100w, http:\/\/seerose-obertraun.com\/wp-content\/uploads\/2014\/01\/horse-drawn-sledge-rides-03-55x55.jpg 55w\" sizes=\"(max-width: 150px) 100vw, 150px\" \/><\/a>\n\t\t\t<\/dt>\n\t\t\t\t<dd class='wp-caption-text gallery-caption' id='gallery-2-1766'>\n\t\t\t\tHorse-drawn sledge rides\n\t\t\t\t<\/dd><\/dl><br style=\"clear: both\" \/><dl class='gallery-item'>\n\t\t\t<dt class='gallery-icon landscape'>\n\t\t\t\t<a href='http:\/\/seerose-obertraun.com\/wp-content\/uploads\/2014\/01\/horse-drawn-sledge-rides-04.jpg' rel=\"fancyimg\"><img width=\"150\" height=\"150\" src=\"http:\/\/seerose-obertraun.com\/wp-content\/uploads\/2014\/01\/horse-drawn-sledge-rides-04-150x150.jpg\" class=\"attachment-thumbnail size-thumbnail\" alt=\"\" decoding=\"async\" loading=\"lazy\" aria-describedby=\"gallery-2-1767\" srcset=\"http:\/\/seerose-obertraun.com\/wp-content\/uploads\/2014\/01\/horse-drawn-sledge-rides-04-150x150.jpg 150w, http:\/\/seerose-obertraun.com\/wp-content\/uploads\/2014\/01\/horse-drawn-sledge-rides-04-100x100.jpg 100w, http:\/\/seerose-obertraun.com\/wp-content\/uploads\/2014\/01\/horse-drawn-sledge-rides-04-55x55.jpg 55w\" sizes=\"(max-width: 150px) 100vw, 150px\" \/><\/a>\n\t\t\t<\/dt>\n\t\t\t\t<dd class='wp-caption-text gallery-caption' id='gallery-2-1767'>\n\t\t\t\tHorse-drawn sledge rides\n\t\t\t\t<\/dd><\/dl><dl class='gallery-item'>\n\t\t\t<dt class='gallery-icon landscape'>\n\t\t\t\t<a href='http:\/\/seerose-obertraun.com\/wp-content\/uploads\/2014\/01\/horse-drawn-sledge-rides-05.jpg' rel=\"fancyimg\"><img width=\"150\" height=\"150\" src=\"http:\/\/seerose-obertraun.com\/wp-content\/uploads\/2014\/01\/horse-drawn-sledge-rides-05-150x150.jpg\" class=\"attachment-thumbnail size-thumbnail\" alt=\"\" decoding=\"async\" loading=\"lazy\" aria-describedby=\"gallery-2-1768\" srcset=\"http:\/\/seerose-obertraun.com\/wp-content\/uploads\/2014\/01\/horse-drawn-sledge-rides-05-150x150.jpg 150w, http:\/\/seerose-obertraun.com\/wp-content\/uploads\/2014\/01\/horse-drawn-sledge-rides-05-100x100.jpg 100w, http:\/\/seerose-obertraun.com\/wp-content\/uploads\/2014\/01\/horse-drawn-sledge-rides-05-55x55.jpg 55w\" sizes=\"(max-width: 150px) 100vw, 150px\" \/><\/a>\n\t\t\t<\/dt>\n\t\t\t\t<dd class='wp-caption-text gallery-caption' id='gallery-2-1768'>\n\t\t\t\tHorse-drawn sledge rides\n\t\t\t\t<\/dd><\/dl><dl class='gallery-item'>\n\t\t\t<dt class='gallery-icon landscape'>\n\t\t\t\t<a href='http:\/\/seerose-obertraun.com\/wp-content\/uploads\/2014\/01\/horse-drawn-sledge-rides-06.jpg' rel=\"fancyimg\"><img width=\"150\" height=\"150\" src=\"http:\/\/seerose-obertraun.com\/wp-content\/uploads\/2014\/01\/horse-drawn-sledge-rides-06-150x150.jpg\" class=\"attachment-thumbnail size-thumbnail\" alt=\"\" decoding=\"async\" loading=\"lazy\" aria-describedby=\"gallery-2-1769\" srcset=\"http:\/\/seerose-obertraun.com\/wp-content\/uploads\/2014\/01\/horse-drawn-sledge-rides-06-150x150.jpg 150w, http:\/\/seerose-obertraun.com\/wp-content\/uploads\/2014\/01\/horse-drawn-sledge-rides-06-100x100.jpg 100w, http:\/\/seerose-obertraun.com\/wp-content\/uploads\/2014\/01\/horse-drawn-sledge-rides-06-55x55.jpg 55w\" sizes=\"(max-width: 150px) 100vw, 150px\" \/><\/a>\n\t\t\t<\/dt>\n\t\t\t\t<dd class='wp-caption-text gallery-caption' id='gallery-2-1769'>\n\t\t\t\tHorse-drawn sledge rides\n\t\t\t\t<\/dd><\/dl><br style=\"clear: both\" \/>\n\t\t<\/div>\n<\/p>","protected":false},"excerpt":{"rendered":"<p>Az indul\u00e1s ideje 18:00, \u00e9s a turista irod\u00e1t\u00f3l indulnak Gosau-b\u00f3l. Engedje, hogy a t\u00e9l elvar\u00e1zsolja! A havas t\u00e1j megnyugtat\u00f3 k\u00f6zege, a meleg takar\u00f3 \u00e9s a lovak nyak\u00e1ban csilingel\u0151 cseng\u0151 var\u00e1zslatosan hat az emberre. Egy erd\u0151s vid\u00e9ken meg\u00e1ll\u00f3t tartunk, ahol megk\u00f3stolhatja a helyi snapszot, amelymelegs\u00e9ggel t\u00f6lti el.\u00a0 F\u00e9l \u00f3r\u00e1n bel\u00fcl el\u00e9rj\u00fck a Kohlstatth\u00fctte-t, amely egy tradicion\u00e1lis,<\/p>\n","protected":false},"author":1,"featured_media":0,"parent":0,"menu_order":0,"comment_status":"closed","ping_status":"open","template":"","meta":[],"aioseo_notices":[],"_links":{"self":[{"href":"http:\/\/seerose-obertraun.com\/hu\/wp-json\/wp\/v2\/pages\/1763"}],"collection":[{"href":"http:\/\/seerose-obertraun.com\/hu\/wp-json\/wp\/v2\/pages"}],"about":[{"href":"http:\/\/seerose-obertraun.com\/hu\/wp-json\/wp\/v2\/types\/page"}],"author":[{"embeddable":true,"href":"http:\/\/seerose-obertraun.com\/hu\/wp-json\/wp\/v2\/users\/1"}],"replies":[{"embeddable":true,"href":"http:\/\/seerose-obertraun.com\/hu\/wp-json\/wp\/v2\/comments?post=1763"}],"version-history":[{"count":5,"href":"http:\/\/seerose-obertraun.com\/hu\/wp-json\/wp\/v2\/pages\/1763\/revisions"}],"predecessor-version":[{"id":3667,"href":"http:\/\/seerose-obertraun.com\/hu\/wp-json\/wp\/v2\/pages\/1763\/revisions\/3667"}],"wp:attachment":[{"href":"http:\/\/seerose-obertraun.com\/hu\/wp-json\/wp\/v2\/media?parent=1763"}],"curies":[{"name":"wp","href":"https:\/\/api.w.org\/{rel}","templated":true}]}}