{"id":2834,"date":"2015-05-30T07:06:13","date_gmt":"2015-05-30T06:06:13","guid":{"rendered":"http:\/\/seerose-obertraun.com\/?page_id=2834"},"modified":"2018-09-24T09:08:24","modified_gmt":"2018-09-24T08:08:24","slug":"hotel-policies-of-apartment-hotel-seerose","status":"publish","type":"page","link":"http:\/\/seerose-obertraun.com\/hu\/hotel-policies-of-apartment-hotel-seerose.htm","title":{"rendered":"A Hotel Seerose szab\u00e1lyzata"},"content":{"rendered":"<p><strong>Visszaig\u00e9nyl\u00e9si szab\u00e1lyok<\/strong><br \/>\n<em>Ez a szab\u00e1lyzat le\u00edrja, hogy kezelje visszaig\u00e9nyl\u00e9seit<\/em><\/p>\n<ul>\n<li>30 nappal az \u00e9rkez\u00e9s el\u0151tt m\u00f3dos\u00edtva, vagy lemondva nincs d\u00edjaz\u00e1s.<\/li>\n<li>20 nappal az \u00e9rkez\u00e9s el\u0151tt m\u00f3dos\u00edtva, vagy lemondva a foglal\u00e1s 20%-a lesz d\u00edjazva.<\/li>\n<li>10 nappal az \u00e9rkez\u00e9s el\u0151tt m\u00f3dos\u00edtva, vagy lemondva a foglal\u00e1s 50%-a lesz d\u00edjazva.<\/li>\n<li>7 nappal az \u00e9rkez\u00e9s el\u0151tt m\u00f3dos\u00edtva, vagy lemondva a foglal\u00e1s 80%-a lesz d\u00edjazva.<\/li>\n<li>K\u00e9s\u0151bbi esetben, vagy megjelen\u00e9s hi\u00e1ny\u00e1ban a foglal\u00e1s 100%-a lesz d\u00edjazva.<\/li>\n<\/ul>\n<p><strong>El\u0151leg utal\u00e1s szab\u00e1lyzata<\/strong><\/p>\n<ul>\n<li>A foglal\u00e1s bankk\u00e1rtya adatok megad\u00e1s\u00e1val vagy el\u0151legutal\u00e1ssal t\u00f6rt\u00e9nik<\/li>\n<\/ul>\n<p><strong>Gyermek \u00e9s extra \u00e1gy szab\u00e1lyzata<\/strong><br \/>\n<em>Ez a szab\u00e1lyzat pontosan meghat\u00e1rozza a gyermekek ell\u00e1t\u00e1s\u00e1t \u00e9s a rendelkez\u00e9sre \u00e1ll\u00f3 extra \u00e1gyakat. Abban az esetben, ha egy\u00e1ltal\u00e1n nem szeretne extra \u00e1gyat, az extra \u00e1gy n\u00e9lk\u00fcli szobat\u00edpust ig\u00e9nyelje.<\/em><\/p>\n<ul>\n<li>Minden gyermeket sz\u00edvesen fogadunk.<\/li>\n<li>Egy gyermeknek vagy egy feln\u0151ttnek egy \u00e9jszak\u00e1ra t\u00f6rt\u00e9n\u0151 extra \u00e1gy ig\u00e9nyl\u00e9se 15 eur\u00f3ba ker\u00fcl.<\/li>\n<li>Egy gyermeknek 0-t\u00f3l 2 \u00e9ves korig a gyerek\u00e1gy ig\u00e9nyl\u00e9se \u00e9jszak\u00e1nk\u00e9nt 5 eur\u00f3ba ker\u00fcl.<\/li>\n<li>Az ig\u00e9nyelhet\u0151 extra \u00e1gy\/gyerek\u00e1gy sz\u00e1ma szob\u00e1nk\u00e9nt legfeljebb 1.<\/li>\n<\/ul>\n<p><strong>Internet<\/strong><br \/>\n<em>Ez le\u00edrja milyen internet \u00e9rhet\u0151 el a hotelben \u00e1r \u00e9s hely szerint.<\/em><\/p>\n<ul>\n<li>WiFi a szob\u00e1k ter\u00fclet\u00e9n \u00e9rhet\u0151 el \u00e9s ingyenes.<\/li>\n<\/ul>\n<p><strong>Parkol\u00e1<em>s<\/em><\/strong><\/p>\n<ul>\n<li style=\"font-weight: 400;\">1 \u00f3ra : 1 Eur<\/li>\n<li style=\"font-weight: 400;\">1 nap: 12 Eur<\/li>\n<li style=\"font-weight: 400;\">3 nap: 30 Eur<\/li>\n<li style=\"font-weight: 400;\">7 nap: 50 Eur<\/li>\n<\/ul>\n<p><strong>H\u00e1zi\u00e1llatok<\/strong><\/p>\n<ul>\n<li>A h\u00e1zi\u00e1llatok egyeztet\u00e9s ut\u00e1n enged\u00e9lyezettek.<\/li>\n<\/ul>\n<p><\/p>","protected":false},"excerpt":{"rendered":"<p>Visszaig\u00e9nyl\u00e9si szab\u00e1lyok Ez a szab\u00e1lyzat le\u00edrja, hogy kezelje visszaig\u00e9nyl\u00e9seit 30 nappal az \u00e9rkez\u00e9s el\u0151tt m\u00f3dos\u00edtva, vagy lemondva nincs d\u00edjaz\u00e1s. 20 nappal az \u00e9rkez\u00e9s el\u0151tt m\u00f3dos\u00edtva, vagy lemondva a foglal\u00e1s 20%-a lesz d\u00edjazva. 10 nappal az \u00e9rkez\u00e9s el\u0151tt m\u00f3dos\u00edtva, vagy lemondva a foglal\u00e1s 50%-a lesz d\u00edjazva. 7 nappal az \u00e9rkez\u00e9s el\u0151tt m\u00f3dos\u00edtva, vagy lemondva a foglal\u00e1s<\/p>\n","protected":false},"author":1,"featured_media":0,"parent":0,"menu_order":0,"comment_status":"closed","ping_status":"open","template":"","meta":[],"aioseo_notices":[],"_links":{"self":[{"href":"http:\/\/seerose-obertraun.com\/hu\/wp-json\/wp\/v2\/pages\/2834"}],"collection":[{"href":"http:\/\/seerose-obertraun.com\/hu\/wp-json\/wp\/v2\/pages"}],"about":[{"href":"http:\/\/seerose-obertraun.com\/hu\/wp-json\/wp\/v2\/types\/page"}],"author":[{"embeddable":true,"href":"http:\/\/seerose-obertraun.com\/hu\/wp-json\/wp\/v2\/users\/1"}],"replies":[{"embeddable":true,"href":"http:\/\/seerose-obertraun.com\/hu\/wp-json\/wp\/v2\/comments?post=2834"}],"version-history":[{"count":5,"href":"http:\/\/seerose-obertraun.com\/hu\/wp-json\/wp\/v2\/pages\/2834\/revisions"}],"predecessor-version":[{"id":11663,"href":"http:\/\/seerose-obertraun.com\/hu\/wp-json\/wp\/v2\/pages\/2834\/revisions\/11663"}],"wp:attachment":[{"href":"http:\/\/seerose-obertraun.com\/hu\/wp-json\/wp\/v2\/media?parent=2834"}],"curies":[{"name":"wp","href":"https:\/\/api.w.org\/{rel}","templated":true}]}}