{"id":309,"date":"2012-09-05T00:55:21","date_gmt":"2012-09-05T00:55:21","guid":{"rendered":"http:\/\/bwthemes.com\/themes\/wellnessxml\/?page_id=309"},"modified":"2018-09-24T09:11:36","modified_gmt":"2018-09-24T08:11:36","slug":"hotel-seerose-apartments-gallery","status":"publish","type":"page","link":"http:\/\/seerose-obertraun.com\/hu\/hotel-seerose-apartments-gallery.htm","title":{"rendered":"Hotel Seerose Apartmanh\u00e1z k\u00e9pek"},"content":{"rendered":"<p>Az apartmanok teljesen felszelet konyh\u00e1val vannak ell\u00e1tva. Az erk\u00e9lyekr\u0151l csod\u00e1latos kil\u00e1t\u00e1s ny\u00edlik a hegyekre, illetve a t\u00f3ra. Minden lakr\u00e9szhez tartozik egy \u00e9tkez\u0151, valamint van a szob\u00e1kban lapos k\u00e9perny\u0151j\u0171 m\u0171holdas telev\u00edzi\u00f3 DVD lej\u00e1tsz\u00f3val, \u00e9s szabadon haszn\u00e1lhat\u00f3 a ki\u00e9p\u00edtett WIFI h\u00e1l\u00f3zat. Az \u00e1gynem\u0171k \u00e9s t\u00f6r\u00f6lk\u00f6z\u0151k biztos\u00edtottak. Az apartmanok p\u00f3t\u00e1gyazhat\u00f3k, a d\u00edv\u00e1nyok \u00e1talak\u00edt\u00e1s\u00e1val, n\u00e9mely szob\u00e1kban k\u00e9t ilyen d\u00edv\u00e1ny is tal\u00e1lhat\u00f3. K\u00e9t apartman \u00f6sszenyit\u00e1s\u00e1ra is van lehet\u0151s\u00e9g, 12 f\u00e9r\u0151hely biztos\u00edtott ezekben.<\/p>\n<p>A hotel vend\u00e9gei sz\u00e1m\u00e1ra b\u00e1r \u00e1ll rendelkez\u00e9sre.<\/p>\n<p>Az \u00f6sszes apartman \u00fajonnan b\u00fatorozott, a k\u00e9nyelem biztos\u00edtott. A h\u00e1l\u00f3szob\u00e1k t\u00e1gasak, k\u00e9nyelmes francia\u00e1gyakkal \u00e9s egyedi f\u00fcrd\u0151szob\u00e1val rendelkeznek. A konyh\u00e1kban mikrohull\u00e1m\u00fa s\u00fct\u0151, t\u0171zhely \u00e9s h\u0171t\u0151vel van felszerelve.<\/p>\n<p>.<\/p>\n\n\t\t<style type=\"text\/css\">\n\t\t\t#gallery-2 {\n\t\t\t\tmargin: auto;\n\t\t\t}\n\t\t\t#gallery-2 .gallery-item {\n\t\t\t\tfloat: left;\n\t\t\t\tmargin-top: 10px;\n\t\t\t\ttext-align: center;\n\t\t\t\twidth: 33%;\n\t\t\t}\n\t\t\t#gallery-2 img {\n\t\t\t\tborder: 2px solid #cfcfcf;\n\t\t\t}\n\t\t\t#gallery-2 .gallery-caption {\n\t\t\t\tmargin-left: 0;\n\t\t\t}\n\t\t\t\/* see gallery_shortcode() in wp-includes\/media.php *\/\n\t\t<\/style>\n\t\t<div id='gallery-2' class='gallery galleryid-309 gallery-columns-3 gallery-size-thumbnail'><dl class='gallery-item'>\n\t\t\t<dt class='gallery-icon landscape'>\n\t\t\t\t<a href='http:\/\/seerose-obertraun.com\/wp-content\/uploads\/2012\/09\/apartman-hotel-obertraun-23.jpg' rel=\"fancyimg\"><img width=\"150\" height=\"150\" src=\"http:\/\/seerose-obertraun.com\/wp-content\/uploads\/2012\/09\/apartman-hotel-obertraun-23-150x150.jpg\" class=\"attachment-thumbnail size-thumbnail\" alt=\"\" decoding=\"async\" loading=\"lazy\" aria-describedby=\"gallery-2-1336\" srcset=\"http:\/\/seerose-obertraun.com\/wp-content\/uploads\/2012\/09\/apartman-hotel-obertraun-23-150x150.jpg 150w, http:\/\/seerose-obertraun.com\/wp-content\/uploads\/2012\/09\/apartman-hotel-obertraun-23-100x100.jpg 100w, http:\/\/seerose-obertraun.com\/wp-content\/uploads\/2012\/09\/apartman-hotel-obertraun-23-55x55.jpg 55w\" sizes=\"(max-width: 150px) 100vw, 150px\" \/><\/a>\n\t\t\t<\/dt>\n\t\t\t\t<dd class='wp-caption-text gallery-caption' id='gallery-2-1336'>\n\t\t\t\tHotel Seerose Obertraun\n\t\t\t\t<\/dd><\/dl><dl class='gallery-item'>\n\t\t\t<dt class='gallery-icon landscape'>\n\t\t\t\t<a href='http:\/\/seerose-obertraun.com\/wp-content\/uploads\/2012\/09\/apartman-hotel-obertraun-01.jpg' rel=\"fancyimg\"><img width=\"150\" height=\"150\" src=\"http:\/\/seerose-obertraun.com\/wp-content\/uploads\/2012\/09\/apartman-hotel-obertraun-01-150x150.jpg\" class=\"attachment-thumbnail size-thumbnail\" alt=\"\" decoding=\"async\" loading=\"lazy\" aria-describedby=\"gallery-2-1315\" srcset=\"http:\/\/seerose-obertraun.com\/wp-content\/uploads\/2012\/09\/apartman-hotel-obertraun-01-150x150.jpg 150w, http:\/\/seerose-obertraun.com\/wp-content\/uploads\/2012\/09\/apartman-hotel-obertraun-01-100x100.jpg 100w, http:\/\/seerose-obertraun.com\/wp-content\/uploads\/2012\/09\/apartman-hotel-obertraun-01-55x55.jpg 55w\" sizes=\"(max-width: 150px) 100vw, 150px\" \/><\/a>\n\t\t\t<\/dt>\n\t\t\t\t<dd class='wp-caption-text gallery-caption' id='gallery-2-1315'>\n\t\t\t\tHotel Seerose Obertraun\n\t\t\t\t<\/dd><\/dl><dl class='gallery-item'>\n\t\t\t<dt class='gallery-icon landscape'>\n\t\t\t\t<a href='http:\/\/seerose-obertraun.com\/wp-content\/uploads\/2012\/09\/apartman-hotel-obertraun-02.jpg' rel=\"fancyimg\"><img width=\"150\" height=\"150\" src=\"http:\/\/seerose-obertraun.com\/wp-content\/uploads\/2012\/09\/apartman-hotel-obertraun-02-150x150.jpg\" class=\"attachment-thumbnail size-thumbnail\" alt=\"\" decoding=\"async\" loading=\"lazy\" aria-describedby=\"gallery-2-1316\" srcset=\"http:\/\/seerose-obertraun.com\/wp-content\/uploads\/2012\/09\/apartman-hotel-obertraun-02-150x150.jpg 150w, http:\/\/seerose-obertraun.com\/wp-content\/uploads\/2012\/09\/apartman-hotel-obertraun-02-100x100.jpg 100w, http:\/\/seerose-obertraun.com\/wp-content\/uploads\/2012\/09\/apartman-hotel-obertraun-02-55x55.jpg 55w\" sizes=\"(max-width: 150px) 100vw, 150px\" \/><\/a>\n\t\t\t<\/dt>\n\t\t\t\t<dd class='wp-caption-text gallery-caption' id='gallery-2-1316'>\n\t\t\t\t\u00c9tterem 65 szem\u00e9ly r\u00e9sz\u00e9re\n\t\t\t\t<\/dd><\/dl><br style=\"clear: both\" \/><dl class='gallery-item'>\n\t\t\t<dt class='gallery-icon landscape'>\n\t\t\t\t<a href='http:\/\/seerose-obertraun.com\/wp-content\/uploads\/2012\/09\/apartman-hotel-obertraun-03.jpg' rel=\"fancyimg\"><img width=\"150\" height=\"150\" src=\"http:\/\/seerose-obertraun.com\/wp-content\/uploads\/2012\/09\/apartman-hotel-obertraun-03-150x150.jpg\" class=\"attachment-thumbnail size-thumbnail\" alt=\"\" decoding=\"async\" loading=\"lazy\" aria-describedby=\"gallery-2-1317\" srcset=\"http:\/\/seerose-obertraun.com\/wp-content\/uploads\/2012\/09\/apartman-hotel-obertraun-03-150x150.jpg 150w, http:\/\/seerose-obertraun.com\/wp-content\/uploads\/2012\/09\/apartman-hotel-obertraun-03-100x100.jpg 100w, http:\/\/seerose-obertraun.com\/wp-content\/uploads\/2012\/09\/apartman-hotel-obertraun-03-55x55.jpg 55w\" sizes=\"(max-width: 150px) 100vw, 150px\" \/><\/a>\n\t\t\t<\/dt>\n\t\t\t\t<dd class='wp-caption-text gallery-caption' id='gallery-2-1317'>\n\t\t\t\tBefore ample breakfast\n\t\t\t\t<\/dd><\/dl><dl class='gallery-item'>\n\t\t\t<dt class='gallery-icon landscape'>\n\t\t\t\t<a href='http:\/\/seerose-obertraun.com\/wp-content\/uploads\/2012\/09\/apartman-hotel-obertraun-04.jpg' rel=\"fancyimg\"><img width=\"150\" height=\"150\" src=\"http:\/\/seerose-obertraun.com\/wp-content\/uploads\/2012\/09\/apartman-hotel-obertraun-04-150x150.jpg\" class=\"attachment-thumbnail size-thumbnail\" alt=\"\" decoding=\"async\" loading=\"lazy\" aria-describedby=\"gallery-2-1318\" srcset=\"http:\/\/seerose-obertraun.com\/wp-content\/uploads\/2012\/09\/apartman-hotel-obertraun-04-150x150.jpg 150w, http:\/\/seerose-obertraun.com\/wp-content\/uploads\/2012\/09\/apartman-hotel-obertraun-04-100x100.jpg 100w, http:\/\/seerose-obertraun.com\/wp-content\/uploads\/2012\/09\/apartman-hotel-obertraun-04-55x55.jpg 55w\" sizes=\"(max-width: 150px) 100vw, 150px\" \/><\/a>\n\t\t\t<\/dt>\n\t\t\t\t<dd class='wp-caption-text gallery-caption' id='gallery-2-1318'>\n\t\t\t\tIfj\u00fas\u00e1gi lakoszt\u00e1ly (2 szem\u00e9ly)\n\t\t\t\t<\/dd><\/dl><dl class='gallery-item'>\n\t\t\t<dt class='gallery-icon landscape'>\n\t\t\t\t<a href='http:\/\/seerose-obertraun.com\/wp-content\/uploads\/2012\/09\/apartman-hotel-obertraun-19.jpg' rel=\"fancyimg\"><img width=\"150\" height=\"150\" src=\"http:\/\/seerose-obertraun.com\/wp-content\/uploads\/2012\/09\/apartman-hotel-obertraun-19-150x150.jpg\" class=\"attachment-thumbnail size-thumbnail\" alt=\"\" decoding=\"async\" loading=\"lazy\" aria-describedby=\"gallery-2-1332\" srcset=\"http:\/\/seerose-obertraun.com\/wp-content\/uploads\/2012\/09\/apartman-hotel-obertraun-19-150x150.jpg 150w, http:\/\/seerose-obertraun.com\/wp-content\/uploads\/2012\/09\/apartman-hotel-obertraun-19-100x100.jpg 100w, http:\/\/seerose-obertraun.com\/wp-content\/uploads\/2012\/09\/apartman-hotel-obertraun-19-55x55.jpg 55w\" sizes=\"(max-width: 150px) 100vw, 150px\" \/><\/a>\n\t\t\t<\/dt>\n\t\t\t\t<dd class='wp-caption-text gallery-caption' id='gallery-2-1332'>\n\t\t\t\tIfj\u00fas\u00e1gi lakoszt\u00e1ly (2 szem\u00e9ly)\n\t\t\t\t<\/dd><\/dl><br style=\"clear: both\" \/><dl class='gallery-item'>\n\t\t\t<dt class='gallery-icon landscape'>\n\t\t\t\t<a href='http:\/\/seerose-obertraun.com\/wp-content\/uploads\/2012\/09\/apartman-hotel-obertraun-16.jpg' rel=\"fancyimg\"><img width=\"150\" height=\"150\" src=\"http:\/\/seerose-obertraun.com\/wp-content\/uploads\/2012\/09\/apartman-hotel-obertraun-16-150x150.jpg\" class=\"attachment-thumbnail size-thumbnail\" alt=\"\" decoding=\"async\" loading=\"lazy\" aria-describedby=\"gallery-2-1329\" srcset=\"http:\/\/seerose-obertraun.com\/wp-content\/uploads\/2012\/09\/apartman-hotel-obertraun-16-150x150.jpg 150w, http:\/\/seerose-obertraun.com\/wp-content\/uploads\/2012\/09\/apartman-hotel-obertraun-16-100x100.jpg 100w, http:\/\/seerose-obertraun.com\/wp-content\/uploads\/2012\/09\/apartman-hotel-obertraun-16-55x55.jpg 55w\" sizes=\"(max-width: 150px) 100vw, 150px\" \/><\/a>\n\t\t\t<\/dt>\n\t\t\t\t<dd class='wp-caption-text gallery-caption' id='gallery-2-1329'>\n\t\t\t\tIfj\u00fas\u00e1gi lakoszt\u00e1ly (2 szem\u00e9ly)\n\t\t\t\t<\/dd><\/dl><dl class='gallery-item'>\n\t\t\t<dt class='gallery-icon landscape'>\n\t\t\t\t<a href='http:\/\/seerose-obertraun.com\/wp-content\/uploads\/2012\/09\/apartman-hotel-obertraun-15.jpg' rel=\"fancyimg\"><img width=\"150\" height=\"150\" src=\"http:\/\/seerose-obertraun.com\/wp-content\/uploads\/2012\/09\/apartman-hotel-obertraun-15-150x150.jpg\" class=\"attachment-thumbnail size-thumbnail\" alt=\"\" decoding=\"async\" loading=\"lazy\" aria-describedby=\"gallery-2-1328\" srcset=\"http:\/\/seerose-obertraun.com\/wp-content\/uploads\/2012\/09\/apartman-hotel-obertraun-15-150x150.jpg 150w, http:\/\/seerose-obertraun.com\/wp-content\/uploads\/2012\/09\/apartman-hotel-obertraun-15-100x100.jpg 100w, http:\/\/seerose-obertraun.com\/wp-content\/uploads\/2012\/09\/apartman-hotel-obertraun-15-55x55.jpg 55w\" sizes=\"(max-width: 150px) 100vw, 150px\" \/><\/a>\n\t\t\t<\/dt>\n\t\t\t\t<dd class='wp-caption-text gallery-caption' id='gallery-2-1328'>\n\t\t\t\tMinden apartmanhoz erk\u00e9ly tartozik\n\t\t\t\t<\/dd><\/dl><dl class='gallery-item'>\n\t\t\t<dt class='gallery-icon landscape'>\n\t\t\t\t<a href='http:\/\/seerose-obertraun.com\/wp-content\/uploads\/2012\/09\/apartman-hotel-obertraun-08.jpg' rel=\"fancyimg\"><img width=\"150\" height=\"150\" src=\"http:\/\/seerose-obertraun.com\/wp-content\/uploads\/2012\/09\/apartman-hotel-obertraun-08-150x150.jpg\" class=\"attachment-thumbnail size-thumbnail\" alt=\"\" decoding=\"async\" loading=\"lazy\" aria-describedby=\"gallery-2-1322\" srcset=\"http:\/\/seerose-obertraun.com\/wp-content\/uploads\/2012\/09\/apartman-hotel-obertraun-08-150x150.jpg 150w, http:\/\/seerose-obertraun.com\/wp-content\/uploads\/2012\/09\/apartman-hotel-obertraun-08-100x100.jpg 100w, http:\/\/seerose-obertraun.com\/wp-content\/uploads\/2012\/09\/apartman-hotel-obertraun-08-55x55.jpg 55w\" sizes=\"(max-width: 150px) 100vw, 150px\" \/><\/a>\n\t\t\t<\/dt>\n\t\t\t\t<dd class='wp-caption-text gallery-caption' id='gallery-2-1322'>\n\t\t\t\t1 szob\u00e1s apartman\n\t\t\t\t<\/dd><\/dl><br style=\"clear: both\" \/><dl class='gallery-item'>\n\t\t\t<dt class='gallery-icon landscape'>\n\t\t\t\t<a href='http:\/\/seerose-obertraun.com\/wp-content\/uploads\/2012\/09\/apartman-hotel-obertraun-05.jpg' rel=\"fancyimg\"><img width=\"150\" height=\"150\" src=\"http:\/\/seerose-obertraun.com\/wp-content\/uploads\/2012\/09\/apartman-hotel-obertraun-05-150x150.jpg\" class=\"attachment-thumbnail size-thumbnail\" alt=\"\" decoding=\"async\" loading=\"lazy\" aria-describedby=\"gallery-2-1319\" srcset=\"http:\/\/seerose-obertraun.com\/wp-content\/uploads\/2012\/09\/apartman-hotel-obertraun-05-150x150.jpg 150w, http:\/\/seerose-obertraun.com\/wp-content\/uploads\/2012\/09\/apartman-hotel-obertraun-05-100x100.jpg 100w, http:\/\/seerose-obertraun.com\/wp-content\/uploads\/2012\/09\/apartman-hotel-obertraun-05-55x55.jpg 55w\" sizes=\"(max-width: 150px) 100vw, 150px\" \/><\/a>\n\t\t\t<\/dt>\n\t\t\t\t<dd class='wp-caption-text gallery-caption' id='gallery-2-1319'>\n\t\t\t\t2 szob\u00e1s apartman\n\t\t\t\t<\/dd><\/dl><dl class='gallery-item'>\n\t\t\t<dt class='gallery-icon landscape'>\n\t\t\t\t<a href='http:\/\/seerose-obertraun.com\/wp-content\/uploads\/2012\/09\/apartman-hotel-obertraun-17.jpg' rel=\"fancyimg\"><img width=\"150\" height=\"150\" src=\"http:\/\/seerose-obertraun.com\/wp-content\/uploads\/2012\/09\/apartman-hotel-obertraun-17-150x150.jpg\" class=\"attachment-thumbnail size-thumbnail\" alt=\"\" decoding=\"async\" loading=\"lazy\" aria-describedby=\"gallery-2-1330\" srcset=\"http:\/\/seerose-obertraun.com\/wp-content\/uploads\/2012\/09\/apartman-hotel-obertraun-17-150x150.jpg 150w, http:\/\/seerose-obertraun.com\/wp-content\/uploads\/2012\/09\/apartman-hotel-obertraun-17-100x100.jpg 100w, http:\/\/seerose-obertraun.com\/wp-content\/uploads\/2012\/09\/apartman-hotel-obertraun-17-55x55.jpg 55w\" sizes=\"(max-width: 150px) 100vw, 150px\" \/><\/a>\n\t\t\t<\/dt>\n\t\t\t\t<dd class='wp-caption-text gallery-caption' id='gallery-2-1330'>\n\t\t\t\t2 szob\u00e1s apartman\n\t\t\t\t<\/dd><\/dl><dl class='gallery-item'>\n\t\t\t<dt class='gallery-icon landscape'>\n\t\t\t\t<a href='http:\/\/seerose-obertraun.com\/wp-content\/uploads\/2012\/09\/apartman-hotel-obertraun-13.jpg' rel=\"fancyimg\"><img width=\"150\" height=\"150\" src=\"http:\/\/seerose-obertraun.com\/wp-content\/uploads\/2012\/09\/apartman-hotel-obertraun-13-150x150.jpg\" class=\"attachment-thumbnail size-thumbnail\" alt=\"\" decoding=\"async\" loading=\"lazy\" aria-describedby=\"gallery-2-1326\" srcset=\"http:\/\/seerose-obertraun.com\/wp-content\/uploads\/2012\/09\/apartman-hotel-obertraun-13-150x150.jpg 150w, http:\/\/seerose-obertraun.com\/wp-content\/uploads\/2012\/09\/apartman-hotel-obertraun-13-100x100.jpg 100w, http:\/\/seerose-obertraun.com\/wp-content\/uploads\/2012\/09\/apartman-hotel-obertraun-13-55x55.jpg 55w\" sizes=\"(max-width: 150px) 100vw, 150px\" \/><\/a>\n\t\t\t<\/dt>\n\t\t\t\t<dd class='wp-caption-text gallery-caption' id='gallery-2-1326'>\n\t\t\t\tNagy konyh\u00e1k\n\t\t\t\t<\/dd><\/dl><br style=\"clear: both\" \/><dl class='gallery-item'>\n\t\t\t<dt class='gallery-icon landscape'>\n\t\t\t\t<a href='http:\/\/seerose-obertraun.com\/wp-content\/uploads\/2012\/09\/apartman-hotel-obertraun-18.jpg' rel=\"fancyimg\"><img width=\"150\" height=\"150\" src=\"http:\/\/seerose-obertraun.com\/wp-content\/uploads\/2012\/09\/apartman-hotel-obertraun-18-150x150.jpg\" class=\"attachment-thumbnail size-thumbnail\" alt=\"\" decoding=\"async\" loading=\"lazy\" aria-describedby=\"gallery-2-1331\" srcset=\"http:\/\/seerose-obertraun.com\/wp-content\/uploads\/2012\/09\/apartman-hotel-obertraun-18-150x150.jpg 150w, http:\/\/seerose-obertraun.com\/wp-content\/uploads\/2012\/09\/apartman-hotel-obertraun-18-100x100.jpg 100w, http:\/\/seerose-obertraun.com\/wp-content\/uploads\/2012\/09\/apartman-hotel-obertraun-18-55x55.jpg 55w\" sizes=\"(max-width: 150px) 100vw, 150px\" \/><\/a>\n\t\t\t<\/dt>\n\t\t\t\t<dd class='wp-caption-text gallery-caption' id='gallery-2-1331'>\n\t\t\t\tJ\u00f3l felszerelt konyh\u00e1k\n\t\t\t\t<\/dd><\/dl><dl class='gallery-item'>\n\t\t\t<dt class='gallery-icon landscape'>\n\t\t\t\t<a href='http:\/\/seerose-obertraun.com\/wp-content\/uploads\/2012\/09\/apartman-hotel-obertraun-22.jpg' rel=\"fancyimg\"><img width=\"150\" height=\"150\" src=\"http:\/\/seerose-obertraun.com\/wp-content\/uploads\/2012\/09\/apartman-hotel-obertraun-22-150x150.jpg\" class=\"attachment-thumbnail size-thumbnail\" alt=\"\" decoding=\"async\" loading=\"lazy\" aria-describedby=\"gallery-2-1335\" srcset=\"http:\/\/seerose-obertraun.com\/wp-content\/uploads\/2012\/09\/apartman-hotel-obertraun-22-150x150.jpg 150w, http:\/\/seerose-obertraun.com\/wp-content\/uploads\/2012\/09\/apartman-hotel-obertraun-22-100x100.jpg 100w, http:\/\/seerose-obertraun.com\/wp-content\/uploads\/2012\/09\/apartman-hotel-obertraun-22-55x55.jpg 55w\" sizes=\"(max-width: 150px) 100vw, 150px\" \/><\/a>\n\t\t\t<\/dt>\n\t\t\t\t<dd class='wp-caption-text gallery-caption' id='gallery-2-1335'>\n\t\t\t\tJ\u00f3l felszerelt konyh\u00e1k\n\t\t\t\t<\/dd><\/dl><dl class='gallery-item'>\n\t\t\t<dt class='gallery-icon landscape'>\n\t\t\t\t<a href='http:\/\/seerose-obertraun.com\/wp-content\/uploads\/2012\/09\/apartman-hotel-obertraun-07.jpg' rel=\"fancyimg\"><img width=\"150\" height=\"150\" src=\"http:\/\/seerose-obertraun.com\/wp-content\/uploads\/2012\/09\/apartman-hotel-obertraun-07-150x150.jpg\" class=\"attachment-thumbnail size-thumbnail\" alt=\"\" decoding=\"async\" loading=\"lazy\" aria-describedby=\"gallery-2-1321\" srcset=\"http:\/\/seerose-obertraun.com\/wp-content\/uploads\/2012\/09\/apartman-hotel-obertraun-07-150x150.jpg 150w, http:\/\/seerose-obertraun.com\/wp-content\/uploads\/2012\/09\/apartman-hotel-obertraun-07-100x100.jpg 100w, http:\/\/seerose-obertraun.com\/wp-content\/uploads\/2012\/09\/apartman-hotel-obertraun-07-55x55.jpg 55w\" sizes=\"(max-width: 150px) 100vw, 150px\" \/><\/a>\n\t\t\t<\/dt>\n\t\t\t\t<dd class='wp-caption-text gallery-caption' id='gallery-2-1321'>\n\t\t\t\t3 szob\u00e1s apartman\n\t\t\t\t<\/dd><\/dl><br style=\"clear: both\" \/><dl class='gallery-item'>\n\t\t\t<dt class='gallery-icon landscape'>\n\t\t\t\t<a href='http:\/\/seerose-obertraun.com\/wp-content\/uploads\/2012\/09\/apartman-hotel-obertraun-20.jpg' rel=\"fancyimg\"><img width=\"150\" height=\"150\" src=\"http:\/\/seerose-obertraun.com\/wp-content\/uploads\/2012\/09\/apartman-hotel-obertraun-20-150x150.jpg\" class=\"attachment-thumbnail size-thumbnail\" alt=\"\" decoding=\"async\" loading=\"lazy\" aria-describedby=\"gallery-2-1333\" srcset=\"http:\/\/seerose-obertraun.com\/wp-content\/uploads\/2012\/09\/apartman-hotel-obertraun-20-150x150.jpg 150w, http:\/\/seerose-obertraun.com\/wp-content\/uploads\/2012\/09\/apartman-hotel-obertraun-20-100x100.jpg 100w, http:\/\/seerose-obertraun.com\/wp-content\/uploads\/2012\/09\/apartman-hotel-obertraun-20-55x55.jpg 55w\" sizes=\"(max-width: 150px) 100vw, 150px\" \/><\/a>\n\t\t\t<\/dt>\n\t\t\t\t<dd class='wp-caption-text gallery-caption' id='gallery-2-1333'>\n\t\t\t\t3 szob\u00e1s apartman\n\t\t\t\t<\/dd><\/dl><dl class='gallery-item'>\n\t\t\t<dt class='gallery-icon landscape'>\n\t\t\t\t<a href='http:\/\/seerose-obertraun.com\/wp-content\/uploads\/2012\/09\/apartman-hotel-obertraun-06.jpg' rel=\"fancyimg\"><img width=\"150\" height=\"150\" src=\"http:\/\/seerose-obertraun.com\/wp-content\/uploads\/2012\/09\/apartman-hotel-obertraun-06-150x150.jpg\" class=\"attachment-thumbnail size-thumbnail\" alt=\"\" decoding=\"async\" loading=\"lazy\" aria-describedby=\"gallery-2-1320\" srcset=\"http:\/\/seerose-obertraun.com\/wp-content\/uploads\/2012\/09\/apartman-hotel-obertraun-06-150x150.jpg 150w, http:\/\/seerose-obertraun.com\/wp-content\/uploads\/2012\/09\/apartman-hotel-obertraun-06-100x100.jpg 100w, http:\/\/seerose-obertraun.com\/wp-content\/uploads\/2012\/09\/apartman-hotel-obertraun-06-55x55.jpg 55w\" sizes=\"(max-width: 150px) 100vw, 150px\" \/><\/a>\n\t\t\t<\/dt>\n\t\t\t\t<dd class='wp-caption-text gallery-caption' id='gallery-2-1320'>\n\t\t\t\t3 szob\u00e1s apartman\n\t\t\t\t<\/dd><\/dl><dl class='gallery-item'>\n\t\t\t<dt class='gallery-icon landscape'>\n\t\t\t\t<a href='http:\/\/seerose-obertraun.com\/wp-content\/uploads\/2012\/09\/apartman-hotel-obertraun-10.jpg' rel=\"fancyimg\"><img width=\"150\" height=\"150\" src=\"http:\/\/seerose-obertraun.com\/wp-content\/uploads\/2012\/09\/apartman-hotel-obertraun-10-150x150.jpg\" class=\"attachment-thumbnail size-thumbnail\" alt=\"\" decoding=\"async\" loading=\"lazy\" aria-describedby=\"gallery-2-1323\" srcset=\"http:\/\/seerose-obertraun.com\/wp-content\/uploads\/2012\/09\/apartman-hotel-obertraun-10-150x150.jpg 150w, http:\/\/seerose-obertraun.com\/wp-content\/uploads\/2012\/09\/apartman-hotel-obertraun-10-100x100.jpg 100w, http:\/\/seerose-obertraun.com\/wp-content\/uploads\/2012\/09\/apartman-hotel-obertraun-10-55x55.jpg 55w\" sizes=\"(max-width: 150px) 100vw, 150px\" \/><\/a>\n\t\t\t<\/dt>\n\t\t\t\t<dd class='wp-caption-text gallery-caption' id='gallery-2-1323'>\n\t\t\t\t100m2 Apartman nagy konyh\u00e1val\n\t\t\t\t<\/dd><\/dl><br style=\"clear: both\" \/><dl class='gallery-item'>\n\t\t\t<dt class='gallery-icon landscape'>\n\t\t\t\t<a href='http:\/\/seerose-obertraun.com\/wp-content\/uploads\/2012\/09\/apartman-hotel-obertraun-11.jpg' rel=\"fancyimg\"><img width=\"150\" height=\"150\" src=\"http:\/\/seerose-obertraun.com\/wp-content\/uploads\/2012\/09\/apartman-hotel-obertraun-11-150x150.jpg\" class=\"attachment-thumbnail size-thumbnail\" alt=\"\" decoding=\"async\" loading=\"lazy\" aria-describedby=\"gallery-2-1324\" srcset=\"http:\/\/seerose-obertraun.com\/wp-content\/uploads\/2012\/09\/apartman-hotel-obertraun-11-150x150.jpg 150w, http:\/\/seerose-obertraun.com\/wp-content\/uploads\/2012\/09\/apartman-hotel-obertraun-11-100x100.jpg 100w, http:\/\/seerose-obertraun.com\/wp-content\/uploads\/2012\/09\/apartman-hotel-obertraun-11-55x55.jpg 55w\" sizes=\"(max-width: 150px) 100vw, 150px\" \/><\/a>\n\t\t\t<\/dt>\n\t\t\t\t<dd class='wp-caption-text gallery-caption' id='gallery-2-1324'>\n\t\t\t\tCsod\u00e1s kil\u00e1t\u00e1s\n\t\t\t\t<\/dd><\/dl><dl class='gallery-item'>\n\t\t\t<dt class='gallery-icon landscape'>\n\t\t\t\t<a href='http:\/\/seerose-obertraun.com\/wp-content\/uploads\/2012\/09\/apartman-hotel-obertraun-12.jpg' rel=\"fancyimg\"><img width=\"150\" height=\"150\" src=\"http:\/\/seerose-obertraun.com\/wp-content\/uploads\/2012\/09\/apartman-hotel-obertraun-12-150x150.jpg\" class=\"attachment-thumbnail size-thumbnail\" alt=\"\" decoding=\"async\" loading=\"lazy\" aria-describedby=\"gallery-2-1325\" srcset=\"http:\/\/seerose-obertraun.com\/wp-content\/uploads\/2012\/09\/apartman-hotel-obertraun-12-150x150.jpg 150w, http:\/\/seerose-obertraun.com\/wp-content\/uploads\/2012\/09\/apartman-hotel-obertraun-12-100x100.jpg 100w, http:\/\/seerose-obertraun.com\/wp-content\/uploads\/2012\/09\/apartman-hotel-obertraun-12-55x55.jpg 55w\" sizes=\"(max-width: 150px) 100vw, 150px\" \/><\/a>\n\t\t\t<\/dt>\n\t\t\t\t<dd class='wp-caption-text gallery-caption' id='gallery-2-1325'>\n\t\t\t\tJ\u00f3l felszerelt konyh\u00e1k\n\t\t\t\t<\/dd><\/dl><dl class='gallery-item'>\n\t\t\t<dt class='gallery-icon landscape'>\n\t\t\t\t<a href='http:\/\/seerose-obertraun.com\/wp-content\/uploads\/2012\/09\/apartman-hotel-obertraun-21.jpg' rel=\"fancyimg\"><img width=\"150\" height=\"150\" src=\"http:\/\/seerose-obertraun.com\/wp-content\/uploads\/2012\/09\/apartman-hotel-obertraun-21-150x150.jpg\" class=\"attachment-thumbnail size-thumbnail\" alt=\"\" decoding=\"async\" loading=\"lazy\" aria-describedby=\"gallery-2-1334\" srcset=\"http:\/\/seerose-obertraun.com\/wp-content\/uploads\/2012\/09\/apartman-hotel-obertraun-21-150x150.jpg 150w, http:\/\/seerose-obertraun.com\/wp-content\/uploads\/2012\/09\/apartman-hotel-obertraun-21-100x100.jpg 100w, http:\/\/seerose-obertraun.com\/wp-content\/uploads\/2012\/09\/apartman-hotel-obertraun-21-55x55.jpg 55w\" sizes=\"(max-width: 150px) 100vw, 150px\" \/><\/a>\n\t\t\t<\/dt>\n\t\t\t\t<dd class='wp-caption-text gallery-caption' id='gallery-2-1334'>\n\t\t\t\tNagy nappali 3 h\u00e1l\u00f3szob\u00e1val\n\t\t\t\t<\/dd><\/dl><br style=\"clear: both\" \/><dl class='gallery-item'>\n\t\t\t<dt class='gallery-icon landscape'>\n\t\t\t\t<a href='http:\/\/seerose-obertraun.com\/wp-content\/uploads\/2012\/09\/apartman-hotel-obertraun-14.jpg' rel=\"fancyimg\"><img width=\"150\" height=\"150\" src=\"http:\/\/seerose-obertraun.com\/wp-content\/uploads\/2012\/09\/apartman-hotel-obertraun-14-150x150.jpg\" class=\"attachment-thumbnail size-thumbnail\" alt=\"\" decoding=\"async\" loading=\"lazy\" aria-describedby=\"gallery-2-1327\" srcset=\"http:\/\/seerose-obertraun.com\/wp-content\/uploads\/2012\/09\/apartman-hotel-obertraun-14-150x150.jpg 150w, http:\/\/seerose-obertraun.com\/wp-content\/uploads\/2012\/09\/apartman-hotel-obertraun-14-100x100.jpg 100w, http:\/\/seerose-obertraun.com\/wp-content\/uploads\/2012\/09\/apartman-hotel-obertraun-14-55x55.jpg 55w\" sizes=\"(max-width: 150px) 100vw, 150px\" \/><\/a>\n\t\t\t<\/dt>\n\t\t\t\t<dd class='wp-caption-text gallery-caption' id='gallery-2-1327'>\n\t\t\t\tF\u00fcrd\u0151szoba zuhanyz\u00f3val\n\t\t\t\t<\/dd><\/dl>\n\t\t\t<br style='clear: both' \/>\n\t\t<\/div>\n\n<hr \/>\n<p><\/p>","protected":false},"excerpt":{"rendered":"<p>Az apartmanok teljesen felszelet konyh\u00e1val vannak ell\u00e1tva. Az erk\u00e9lyekr\u0151l csod\u00e1latos kil\u00e1t\u00e1s ny\u00edlik a hegyekre, illetve a t\u00f3ra. Minden lakr\u00e9szhez tartozik egy \u00e9tkez\u0151, valamint van a szob\u00e1kban lapos k\u00e9perny\u0151j\u0171 m\u0171holdas telev\u00edzi\u00f3 DVD lej\u00e1tsz\u00f3val, \u00e9s szabadon haszn\u00e1lhat\u00f3 a ki\u00e9p\u00edtett WIFI h\u00e1l\u00f3zat. Az \u00e1gynem\u0171k \u00e9s t\u00f6r\u00f6lk\u00f6z\u0151k biztos\u00edtottak. Az apartmanok p\u00f3t\u00e1gyazhat\u00f3k, a d\u00edv\u00e1nyok \u00e1talak\u00edt\u00e1s\u00e1val, n\u00e9mely szob\u00e1kban k\u00e9t ilyen d\u00edv\u00e1ny<\/p>\n","protected":false},"author":1,"featured_media":0,"parent":0,"menu_order":0,"comment_status":"closed","ping_status":"closed","template":"","meta":[],"aioseo_notices":[],"_links":{"self":[{"href":"http:\/\/seerose-obertraun.com\/hu\/wp-json\/wp\/v2\/pages\/309"}],"collection":[{"href":"http:\/\/seerose-obertraun.com\/hu\/wp-json\/wp\/v2\/pages"}],"about":[{"href":"http:\/\/seerose-obertraun.com\/hu\/wp-json\/wp\/v2\/types\/page"}],"author":[{"embeddable":true,"href":"http:\/\/seerose-obertraun.com\/hu\/wp-json\/wp\/v2\/users\/1"}],"replies":[{"embeddable":true,"href":"http:\/\/seerose-obertraun.com\/hu\/wp-json\/wp\/v2\/comments?post=309"}],"version-history":[{"count":18,"href":"http:\/\/seerose-obertraun.com\/hu\/wp-json\/wp\/v2\/pages\/309\/revisions"}],"predecessor-version":[{"id":11667,"href":"http:\/\/seerose-obertraun.com\/hu\/wp-json\/wp\/v2\/pages\/309\/revisions\/11667"}],"wp:attachment":[{"href":"http:\/\/seerose-obertraun.com\/hu\/wp-json\/wp\/v2\/media?parent=309"}],"curies":[{"name":"wp","href":"https:\/\/api.w.org\/{rel}","templated":true}]}}